{"id":93083,"date":"2024-05-20T17:53:37","date_gmt":"2024-05-20T15:53:37","guid":{"rendered":"https:\/\/logicaisse.ma\/?post_type=product&#038;p=93083"},"modified":"2024-05-20T17:54:15","modified_gmt":"2024-05-20T15:54:15","slug":"zkb104","status":"publish","type":"product","link":"https:\/\/logicaisse.ma\/index.php\/produit\/zkb104\/","title":{"rendered":"ZKB104 sans Fil"},"content":{"rendered":"<h3><strong>FONCTIONNALITES SCANNER CODE BARRE :<\/strong><\/h3>\n<ul>\n<li>Structure de lumi\u00e8re rouge int\u00e9gr\u00e9e, anti-vibration.<\/li>\n<li>Le MCU hautes performances est utilis\u00e9 pour identifier facilement tous les codes-barres unidimensionnels courants du march\u00e9.<\/li>\n<li>Capable de lire les codes-barres sur diff\u00e9rents supports tels que le papier, le plastique, l\u2019\u00e9cran et autres, avec la technologie Red Light CCD.<\/li>\n<li><span class=\"Y2IQFc\" lang=\"fr\">Technologie de transmission sans fil 2.4G am\u00e9lior\u00e9e, distance de transmission ouverte ext\u00e9rieure fiable jusqu\u2019\u00e0 150 m\u00e8tres, tout en prenant en charge la transmission filaire sans commutationPrend en charge plusieurs modes de travail (manuel, longue lumi\u00e8re, clignotant).<\/span><\/li>\n<li><span class=\"Y2IQFc\" lang=\"fr\">Stockage de 16 Mo, prise en charge de la num\u00e9risation et du transfert en mode synchrone, prise en charge du mode de stockage et stockage de plus de 100 000 codes de produits en grande capacit\u00e9<\/span><\/li>\n<\/ul>\n<h3><strong>SCANNER SPECIFICATION\u00a0:<\/strong><\/h3>\n<ul>\n<li>Nom du mod\u00e8le\u00a0<strong>ZKB104<\/strong><\/li>\n<li>Dimensions 175 mm \u00d7 72 mm \u00d7 100 mm<\/li>\n<li>Poids 160g (sans fil)<\/li>\n<li>Longueur du c\u00e2ble 1,8 m<\/li>\n<li>Type d\u2019interface USB standard (pleine vitesse, USB 2.0)<\/li>\n<li>Mat\u00e9riel ABS + PC<\/li>\n<li>La couleur noire<\/li>\n<li>Indicateurs utilisateur LED, buzzer<\/li>\n<li>Source lumineuse Diode laser visible, longueur d\u2019onde: 525 nm<\/li>\n<li>Processeur ARM32 bits<\/li>\n<li>Temps de d\u00e9marrage 4s<\/li>\n<li>Capacit\u00e9 analytique 1D: \u22653mil\/0.076mm@PCS90%<\/li>\n<li>Profondeur de mise au point 0-50 cm<\/li>\n<li>Mode de num\u00e9risation Num\u00e9risation manuelle, num\u00e9risation automatique<\/li>\n<li>Angle de lecture Rouleau: \u00b1 40 \u00b0; Pas: \u00b1 60 \u00b0 (ou plus); Lacet: \u00b1 50 \u00b0 (ou plus)<\/li>\n<li>Champ de vision Horizontal 40 \u00b0, Vertical 30 \u00b0<\/li>\n<li>Tol\u00e9rance de mouvement 2,3 m \/ s<\/li>\n<li>Puissance 85mA, 5V DC<\/li>\n<li>Niveaux d\u2019\u00e9clairage 5000Lux<\/li>\n<li>Capacit\u00e9s de d\u00e9codage EAN \/ JAN-8, EAN \/ JAN-13, UPC-A, UPC-E, CODE 39, CODE 93, CODE128, Codabar, GS1-128,<\/li>\n<li>Interleaved 2 of 5, MSI, ISBN \/ ISSN, ISBT, etc. .<\/li>\n<li>Exploitation temporaire. -20 \u00b0 C \u00e0 50 \u00b0 C<\/li>\n<li>Temp\u00e9rature de stockage -40 \u00b0 C \u00e0 60 \u00b0 C<\/li>\n<li>Humidit\u00e9 relative 5% \u00e0 95% (sans condensation)<\/li>\n<li>Protection IP54<\/li>\n<\/ul>\n","protected":false},"excerpt":{"rendered":"<p>Le\u00a0<strong>ZKB104<\/strong>\u00a0est un scanner de\u00a0<strong>codes-barres<\/strong>\u00a0industriel \u00e0 main unidimensionnel de type\u00a0<strong>pistolet<\/strong>\u00a0qui offre de bonnes performances de lecture. Il peut facilement lire les codes-barres sur diff\u00e9rents supports tels que\u00a0<strong>le papier<\/strong>,\u00a0<strong>la marchandise<\/strong>\u00a0et\u00a0<strong>l\u2019\u00e9cran<\/strong>. Il peut \u00eatre principalement utilis\u00e9 dans le paiement mobile, la lecture de codes-barres, la v\u00e9rification d\u2019inventaire, etc.<\/p>\n<p id=\"tw-target-text\" class=\"tw-data-text tw-text-large XcVN5d tw-ta\" dir=\"ltr\" data-placeholder=\"Traduction\"><span class=\"Y2IQFc\" lang=\"fr\">Le produit adopte une technologie de transmission sans fil 2.4G am\u00e9lior\u00e9e. La distance effective de l\u2019environnement ext\u00e9rieur peut atteindre plus de 150 m\u00e8tres et prendre en charge les modes de transmission filaire et sans fil.<\/span><\/p>\n","protected":false},"featured_media":93084,"template":"","meta":{"_joinchat":[]},"product_brand":[],"product_cat":[79],"product_tag":[],"class_list":{"0":"post-93083","1":"product","2":"type-product","3":"status-publish","4":"has-post-thumbnail","6":"product_cat-materiels-de-caisse","8":"first","9":"instock","10":"shipping-taxable","11":"purchasable","12":"product-type-simple"},"yoast_head":"<!-- This site is optimized with the Yoast SEO plugin v25.6 - https:\/\/yoast.com\/wordpress\/plugins\/seo\/ -->\n<title>ZKB104 sans Fil - Logicaisse<\/title>\n<meta name=\"description\" content=\"Le\u00a0ZKB104\u00a0est un scanner de\u00a0codes-barres\u00a0industriel \u00e0 main unidimensionnel de type\u00a0pistolet\u00a0qui offre de bonnes performances de lecture.\" \/>\n<meta name=\"robots\" content=\"index, follow, max-snippet:-1, max-image-preview:large, max-video-preview:-1\" \/>\n<link rel=\"canonical\" href=\"https:\/\/logicaisse.ma\/index.php\/produit\/zkb104\/\" \/>\n<meta property=\"og:locale\" content=\"fr_FR\" \/>\n<meta property=\"og:type\" content=\"article\" \/>\n<meta property=\"og:title\" content=\"ZKB104 sans Fil - Logicaisse\" \/>\n<meta property=\"og:description\" content=\"Le\u00a0ZKB104\u00a0est un scanner de\u00a0codes-barres\u00a0industriel \u00e0 main unidimensionnel de type\u00a0pistolet\u00a0qui offre de bonnes performances de lecture.\" \/>\n<meta property=\"og:url\" content=\"https:\/\/logicaisse.ma\/index.php\/produit\/zkb104\/\" \/>\n<meta property=\"og:site_name\" content=\"Logicaisse\" \/>\n<meta property=\"article:publisher\" content=\"https:\/\/web.facebook.com\/logicaisse\/\" \/>\n<meta property=\"article:modified_time\" content=\"2024-05-20T15:54:15+00:00\" \/>\n<meta property=\"og:image\" content=\"https:\/\/logicaisse.ma\/wp-content\/uploads\/2024\/05\/ZKB103-ZKTECOPOS-600x600-1.png\" \/>\n\t<meta property=\"og:image:width\" content=\"600\" \/>\n\t<meta property=\"og:image:height\" content=\"600\" \/>\n\t<meta property=\"og:image:type\" content=\"image\/png\" \/>\n<meta name=\"twitter:card\" content=\"summary_large_image\" \/>\n<meta name=\"twitter:label1\" content=\"Dur\u00e9e de lecture estim\u00e9e\" \/>\n\t<meta name=\"twitter:data1\" content=\"2 minutes\" \/>\n<script type=\"application\/ld+json\" class=\"yoast-schema-graph\">{\"@context\":\"https:\/\/schema.org\",\"@graph\":[{\"@type\":\"WebPage\",\"@id\":\"https:\/\/logicaisse.ma\/index.php\/produit\/zkb104\/\",\"url\":\"https:\/\/logicaisse.ma\/index.php\/produit\/zkb104\/\",\"name\":\"ZKB104 sans Fil - Logicaisse\",\"isPartOf\":{\"@id\":\"https:\/\/logicaisse.ma\/#website\"},\"primaryImageOfPage\":{\"@id\":\"https:\/\/logicaisse.ma\/index.php\/produit\/zkb104\/#primaryimage\"},\"image\":{\"@id\":\"https:\/\/logicaisse.ma\/index.php\/produit\/zkb104\/#primaryimage\"},\"thumbnailUrl\":\"https:\/\/logicaisse.ma\/wp-content\/uploads\/2024\/05\/ZKB103-ZKTECOPOS-600x600-1.png\",\"datePublished\":\"2024-05-20T15:53:37+00:00\",\"dateModified\":\"2024-05-20T15:54:15+00:00\",\"description\":\"Le\u00a0ZKB104\u00a0est un scanner de\u00a0codes-barres\u00a0industriel \u00e0 main unidimensionnel de type\u00a0pistolet\u00a0qui offre de bonnes performances de lecture.\",\"breadcrumb\":{\"@id\":\"https:\/\/logicaisse.ma\/index.php\/produit\/zkb104\/#breadcrumb\"},\"inLanguage\":\"fr-FR\",\"potentialAction\":[{\"@type\":\"ReadAction\",\"target\":[\"https:\/\/logicaisse.ma\/index.php\/produit\/zkb104\/\"]}]},{\"@type\":\"ImageObject\",\"inLanguage\":\"fr-FR\",\"@id\":\"https:\/\/logicaisse.ma\/index.php\/produit\/zkb104\/#primaryimage\",\"url\":\"https:\/\/logicaisse.ma\/wp-content\/uploads\/2024\/05\/ZKB103-ZKTECOPOS-600x600-1.png\",\"contentUrl\":\"https:\/\/logicaisse.ma\/wp-content\/uploads\/2024\/05\/ZKB103-ZKTECOPOS-600x600-1.png\",\"width\":600,\"height\":600},{\"@type\":\"BreadcrumbList\",\"@id\":\"https:\/\/logicaisse.ma\/index.php\/produit\/zkb104\/#breadcrumb\",\"itemListElement\":[{\"@type\":\"ListItem\",\"position\":1,\"name\":\"Accueil\",\"item\":\"https:\/\/logicaisse.ma\/\"},{\"@type\":\"ListItem\",\"position\":2,\"name\":\"Boutique\",\"item\":\"https:\/\/logicaisse.ma\/index.php\/boutique\/\"},{\"@type\":\"ListItem\",\"position\":3,\"name\":\"ZKB104 sans Fil\"}]},{\"@type\":\"WebSite\",\"@id\":\"https:\/\/logicaisse.ma\/#website\",\"url\":\"https:\/\/logicaisse.ma\/\",\"name\":\"Logicaisse\",\"description\":\"Logiciel de Caisse et Gestion de Stock au Maroc\",\"publisher\":{\"@id\":\"https:\/\/logicaisse.ma\/#organization\"},\"alternateName\":\"Logicaisse Maroc\",\"potentialAction\":[{\"@type\":\"SearchAction\",\"target\":{\"@type\":\"EntryPoint\",\"urlTemplate\":\"https:\/\/logicaisse.ma\/?s={search_term_string}\"},\"query-input\":{\"@type\":\"PropertyValueSpecification\",\"valueRequired\":true,\"valueName\":\"search_term_string\"}}],\"inLanguage\":\"fr-FR\"},{\"@type\":\"Organization\",\"@id\":\"https:\/\/logicaisse.ma\/#organization\",\"name\":\"Logicaisse.ma\",\"alternateName\":\"LOGICAISSE\",\"url\":\"https:\/\/logicaisse.ma\/\",\"logo\":{\"@type\":\"ImageObject\",\"inLanguage\":\"fr-FR\",\"@id\":\"https:\/\/logicaisse.ma\/#\/schema\/logo\/image\/\",\"url\":\"https:\/\/logicaisse.ma\/wp-content\/uploads\/2023\/04\/logilogo-3.png\",\"contentUrl\":\"https:\/\/logicaisse.ma\/wp-content\/uploads\/2023\/04\/logilogo-3.png\",\"width\":1022,\"height\":305,\"caption\":\"Logicaisse.ma\"},\"image\":{\"@id\":\"https:\/\/logicaisse.ma\/#\/schema\/logo\/image\/\"},\"sameAs\":[\"https:\/\/web.facebook.com\/logicaisse\/\"]}]}<\/script>\n<!-- \/ Yoast SEO plugin. -->","yoast_head_json":{"title":"ZKB104 sans Fil - Logicaisse","description":"Le\u00a0ZKB104\u00a0est un scanner de\u00a0codes-barres\u00a0industriel \u00e0 main unidimensionnel de type\u00a0pistolet\u00a0qui offre de bonnes performances de lecture.","robots":{"index":"index","follow":"follow","max-snippet":"max-snippet:-1","max-image-preview":"max-image-preview:large","max-video-preview":"max-video-preview:-1"},"canonical":"https:\/\/logicaisse.ma\/index.php\/produit\/zkb104\/","og_locale":"fr_FR","og_type":"article","og_title":"ZKB104 sans Fil - Logicaisse","og_description":"Le\u00a0ZKB104\u00a0est un scanner de\u00a0codes-barres\u00a0industriel \u00e0 main unidimensionnel de type\u00a0pistolet\u00a0qui offre de bonnes performances de lecture.","og_url":"https:\/\/logicaisse.ma\/index.php\/produit\/zkb104\/","og_site_name":"Logicaisse","article_publisher":"https:\/\/web.facebook.com\/logicaisse\/","article_modified_time":"2024-05-20T15:54:15+00:00","og_image":[{"width":600,"height":600,"url":"https:\/\/logicaisse.ma\/wp-content\/uploads\/2024\/05\/ZKB103-ZKTECOPOS-600x600-1.png","type":"image\/png"}],"twitter_card":"summary_large_image","twitter_misc":{"Dur\u00e9e de lecture estim\u00e9e":"2 minutes"},"schema":{"@context":"https:\/\/schema.org","@graph":[{"@type":"WebPage","@id":"https:\/\/logicaisse.ma\/index.php\/produit\/zkb104\/","url":"https:\/\/logicaisse.ma\/index.php\/produit\/zkb104\/","name":"ZKB104 sans Fil - Logicaisse","isPartOf":{"@id":"https:\/\/logicaisse.ma\/#website"},"primaryImageOfPage":{"@id":"https:\/\/logicaisse.ma\/index.php\/produit\/zkb104\/#primaryimage"},"image":{"@id":"https:\/\/logicaisse.ma\/index.php\/produit\/zkb104\/#primaryimage"},"thumbnailUrl":"https:\/\/logicaisse.ma\/wp-content\/uploads\/2024\/05\/ZKB103-ZKTECOPOS-600x600-1.png","datePublished":"2024-05-20T15:53:37+00:00","dateModified":"2024-05-20T15:54:15+00:00","description":"Le\u00a0ZKB104\u00a0est un scanner de\u00a0codes-barres\u00a0industriel \u00e0 main unidimensionnel de type\u00a0pistolet\u00a0qui offre de bonnes performances de lecture.","breadcrumb":{"@id":"https:\/\/logicaisse.ma\/index.php\/produit\/zkb104\/#breadcrumb"},"inLanguage":"fr-FR","potentialAction":[{"@type":"ReadAction","target":["https:\/\/logicaisse.ma\/index.php\/produit\/zkb104\/"]}]},{"@type":"ImageObject","inLanguage":"fr-FR","@id":"https:\/\/logicaisse.ma\/index.php\/produit\/zkb104\/#primaryimage","url":"https:\/\/logicaisse.ma\/wp-content\/uploads\/2024\/05\/ZKB103-ZKTECOPOS-600x600-1.png","contentUrl":"https:\/\/logicaisse.ma\/wp-content\/uploads\/2024\/05\/ZKB103-ZKTECOPOS-600x600-1.png","width":600,"height":600},{"@type":"BreadcrumbList","@id":"https:\/\/logicaisse.ma\/index.php\/produit\/zkb104\/#breadcrumb","itemListElement":[{"@type":"ListItem","position":1,"name":"Accueil","item":"https:\/\/logicaisse.ma\/"},{"@type":"ListItem","position":2,"name":"Boutique","item":"https:\/\/logicaisse.ma\/index.php\/boutique\/"},{"@type":"ListItem","position":3,"name":"ZKB104 sans Fil"}]},{"@type":"WebSite","@id":"https:\/\/logicaisse.ma\/#website","url":"https:\/\/logicaisse.ma\/","name":"Logicaisse","description":"Logiciel de Caisse et Gestion de Stock au Maroc","publisher":{"@id":"https:\/\/logicaisse.ma\/#organization"},"alternateName":"Logicaisse Maroc","potentialAction":[{"@type":"SearchAction","target":{"@type":"EntryPoint","urlTemplate":"https:\/\/logicaisse.ma\/?s={search_term_string}"},"query-input":{"@type":"PropertyValueSpecification","valueRequired":true,"valueName":"search_term_string"}}],"inLanguage":"fr-FR"},{"@type":"Organization","@id":"https:\/\/logicaisse.ma\/#organization","name":"Logicaisse.ma","alternateName":"LOGICAISSE","url":"https:\/\/logicaisse.ma\/","logo":{"@type":"ImageObject","inLanguage":"fr-FR","@id":"https:\/\/logicaisse.ma\/#\/schema\/logo\/image\/","url":"https:\/\/logicaisse.ma\/wp-content\/uploads\/2023\/04\/logilogo-3.png","contentUrl":"https:\/\/logicaisse.ma\/wp-content\/uploads\/2023\/04\/logilogo-3.png","width":1022,"height":305,"caption":"Logicaisse.ma"},"image":{"@id":"https:\/\/logicaisse.ma\/#\/schema\/logo\/image\/"},"sameAs":["https:\/\/web.facebook.com\/logicaisse\/"]}]}},"_links":{"self":[{"href":"https:\/\/logicaisse.ma\/index.php\/wp-json\/wp\/v2\/product\/93083","targetHints":{"allow":["GET"]}}],"collection":[{"href":"https:\/\/logicaisse.ma\/index.php\/wp-json\/wp\/v2\/product"}],"about":[{"href":"https:\/\/logicaisse.ma\/index.php\/wp-json\/wp\/v2\/types\/product"}],"wp:featuredmedia":[{"embeddable":true,"href":"https:\/\/logicaisse.ma\/index.php\/wp-json\/wp\/v2\/media\/93084"}],"wp:attachment":[{"href":"https:\/\/logicaisse.ma\/index.php\/wp-json\/wp\/v2\/media?parent=93083"}],"wp:term":[{"taxonomy":"product_brand","embeddable":true,"href":"https:\/\/logicaisse.ma\/index.php\/wp-json\/wp\/v2\/product_brand?post=93083"},{"taxonomy":"product_cat","embeddable":true,"href":"https:\/\/logicaisse.ma\/index.php\/wp-json\/wp\/v2\/product_cat?post=93083"},{"taxonomy":"product_tag","embeddable":true,"href":"https:\/\/logicaisse.ma\/index.php\/wp-json\/wp\/v2\/product_tag?post=93083"}],"curies":[{"name":"wp","href":"https:\/\/api.w.org\/{rel}","templated":true}]}}