{"id":92996,"date":"2024-03-08T02:16:26","date_gmt":"2024-03-08T01:16:26","guid":{"rendered":"https:\/\/logicaisse.ma\/?post_type=product&#038;p=92996"},"modified":"2024-03-08T02:16:28","modified_gmt":"2024-03-08T01:16:28","slug":"zkbio510","status":"publish","type":"product","link":"https:\/\/logicaisse.ma\/index.php\/produit\/zkbio510\/","title":{"rendered":"ZKBio510"},"content":{"rendered":"<h3><strong>TERMINAL CAISSE ENREGISTREUSE SPECIFICATION\u00a0:<\/strong><\/h3>\n<ul>\n<li>Nom du mod\u00e8le\u00a0<strong>ZKBio510<\/strong><\/li>\n<li>Processeur Processeur quadric\u0153ur Intel\u00ae Celeron J1900 (2,0 GHz)<\/li>\n<li>M\u00e9moire syst\u00e8me 4 Go Standard, DDR3L 1333 MHz (8 Go max.)<\/li>\n<li>P\u00e9riph\u00e9rique de stockage 64 Go Msata SSD Standard, 1 * 2,5 \u201d HDD \/ 2,5 \u201d SSD<\/li>\n<li>Syst\u00e8me d\u2019exploitation pris en charge Windows 7, Windows 8, Windows 10 IoT Enterprise, POS Ready 7, Linux<\/li>\n<li>Audio Realtek ALC662<\/li>\n<li>Type LCD TFT 15 pouces, r\u00e9tro\u00e9clairage LED<\/li>\n<li>Max. R\u00e9solution 1024 * 768<\/li>\n<li>\u00c9cran tactile analogique \u00e0 cinq fils r\u00e9sistif ou capacitif projet\u00e9<\/li>\n<li>Affichage du client LED (tube num\u00e9rique 8C)<\/li>\n<li>Ports E \/ 0 externes<\/li>\n<li>VGA 1 * DB-15<\/li>\n<li>USB 5 * USB 2.0 et 1 * USB 3.0<\/li>\n<li>S\u00e9rie 1 * RS232 (4 pi\u00e8ces maximum)<\/li>\n<li>LAN 1 * RJ45<\/li>\n<li>Sortie audio 1 *<\/li>\n<li>Adaptateur d\u2019alimentation 12V DC 5A<\/li>\n<li>Environnement physique<\/li>\n<li>Temp\u00e9rature de fonctionnement 0 \u2103 ~ 35 \u2103 \u00e0 20% -80% d\u2019humidit\u00e9<\/li>\n<li>Temp\u00e9rature de stockage \u2013 20 \u2103 ~ 55 \u2103 \u00e0 20% -80% d\u2019humidit\u00e9<\/li>\n<li>Certification CE FCC<\/li>\n<li>Couleur noire<\/li>\n<li>2e \u00e9cran LCD TFT 12,1 pouces<\/li>\n<li>Affichage client (VFD) 20 colonnes * 2 lignes<\/li>\n<li>Pistes MSR 3<\/li>\n<li>Lecteur d\u2019empreintes digitales USB (SLK20R)<\/li>\n<\/ul>\n","protected":false},"excerpt":{"rendered":"<p><strong>Caisse enregistreuse ZKBio510:<\/strong><\/p>\n<ul>\n<li>Processeur quadric\u0153ur Intel\u00ae Celeron J1900 2,0 GHz \u00e9conome en \u00e9nergie<\/li>\n<li>\u00c9cran v\u00e9ritablement plat de 15 pouces sans cadre avec \u00e9cran tactile PCAP<\/li>\n<li>Plusieurs interfaces E \/ S pour les p\u00e9riph\u00e9riques<\/li>\n<li>Standard avec 4 Go de RAM et 64 Go de SSD<\/li>\n<li>MSR 3 pistes en option, VFD attach\u00e9 et \u00e9cran client de 12,1 po<\/li>\n<li>Installation et maintenabilit\u00e9 plus rapides<\/li>\n<li>Support double charni\u00e8re, support de table et support VESA standard<\/li>\n<\/ul>\n","protected":false},"featured_media":92997,"template":"","meta":{"_joinchat":[]},"product_brand":[],"product_cat":[79],"product_tag":[],"class_list":{"0":"post-92996","1":"product","2":"type-product","3":"status-publish","4":"has-post-thumbnail","6":"product_cat-materiels-de-caisse","8":"first","9":"instock","10":"shipping-taxable","11":"purchasable","12":"product-type-simple"},"yoast_head":"<!-- This site is optimized with the Yoast SEO plugin v25.6 - https:\/\/yoast.com\/wordpress\/plugins\/seo\/ -->\n<title>ZKBio510 - Logicaisse<\/title>\n<meta name=\"description\" content=\"Caisse enregistreuse ZKBio510:Processeur quadric\u0153ur Intel\u00ae Celeron J1900 2,0 GHz \u00e9conome en \u00e9nergie\u00c9cran v\u00e9ritablement plat de 15 pouces\" \/>\n<meta name=\"robots\" content=\"index, follow, max-snippet:-1, max-image-preview:large, max-video-preview:-1\" \/>\n<link rel=\"canonical\" href=\"https:\/\/logicaisse.ma\/index.php\/produit\/zkbio510\/\" \/>\n<meta property=\"og:locale\" content=\"fr_FR\" \/>\n<meta property=\"og:type\" content=\"article\" \/>\n<meta property=\"og:title\" content=\"ZKBio510 - Logicaisse\" \/>\n<meta property=\"og:description\" content=\"Caisse enregistreuse ZKBio510:Processeur quadric\u0153ur Intel\u00ae Celeron J1900 2,0 GHz \u00e9conome en \u00e9nergie\u00c9cran v\u00e9ritablement plat de 15 pouces\" \/>\n<meta property=\"og:url\" content=\"https:\/\/logicaisse.ma\/index.php\/produit\/zkbio510\/\" \/>\n<meta property=\"og:site_name\" content=\"Logicaisse\" \/>\n<meta property=\"article:publisher\" content=\"https:\/\/web.facebook.com\/logicaisse\/\" \/>\n<meta property=\"article:modified_time\" content=\"2024-03-08T01:16:28+00:00\" \/>\n<meta property=\"og:image\" content=\"https:\/\/logicaisse.ma\/wp-content\/uploads\/2024\/03\/ZKBio510-caisse-enregistreuse-maroc-1.png\" \/>\n\t<meta property=\"og:image:width\" content=\"710\" \/>\n\t<meta property=\"og:image:height\" content=\"710\" \/>\n\t<meta property=\"og:image:type\" content=\"image\/png\" \/>\n<meta name=\"twitter:card\" content=\"summary_large_image\" \/>\n<meta name=\"twitter:label1\" content=\"Dur\u00e9e de lecture estim\u00e9e\" \/>\n\t<meta name=\"twitter:data1\" content=\"2 minutes\" \/>\n<script type=\"application\/ld+json\" class=\"yoast-schema-graph\">{\"@context\":\"https:\/\/schema.org\",\"@graph\":[{\"@type\":\"WebPage\",\"@id\":\"https:\/\/logicaisse.ma\/index.php\/produit\/zkbio510\/\",\"url\":\"https:\/\/logicaisse.ma\/index.php\/produit\/zkbio510\/\",\"name\":\"ZKBio510 - Logicaisse\",\"isPartOf\":{\"@id\":\"https:\/\/logicaisse.ma\/#website\"},\"primaryImageOfPage\":{\"@id\":\"https:\/\/logicaisse.ma\/index.php\/produit\/zkbio510\/#primaryimage\"},\"image\":{\"@id\":\"https:\/\/logicaisse.ma\/index.php\/produit\/zkbio510\/#primaryimage\"},\"thumbnailUrl\":\"https:\/\/logicaisse.ma\/wp-content\/uploads\/2024\/03\/ZKBio510-caisse-enregistreuse-maroc-1.png\",\"datePublished\":\"2024-03-08T01:16:26+00:00\",\"dateModified\":\"2024-03-08T01:16:28+00:00\",\"description\":\"Caisse enregistreuse ZKBio510:Processeur quadric\u0153ur Intel\u00ae Celeron J1900 2,0 GHz \u00e9conome en \u00e9nergie\u00c9cran v\u00e9ritablement plat de 15 pouces\",\"breadcrumb\":{\"@id\":\"https:\/\/logicaisse.ma\/index.php\/produit\/zkbio510\/#breadcrumb\"},\"inLanguage\":\"fr-FR\",\"potentialAction\":[{\"@type\":\"ReadAction\",\"target\":[\"https:\/\/logicaisse.ma\/index.php\/produit\/zkbio510\/\"]}]},{\"@type\":\"ImageObject\",\"inLanguage\":\"fr-FR\",\"@id\":\"https:\/\/logicaisse.ma\/index.php\/produit\/zkbio510\/#primaryimage\",\"url\":\"https:\/\/logicaisse.ma\/wp-content\/uploads\/2024\/03\/ZKBio510-caisse-enregistreuse-maroc-1.png\",\"contentUrl\":\"https:\/\/logicaisse.ma\/wp-content\/uploads\/2024\/03\/ZKBio510-caisse-enregistreuse-maroc-1.png\",\"width\":710,\"height\":710},{\"@type\":\"BreadcrumbList\",\"@id\":\"https:\/\/logicaisse.ma\/index.php\/produit\/zkbio510\/#breadcrumb\",\"itemListElement\":[{\"@type\":\"ListItem\",\"position\":1,\"name\":\"Accueil\",\"item\":\"https:\/\/logicaisse.ma\/\"},{\"@type\":\"ListItem\",\"position\":2,\"name\":\"Boutique\",\"item\":\"https:\/\/logicaisse.ma\/index.php\/boutique\/\"},{\"@type\":\"ListItem\",\"position\":3,\"name\":\"ZKBio510\"}]},{\"@type\":\"WebSite\",\"@id\":\"https:\/\/logicaisse.ma\/#website\",\"url\":\"https:\/\/logicaisse.ma\/\",\"name\":\"Logicaisse\",\"description\":\"Logiciel de Caisse et Gestion de Stock au Maroc\",\"publisher\":{\"@id\":\"https:\/\/logicaisse.ma\/#organization\"},\"alternateName\":\"Logicaisse Maroc\",\"potentialAction\":[{\"@type\":\"SearchAction\",\"target\":{\"@type\":\"EntryPoint\",\"urlTemplate\":\"https:\/\/logicaisse.ma\/?s={search_term_string}\"},\"query-input\":{\"@type\":\"PropertyValueSpecification\",\"valueRequired\":true,\"valueName\":\"search_term_string\"}}],\"inLanguage\":\"fr-FR\"},{\"@type\":\"Organization\",\"@id\":\"https:\/\/logicaisse.ma\/#organization\",\"name\":\"Logicaisse.ma\",\"alternateName\":\"LOGICAISSE\",\"url\":\"https:\/\/logicaisse.ma\/\",\"logo\":{\"@type\":\"ImageObject\",\"inLanguage\":\"fr-FR\",\"@id\":\"https:\/\/logicaisse.ma\/#\/schema\/logo\/image\/\",\"url\":\"https:\/\/logicaisse.ma\/wp-content\/uploads\/2023\/04\/logilogo-3.png\",\"contentUrl\":\"https:\/\/logicaisse.ma\/wp-content\/uploads\/2023\/04\/logilogo-3.png\",\"width\":1022,\"height\":305,\"caption\":\"Logicaisse.ma\"},\"image\":{\"@id\":\"https:\/\/logicaisse.ma\/#\/schema\/logo\/image\/\"},\"sameAs\":[\"https:\/\/web.facebook.com\/logicaisse\/\"]}]}<\/script>\n<!-- \/ Yoast SEO plugin. -->","yoast_head_json":{"title":"ZKBio510 - Logicaisse","description":"Caisse enregistreuse ZKBio510:Processeur quadric\u0153ur Intel\u00ae Celeron J1900 2,0 GHz \u00e9conome en \u00e9nergie\u00c9cran v\u00e9ritablement plat de 15 pouces","robots":{"index":"index","follow":"follow","max-snippet":"max-snippet:-1","max-image-preview":"max-image-preview:large","max-video-preview":"max-video-preview:-1"},"canonical":"https:\/\/logicaisse.ma\/index.php\/produit\/zkbio510\/","og_locale":"fr_FR","og_type":"article","og_title":"ZKBio510 - Logicaisse","og_description":"Caisse enregistreuse ZKBio510:Processeur quadric\u0153ur Intel\u00ae Celeron J1900 2,0 GHz \u00e9conome en \u00e9nergie\u00c9cran v\u00e9ritablement plat de 15 pouces","og_url":"https:\/\/logicaisse.ma\/index.php\/produit\/zkbio510\/","og_site_name":"Logicaisse","article_publisher":"https:\/\/web.facebook.com\/logicaisse\/","article_modified_time":"2024-03-08T01:16:28+00:00","og_image":[{"width":710,"height":710,"url":"https:\/\/logicaisse.ma\/wp-content\/uploads\/2024\/03\/ZKBio510-caisse-enregistreuse-maroc-1.png","type":"image\/png"}],"twitter_card":"summary_large_image","twitter_misc":{"Dur\u00e9e de lecture estim\u00e9e":"2 minutes"},"schema":{"@context":"https:\/\/schema.org","@graph":[{"@type":"WebPage","@id":"https:\/\/logicaisse.ma\/index.php\/produit\/zkbio510\/","url":"https:\/\/logicaisse.ma\/index.php\/produit\/zkbio510\/","name":"ZKBio510 - Logicaisse","isPartOf":{"@id":"https:\/\/logicaisse.ma\/#website"},"primaryImageOfPage":{"@id":"https:\/\/logicaisse.ma\/index.php\/produit\/zkbio510\/#primaryimage"},"image":{"@id":"https:\/\/logicaisse.ma\/index.php\/produit\/zkbio510\/#primaryimage"},"thumbnailUrl":"https:\/\/logicaisse.ma\/wp-content\/uploads\/2024\/03\/ZKBio510-caisse-enregistreuse-maroc-1.png","datePublished":"2024-03-08T01:16:26+00:00","dateModified":"2024-03-08T01:16:28+00:00","description":"Caisse enregistreuse ZKBio510:Processeur quadric\u0153ur Intel\u00ae Celeron J1900 2,0 GHz \u00e9conome en \u00e9nergie\u00c9cran v\u00e9ritablement plat de 15 pouces","breadcrumb":{"@id":"https:\/\/logicaisse.ma\/index.php\/produit\/zkbio510\/#breadcrumb"},"inLanguage":"fr-FR","potentialAction":[{"@type":"ReadAction","target":["https:\/\/logicaisse.ma\/index.php\/produit\/zkbio510\/"]}]},{"@type":"ImageObject","inLanguage":"fr-FR","@id":"https:\/\/logicaisse.ma\/index.php\/produit\/zkbio510\/#primaryimage","url":"https:\/\/logicaisse.ma\/wp-content\/uploads\/2024\/03\/ZKBio510-caisse-enregistreuse-maroc-1.png","contentUrl":"https:\/\/logicaisse.ma\/wp-content\/uploads\/2024\/03\/ZKBio510-caisse-enregistreuse-maroc-1.png","width":710,"height":710},{"@type":"BreadcrumbList","@id":"https:\/\/logicaisse.ma\/index.php\/produit\/zkbio510\/#breadcrumb","itemListElement":[{"@type":"ListItem","position":1,"name":"Accueil","item":"https:\/\/logicaisse.ma\/"},{"@type":"ListItem","position":2,"name":"Boutique","item":"https:\/\/logicaisse.ma\/index.php\/boutique\/"},{"@type":"ListItem","position":3,"name":"ZKBio510"}]},{"@type":"WebSite","@id":"https:\/\/logicaisse.ma\/#website","url":"https:\/\/logicaisse.ma\/","name":"Logicaisse","description":"Logiciel de Caisse et Gestion de Stock au Maroc","publisher":{"@id":"https:\/\/logicaisse.ma\/#organization"},"alternateName":"Logicaisse Maroc","potentialAction":[{"@type":"SearchAction","target":{"@type":"EntryPoint","urlTemplate":"https:\/\/logicaisse.ma\/?s={search_term_string}"},"query-input":{"@type":"PropertyValueSpecification","valueRequired":true,"valueName":"search_term_string"}}],"inLanguage":"fr-FR"},{"@type":"Organization","@id":"https:\/\/logicaisse.ma\/#organization","name":"Logicaisse.ma","alternateName":"LOGICAISSE","url":"https:\/\/logicaisse.ma\/","logo":{"@type":"ImageObject","inLanguage":"fr-FR","@id":"https:\/\/logicaisse.ma\/#\/schema\/logo\/image\/","url":"https:\/\/logicaisse.ma\/wp-content\/uploads\/2023\/04\/logilogo-3.png","contentUrl":"https:\/\/logicaisse.ma\/wp-content\/uploads\/2023\/04\/logilogo-3.png","width":1022,"height":305,"caption":"Logicaisse.ma"},"image":{"@id":"https:\/\/logicaisse.ma\/#\/schema\/logo\/image\/"},"sameAs":["https:\/\/web.facebook.com\/logicaisse\/"]}]}},"_links":{"self":[{"href":"https:\/\/logicaisse.ma\/index.php\/wp-json\/wp\/v2\/product\/92996","targetHints":{"allow":["GET"]}}],"collection":[{"href":"https:\/\/logicaisse.ma\/index.php\/wp-json\/wp\/v2\/product"}],"about":[{"href":"https:\/\/logicaisse.ma\/index.php\/wp-json\/wp\/v2\/types\/product"}],"wp:featuredmedia":[{"embeddable":true,"href":"https:\/\/logicaisse.ma\/index.php\/wp-json\/wp\/v2\/media\/92997"}],"wp:attachment":[{"href":"https:\/\/logicaisse.ma\/index.php\/wp-json\/wp\/v2\/media?parent=92996"}],"wp:term":[{"taxonomy":"product_brand","embeddable":true,"href":"https:\/\/logicaisse.ma\/index.php\/wp-json\/wp\/v2\/product_brand?post=92996"},{"taxonomy":"product_cat","embeddable":true,"href":"https:\/\/logicaisse.ma\/index.php\/wp-json\/wp\/v2\/product_cat?post=92996"},{"taxonomy":"product_tag","embeddable":true,"href":"https:\/\/logicaisse.ma\/index.php\/wp-json\/wp\/v2\/product_tag?post=92996"}],"curies":[{"name":"wp","href":"https:\/\/api.w.org\/{rel}","templated":true}]}}