{"id":92987,"date":"2024-03-08T02:03:27","date_gmt":"2024-03-08T01:03:27","guid":{"rendered":"https:\/\/logicaisse.ma\/?post_type=product&#038;p=92987"},"modified":"2024-05-20T15:18:19","modified_gmt":"2024-05-20T13:18:19","slug":"zkc0408","status":"publish","type":"product","link":"https:\/\/logicaisse.ma\/index.php\/produit\/zkc0408\/","title":{"rendered":"ZKC0408"},"content":{"rendered":"<ul>\n<li><strong>Nom du mod\u00e8le<\/strong>\u00a0ZKC0408<\/li>\n<li><strong>Type<\/strong>\u00a04 espaces pour les billets, 8 pour les pi\u00e8ces.<\/li>\n<li><strong>Serrure<\/strong>\u00a0\u00e0 3 positions.<\/li>\n<li>Dimensions 410 mm (L) x 420 mm (L) x 100 mm (H)<\/li>\n<li><strong>Mat\u00e9riau<\/strong>\u00a0Bo\u00eetier en t\u00f4le d\u2019acier press\u00e9e \u00e0 froid et tiroir en plastique ABS.<\/li>\n<li><strong>Amplitude d\u2019impulsion<\/strong>\u00a012VDS \/ 24VDS<\/li>\n<li><strong>Pince \u00e0 billets<\/strong>\u00a0\u00e0 fil standard<\/li>\n<li><strong>Poids brut<\/strong>\u00a06.5Kg<\/li>\n<li><strong>Poids net<\/strong>\u00a05.6Kg<\/li>\n<li>CC 12V 24V CC<\/li>\n<li><strong>Interface RJ11<\/strong>\u00a0(connexion directe \u00e0\u00a0<strong>l\u2019imprimante de tickets<\/strong>\u00a0et \u00e0 l\u2019interface caissier 12V ou 24V)<\/li>\n<li>La couleur noire<\/li>\n<\/ul>\n","protected":false},"excerpt":{"rendered":"<p>ZKC0408 est Un\u00a0<strong>tiroir caisse ouverture automatique<\/strong>\u00a0standard en m\u00e9tal avec suffisamment d\u2019espace pour placer des factures, des esp\u00e8ces et des pi\u00e8ces ayant un syst\u00e8me de fermeture simple.<\/p>\n<p>\u2013 4 espaces pour les billets, 8 pi\u00e8ces, et un ch\u00e8ques.<\/p>\n<p>\u2013 Serrure \u00e0 3 positions.<\/p>\n<p>\u2013 D\u00e9tenteur d\u2019argent m\u00e9tallique.<\/p>\n<p>\u2013 Dimensions : 410w*420d*100h mm.<\/p>\n","protected":false},"featured_media":92988,"template":"","meta":{"_joinchat":[]},"product_brand":[],"product_cat":[79],"product_tag":[],"class_list":{"0":"post-92987","1":"product","2":"type-product","3":"status-publish","4":"has-post-thumbnail","6":"product_cat-materiels-de-caisse","8":"first","9":"instock","10":"shipping-taxable","11":"purchasable","12":"product-type-simple"},"yoast_head":"<!-- This site is optimized with the Yoast SEO plugin v25.6 - https:\/\/yoast.com\/wordpress\/plugins\/seo\/ -->\n<title>ZKC0408 - Logicaisse<\/title>\n<meta name=\"description\" content=\"ZKC0408 est Un\u00a0tiroir caisse ouverture automatique\u00a0standard en m\u00e9tal avec suffisamment d\u2019espace pour placer des factures,\" \/>\n<meta name=\"robots\" content=\"index, follow, max-snippet:-1, max-image-preview:large, max-video-preview:-1\" \/>\n<link rel=\"canonical\" href=\"https:\/\/logicaisse.ma\/index.php\/produit\/zkc0408\/\" \/>\n<meta property=\"og:locale\" content=\"fr_FR\" \/>\n<meta property=\"og:type\" content=\"article\" \/>\n<meta property=\"og:title\" content=\"ZKC0408 - Logicaisse\" \/>\n<meta property=\"og:description\" content=\"ZKC0408 est Un\u00a0tiroir caisse ouverture automatique\u00a0standard en m\u00e9tal avec suffisamment d\u2019espace pour placer des factures,\" \/>\n<meta property=\"og:url\" content=\"https:\/\/logicaisse.ma\/index.php\/produit\/zkc0408\/\" \/>\n<meta property=\"og:site_name\" content=\"Logicaisse\" \/>\n<meta property=\"article:publisher\" content=\"https:\/\/web.facebook.com\/logicaisse\/\" \/>\n<meta property=\"article:modified_time\" content=\"2024-05-20T13:18:19+00:00\" \/>\n<meta property=\"og:image\" content=\"https:\/\/logicaisse.ma\/wp-content\/uploads\/2024\/03\/zkc04008.png\" \/>\n\t<meta property=\"og:image:width\" content=\"710\" \/>\n\t<meta property=\"og:image:height\" content=\"710\" \/>\n\t<meta property=\"og:image:type\" content=\"image\/png\" \/>\n<meta name=\"twitter:card\" content=\"summary_large_image\" \/>\n<meta name=\"twitter:label1\" content=\"Dur\u00e9e de lecture estim\u00e9e\" \/>\n\t<meta name=\"twitter:data1\" content=\"1 minute\" \/>\n<script type=\"application\/ld+json\" class=\"yoast-schema-graph\">{\"@context\":\"https:\/\/schema.org\",\"@graph\":[{\"@type\":\"WebPage\",\"@id\":\"https:\/\/logicaisse.ma\/index.php\/produit\/zkc0408\/\",\"url\":\"https:\/\/logicaisse.ma\/index.php\/produit\/zkc0408\/\",\"name\":\"ZKC0408 - Logicaisse\",\"isPartOf\":{\"@id\":\"https:\/\/logicaisse.ma\/#website\"},\"primaryImageOfPage\":{\"@id\":\"https:\/\/logicaisse.ma\/index.php\/produit\/zkc0408\/#primaryimage\"},\"image\":{\"@id\":\"https:\/\/logicaisse.ma\/index.php\/produit\/zkc0408\/#primaryimage\"},\"thumbnailUrl\":\"https:\/\/logicaisse.ma\/wp-content\/uploads\/2024\/03\/zkc04008.png\",\"datePublished\":\"2024-03-08T01:03:27+00:00\",\"dateModified\":\"2024-05-20T13:18:19+00:00\",\"description\":\"ZKC0408 est Un\u00a0tiroir caisse ouverture automatique\u00a0standard en m\u00e9tal avec suffisamment d\u2019espace pour placer des factures,\",\"breadcrumb\":{\"@id\":\"https:\/\/logicaisse.ma\/index.php\/produit\/zkc0408\/#breadcrumb\"},\"inLanguage\":\"fr-FR\",\"potentialAction\":[{\"@type\":\"ReadAction\",\"target\":[\"https:\/\/logicaisse.ma\/index.php\/produit\/zkc0408\/\"]}]},{\"@type\":\"ImageObject\",\"inLanguage\":\"fr-FR\",\"@id\":\"https:\/\/logicaisse.ma\/index.php\/produit\/zkc0408\/#primaryimage\",\"url\":\"https:\/\/logicaisse.ma\/wp-content\/uploads\/2024\/03\/zkc04008.png\",\"contentUrl\":\"https:\/\/logicaisse.ma\/wp-content\/uploads\/2024\/03\/zkc04008.png\",\"width\":710,\"height\":710},{\"@type\":\"BreadcrumbList\",\"@id\":\"https:\/\/logicaisse.ma\/index.php\/produit\/zkc0408\/#breadcrumb\",\"itemListElement\":[{\"@type\":\"ListItem\",\"position\":1,\"name\":\"Accueil\",\"item\":\"https:\/\/logicaisse.ma\/\"},{\"@type\":\"ListItem\",\"position\":2,\"name\":\"Boutique\",\"item\":\"https:\/\/logicaisse.ma\/index.php\/boutique\/\"},{\"@type\":\"ListItem\",\"position\":3,\"name\":\"ZKC0408\"}]},{\"@type\":\"WebSite\",\"@id\":\"https:\/\/logicaisse.ma\/#website\",\"url\":\"https:\/\/logicaisse.ma\/\",\"name\":\"Logicaisse\",\"description\":\"Logiciel de Caisse et Gestion de Stock au Maroc\",\"publisher\":{\"@id\":\"https:\/\/logicaisse.ma\/#organization\"},\"alternateName\":\"Logicaisse Maroc\",\"potentialAction\":[{\"@type\":\"SearchAction\",\"target\":{\"@type\":\"EntryPoint\",\"urlTemplate\":\"https:\/\/logicaisse.ma\/?s={search_term_string}\"},\"query-input\":{\"@type\":\"PropertyValueSpecification\",\"valueRequired\":true,\"valueName\":\"search_term_string\"}}],\"inLanguage\":\"fr-FR\"},{\"@type\":\"Organization\",\"@id\":\"https:\/\/logicaisse.ma\/#organization\",\"name\":\"Logicaisse.ma\",\"alternateName\":\"LOGICAISSE\",\"url\":\"https:\/\/logicaisse.ma\/\",\"logo\":{\"@type\":\"ImageObject\",\"inLanguage\":\"fr-FR\",\"@id\":\"https:\/\/logicaisse.ma\/#\/schema\/logo\/image\/\",\"url\":\"https:\/\/logicaisse.ma\/wp-content\/uploads\/2023\/04\/logilogo-3.png\",\"contentUrl\":\"https:\/\/logicaisse.ma\/wp-content\/uploads\/2023\/04\/logilogo-3.png\",\"width\":1022,\"height\":305,\"caption\":\"Logicaisse.ma\"},\"image\":{\"@id\":\"https:\/\/logicaisse.ma\/#\/schema\/logo\/image\/\"},\"sameAs\":[\"https:\/\/web.facebook.com\/logicaisse\/\"]}]}<\/script>\n<!-- \/ Yoast SEO plugin. -->","yoast_head_json":{"title":"ZKC0408 - Logicaisse","description":"ZKC0408 est Un\u00a0tiroir caisse ouverture automatique\u00a0standard en m\u00e9tal avec suffisamment d\u2019espace pour placer des factures,","robots":{"index":"index","follow":"follow","max-snippet":"max-snippet:-1","max-image-preview":"max-image-preview:large","max-video-preview":"max-video-preview:-1"},"canonical":"https:\/\/logicaisse.ma\/index.php\/produit\/zkc0408\/","og_locale":"fr_FR","og_type":"article","og_title":"ZKC0408 - Logicaisse","og_description":"ZKC0408 est Un\u00a0tiroir caisse ouverture automatique\u00a0standard en m\u00e9tal avec suffisamment d\u2019espace pour placer des factures,","og_url":"https:\/\/logicaisse.ma\/index.php\/produit\/zkc0408\/","og_site_name":"Logicaisse","article_publisher":"https:\/\/web.facebook.com\/logicaisse\/","article_modified_time":"2024-05-20T13:18:19+00:00","og_image":[{"width":710,"height":710,"url":"https:\/\/logicaisse.ma\/wp-content\/uploads\/2024\/03\/zkc04008.png","type":"image\/png"}],"twitter_card":"summary_large_image","twitter_misc":{"Dur\u00e9e de lecture estim\u00e9e":"1 minute"},"schema":{"@context":"https:\/\/schema.org","@graph":[{"@type":"WebPage","@id":"https:\/\/logicaisse.ma\/index.php\/produit\/zkc0408\/","url":"https:\/\/logicaisse.ma\/index.php\/produit\/zkc0408\/","name":"ZKC0408 - Logicaisse","isPartOf":{"@id":"https:\/\/logicaisse.ma\/#website"},"primaryImageOfPage":{"@id":"https:\/\/logicaisse.ma\/index.php\/produit\/zkc0408\/#primaryimage"},"image":{"@id":"https:\/\/logicaisse.ma\/index.php\/produit\/zkc0408\/#primaryimage"},"thumbnailUrl":"https:\/\/logicaisse.ma\/wp-content\/uploads\/2024\/03\/zkc04008.png","datePublished":"2024-03-08T01:03:27+00:00","dateModified":"2024-05-20T13:18:19+00:00","description":"ZKC0408 est Un\u00a0tiroir caisse ouverture automatique\u00a0standard en m\u00e9tal avec suffisamment d\u2019espace pour placer des factures,","breadcrumb":{"@id":"https:\/\/logicaisse.ma\/index.php\/produit\/zkc0408\/#breadcrumb"},"inLanguage":"fr-FR","potentialAction":[{"@type":"ReadAction","target":["https:\/\/logicaisse.ma\/index.php\/produit\/zkc0408\/"]}]},{"@type":"ImageObject","inLanguage":"fr-FR","@id":"https:\/\/logicaisse.ma\/index.php\/produit\/zkc0408\/#primaryimage","url":"https:\/\/logicaisse.ma\/wp-content\/uploads\/2024\/03\/zkc04008.png","contentUrl":"https:\/\/logicaisse.ma\/wp-content\/uploads\/2024\/03\/zkc04008.png","width":710,"height":710},{"@type":"BreadcrumbList","@id":"https:\/\/logicaisse.ma\/index.php\/produit\/zkc0408\/#breadcrumb","itemListElement":[{"@type":"ListItem","position":1,"name":"Accueil","item":"https:\/\/logicaisse.ma\/"},{"@type":"ListItem","position":2,"name":"Boutique","item":"https:\/\/logicaisse.ma\/index.php\/boutique\/"},{"@type":"ListItem","position":3,"name":"ZKC0408"}]},{"@type":"WebSite","@id":"https:\/\/logicaisse.ma\/#website","url":"https:\/\/logicaisse.ma\/","name":"Logicaisse","description":"Logiciel de Caisse et Gestion de Stock au Maroc","publisher":{"@id":"https:\/\/logicaisse.ma\/#organization"},"alternateName":"Logicaisse Maroc","potentialAction":[{"@type":"SearchAction","target":{"@type":"EntryPoint","urlTemplate":"https:\/\/logicaisse.ma\/?s={search_term_string}"},"query-input":{"@type":"PropertyValueSpecification","valueRequired":true,"valueName":"search_term_string"}}],"inLanguage":"fr-FR"},{"@type":"Organization","@id":"https:\/\/logicaisse.ma\/#organization","name":"Logicaisse.ma","alternateName":"LOGICAISSE","url":"https:\/\/logicaisse.ma\/","logo":{"@type":"ImageObject","inLanguage":"fr-FR","@id":"https:\/\/logicaisse.ma\/#\/schema\/logo\/image\/","url":"https:\/\/logicaisse.ma\/wp-content\/uploads\/2023\/04\/logilogo-3.png","contentUrl":"https:\/\/logicaisse.ma\/wp-content\/uploads\/2023\/04\/logilogo-3.png","width":1022,"height":305,"caption":"Logicaisse.ma"},"image":{"@id":"https:\/\/logicaisse.ma\/#\/schema\/logo\/image\/"},"sameAs":["https:\/\/web.facebook.com\/logicaisse\/"]}]}},"_links":{"self":[{"href":"https:\/\/logicaisse.ma\/index.php\/wp-json\/wp\/v2\/product\/92987","targetHints":{"allow":["GET"]}}],"collection":[{"href":"https:\/\/logicaisse.ma\/index.php\/wp-json\/wp\/v2\/product"}],"about":[{"href":"https:\/\/logicaisse.ma\/index.php\/wp-json\/wp\/v2\/types\/product"}],"wp:featuredmedia":[{"embeddable":true,"href":"https:\/\/logicaisse.ma\/index.php\/wp-json\/wp\/v2\/media\/92988"}],"wp:attachment":[{"href":"https:\/\/logicaisse.ma\/index.php\/wp-json\/wp\/v2\/media?parent=92987"}],"wp:term":[{"taxonomy":"product_brand","embeddable":true,"href":"https:\/\/logicaisse.ma\/index.php\/wp-json\/wp\/v2\/product_brand?post=92987"},{"taxonomy":"product_cat","embeddable":true,"href":"https:\/\/logicaisse.ma\/index.php\/wp-json\/wp\/v2\/product_cat?post=92987"},{"taxonomy":"product_tag","embeddable":true,"href":"https:\/\/logicaisse.ma\/index.php\/wp-json\/wp\/v2\/product_tag?post=92987"}],"curies":[{"name":"wp","href":"https:\/\/api.w.org\/{rel}","templated":true}]}}