{"id":92984,"date":"2024-03-08T01:59:06","date_gmt":"2024-03-08T00:59:06","guid":{"rendered":"https:\/\/logicaisse.ma\/?post_type=product&#038;p=92984"},"modified":"2024-05-20T15:15:44","modified_gmt":"2024-05-20T13:15:44","slug":"zkb102","status":"publish","type":"product","link":"https:\/\/logicaisse.ma\/index.php\/produit\/zkb102\/","title":{"rendered":"ZKB102"},"content":{"rendered":"<h3><strong>FONCTIONNALITES SCANNER CODE BARRE :<\/strong><\/h3>\n<ul>\n<li>Structure de lumi\u00e8re rouge int\u00e9gr\u00e9e, anti-vibration.<\/li>\n<li>Le MCU hautes performances est utilis\u00e9 pour identifier facilement tous les codes-barres unidimensionnels courants du march\u00e9<\/li>\n<li>Codes-barres de 4 mil faciles \u00e0 lire et r\u00e9pondant aux besoins de num\u00e9risation quotidiens<\/li>\n<li>Capable de lire les codes-barres sur diff\u00e9rents supports tels que le papier, le plastique, l\u2019\u00e9cran et autres, avec la technologie Red Light CCD.<\/li>\n<\/ul>\n<h3><strong>SCANNER SPECIFICATION\u00a0:<\/strong><\/h3>\n<ul>\n<li>Nom du mod\u00e8le\u00a0<strong>ZKB102<\/strong><\/li>\n<li>Dimensions 175 mm \u00d7 72 mm \u00d7 100 mm<\/li>\n<li>Poids 160g (sans fil)<\/li>\n<li>Longueur du c\u00e2ble 1,8 m<\/li>\n<li>Type d\u2019interface USB standard (pleine vitesse, USB 2.0)<\/li>\n<li>Mat\u00e9riel ABS + PC<\/li>\n<li>La couleur noire<\/li>\n<li>Indicateurs utilisateur LED, buzzer<\/li>\n<li>Source lumineuse Diode laser visible, longueur d\u2019onde: 525 nm<\/li>\n<li>Processeur ARM32 bits<\/li>\n<li>Temps de d\u00e9marrage 4s<\/li>\n<li>Capacit\u00e9 analytique 1D: \u22653mil\/0.076mm@PCS90%<\/li>\n<li>Profondeur de mise au point 0-50 cm<\/li>\n<li>Mode de num\u00e9risation Num\u00e9risation manuelle, num\u00e9risation automatique<\/li>\n<li>Angle de lecture Rouleau: \u00b1 30 \u00b0; Pas: \u00b1 60 \u00b0 (ou plus); Lacet: \u00b1 50 \u00b0 (ou plus)<\/li>\n<li>Champ de vision Horizontal 40 \u00b0, Vertical 30 \u00b0<\/li>\n<li>Tol\u00e9rance de mouvement 2,3 m \/ s<\/li>\n<li>Puissance 85mA, 5V DC<\/li>\n<li>Niveaux d\u2019\u00e9clairage 5000Lux<\/li>\n<li>Capacit\u00e9s de d\u00e9codage EAN \/ JAN-8, EAN \/ JAN-13, UPC-A, UPC-E, CODE 39, CODE 93, CODE128, Codabar, GS1-128,<\/li>\n<li>Interleaved 2 of 5, MSI, ISBN \/ ISSN, ISBT, etc. .<\/li>\n<li>Exploitation temporaire. -20 \u00b0 C \u00e0 50 \u00b0 C<\/li>\n<li>Temp\u00e9rature de stockage -40 \u00b0 C \u00e0 60 \u00b0 C<\/li>\n<li>Humidit\u00e9 relative 5% \u00e0 95% (sans condensation)<\/li>\n<li>Protection IP54<\/li>\n<\/ul>\n","protected":false},"excerpt":{"rendered":"<p>Le\u00a0<strong>ZKB102<\/strong>\u00a0est un scanner de\u00a0<strong>codes-barres<\/strong>\u00a0industriel \u00e0 main unidimensionnel de type\u00a0<strong>pistolet<\/strong>\u00a0qui offre de bonnes performances de lecture. Il peut facilement lire les codes-barres sur diff\u00e9rents supports tels que\u00a0<strong>le papier<\/strong>,\u00a0<strong>la marchandise<\/strong>\u00a0et\u00a0<strong>l\u2019\u00e9cran<\/strong>. Il peut \u00eatre principalement utilis\u00e9 dans le paiement mobile, la lecture de codes-barres, la v\u00e9rification d\u2019inventaire, etc.<\/p>\n","protected":false},"featured_media":92985,"template":"","meta":{"_joinchat":[]},"product_brand":[],"product_cat":[79],"product_tag":[],"class_list":{"0":"post-92984","1":"product","2":"type-product","3":"status-publish","4":"has-post-thumbnail","6":"product_cat-materiels-de-caisse","8":"first","9":"instock","10":"shipping-taxable","11":"purchasable","12":"product-type-simple"},"yoast_head":"<!-- This site is optimized with the Yoast SEO plugin v25.6 - https:\/\/yoast.com\/wordpress\/plugins\/seo\/ -->\n<title>ZKB102 - Logicaisse<\/title>\n<meta name=\"description\" content=\"Le ZKB102 est un scanner de codes-barres industriel \u00e0 main unidimensionnel de type pistolet qui offre de bonnes performances de lecture.\" \/>\n<meta name=\"robots\" content=\"index, follow, max-snippet:-1, max-image-preview:large, max-video-preview:-1\" \/>\n<link rel=\"canonical\" href=\"https:\/\/logicaisse.ma\/index.php\/produit\/zkb102\/\" \/>\n<meta property=\"og:locale\" content=\"fr_FR\" \/>\n<meta property=\"og:type\" content=\"article\" \/>\n<meta property=\"og:title\" content=\"ZKB102 - Logicaisse\" \/>\n<meta property=\"og:description\" content=\"Le ZKB102 est un scanner de codes-barres industriel \u00e0 main unidimensionnel de type pistolet qui offre de bonnes performances de lecture.\" \/>\n<meta property=\"og:url\" content=\"https:\/\/logicaisse.ma\/index.php\/produit\/zkb102\/\" \/>\n<meta property=\"og:site_name\" content=\"Logicaisse\" \/>\n<meta property=\"article:publisher\" content=\"https:\/\/web.facebook.com\/logicaisse\/\" \/>\n<meta property=\"article:modified_time\" content=\"2024-05-20T13:15:44+00:00\" \/>\n<meta property=\"og:image\" content=\"https:\/\/logicaisse.ma\/wp-content\/uploads\/2024\/03\/ZKB102-ZKTeco-1.png\" \/>\n\t<meta property=\"og:image:width\" content=\"710\" \/>\n\t<meta property=\"og:image:height\" content=\"710\" \/>\n\t<meta property=\"og:image:type\" content=\"image\/png\" \/>\n<meta name=\"twitter:card\" content=\"summary_large_image\" \/>\n<meta name=\"twitter:label1\" content=\"Dur\u00e9e de lecture estim\u00e9e\" \/>\n\t<meta name=\"twitter:data1\" content=\"2 minutes\" \/>\n<script type=\"application\/ld+json\" class=\"yoast-schema-graph\">{\"@context\":\"https:\/\/schema.org\",\"@graph\":[{\"@type\":\"WebPage\",\"@id\":\"https:\/\/logicaisse.ma\/index.php\/produit\/zkb102\/\",\"url\":\"https:\/\/logicaisse.ma\/index.php\/produit\/zkb102\/\",\"name\":\"ZKB102 - Logicaisse\",\"isPartOf\":{\"@id\":\"https:\/\/logicaisse.ma\/#website\"},\"primaryImageOfPage\":{\"@id\":\"https:\/\/logicaisse.ma\/index.php\/produit\/zkb102\/#primaryimage\"},\"image\":{\"@id\":\"https:\/\/logicaisse.ma\/index.php\/produit\/zkb102\/#primaryimage\"},\"thumbnailUrl\":\"https:\/\/logicaisse.ma\/wp-content\/uploads\/2024\/03\/ZKB102-ZKTeco-1.png\",\"datePublished\":\"2024-03-08T00:59:06+00:00\",\"dateModified\":\"2024-05-20T13:15:44+00:00\",\"description\":\"Le ZKB102 est un scanner de codes-barres industriel \u00e0 main unidimensionnel de type pistolet qui offre de bonnes performances de lecture.\",\"breadcrumb\":{\"@id\":\"https:\/\/logicaisse.ma\/index.php\/produit\/zkb102\/#breadcrumb\"},\"inLanguage\":\"fr-FR\",\"potentialAction\":[{\"@type\":\"ReadAction\",\"target\":[\"https:\/\/logicaisse.ma\/index.php\/produit\/zkb102\/\"]}]},{\"@type\":\"ImageObject\",\"inLanguage\":\"fr-FR\",\"@id\":\"https:\/\/logicaisse.ma\/index.php\/produit\/zkb102\/#primaryimage\",\"url\":\"https:\/\/logicaisse.ma\/wp-content\/uploads\/2024\/03\/ZKB102-ZKTeco-1.png\",\"contentUrl\":\"https:\/\/logicaisse.ma\/wp-content\/uploads\/2024\/03\/ZKB102-ZKTeco-1.png\",\"width\":710,\"height\":710},{\"@type\":\"BreadcrumbList\",\"@id\":\"https:\/\/logicaisse.ma\/index.php\/produit\/zkb102\/#breadcrumb\",\"itemListElement\":[{\"@type\":\"ListItem\",\"position\":1,\"name\":\"Accueil\",\"item\":\"https:\/\/logicaisse.ma\/\"},{\"@type\":\"ListItem\",\"position\":2,\"name\":\"Boutique\",\"item\":\"https:\/\/logicaisse.ma\/index.php\/boutique\/\"},{\"@type\":\"ListItem\",\"position\":3,\"name\":\"ZKB102\"}]},{\"@type\":\"WebSite\",\"@id\":\"https:\/\/logicaisse.ma\/#website\",\"url\":\"https:\/\/logicaisse.ma\/\",\"name\":\"Logicaisse\",\"description\":\"Logiciel de Caisse et Gestion de Stock au Maroc\",\"publisher\":{\"@id\":\"https:\/\/logicaisse.ma\/#organization\"},\"alternateName\":\"Logicaisse Maroc\",\"potentialAction\":[{\"@type\":\"SearchAction\",\"target\":{\"@type\":\"EntryPoint\",\"urlTemplate\":\"https:\/\/logicaisse.ma\/?s={search_term_string}\"},\"query-input\":{\"@type\":\"PropertyValueSpecification\",\"valueRequired\":true,\"valueName\":\"search_term_string\"}}],\"inLanguage\":\"fr-FR\"},{\"@type\":\"Organization\",\"@id\":\"https:\/\/logicaisse.ma\/#organization\",\"name\":\"Logicaisse.ma\",\"alternateName\":\"LOGICAISSE\",\"url\":\"https:\/\/logicaisse.ma\/\",\"logo\":{\"@type\":\"ImageObject\",\"inLanguage\":\"fr-FR\",\"@id\":\"https:\/\/logicaisse.ma\/#\/schema\/logo\/image\/\",\"url\":\"https:\/\/logicaisse.ma\/wp-content\/uploads\/2023\/04\/logilogo-3.png\",\"contentUrl\":\"https:\/\/logicaisse.ma\/wp-content\/uploads\/2023\/04\/logilogo-3.png\",\"width\":1022,\"height\":305,\"caption\":\"Logicaisse.ma\"},\"image\":{\"@id\":\"https:\/\/logicaisse.ma\/#\/schema\/logo\/image\/\"},\"sameAs\":[\"https:\/\/web.facebook.com\/logicaisse\/\"]}]}<\/script>\n<!-- \/ Yoast SEO plugin. -->","yoast_head_json":{"title":"ZKB102 - Logicaisse","description":"Le ZKB102 est un scanner de codes-barres industriel \u00e0 main unidimensionnel de type pistolet qui offre de bonnes performances de lecture.","robots":{"index":"index","follow":"follow","max-snippet":"max-snippet:-1","max-image-preview":"max-image-preview:large","max-video-preview":"max-video-preview:-1"},"canonical":"https:\/\/logicaisse.ma\/index.php\/produit\/zkb102\/","og_locale":"fr_FR","og_type":"article","og_title":"ZKB102 - Logicaisse","og_description":"Le ZKB102 est un scanner de codes-barres industriel \u00e0 main unidimensionnel de type pistolet qui offre de bonnes performances de lecture.","og_url":"https:\/\/logicaisse.ma\/index.php\/produit\/zkb102\/","og_site_name":"Logicaisse","article_publisher":"https:\/\/web.facebook.com\/logicaisse\/","article_modified_time":"2024-05-20T13:15:44+00:00","og_image":[{"width":710,"height":710,"url":"https:\/\/logicaisse.ma\/wp-content\/uploads\/2024\/03\/ZKB102-ZKTeco-1.png","type":"image\/png"}],"twitter_card":"summary_large_image","twitter_misc":{"Dur\u00e9e de lecture estim\u00e9e":"2 minutes"},"schema":{"@context":"https:\/\/schema.org","@graph":[{"@type":"WebPage","@id":"https:\/\/logicaisse.ma\/index.php\/produit\/zkb102\/","url":"https:\/\/logicaisse.ma\/index.php\/produit\/zkb102\/","name":"ZKB102 - Logicaisse","isPartOf":{"@id":"https:\/\/logicaisse.ma\/#website"},"primaryImageOfPage":{"@id":"https:\/\/logicaisse.ma\/index.php\/produit\/zkb102\/#primaryimage"},"image":{"@id":"https:\/\/logicaisse.ma\/index.php\/produit\/zkb102\/#primaryimage"},"thumbnailUrl":"https:\/\/logicaisse.ma\/wp-content\/uploads\/2024\/03\/ZKB102-ZKTeco-1.png","datePublished":"2024-03-08T00:59:06+00:00","dateModified":"2024-05-20T13:15:44+00:00","description":"Le ZKB102 est un scanner de codes-barres industriel \u00e0 main unidimensionnel de type pistolet qui offre de bonnes performances de lecture.","breadcrumb":{"@id":"https:\/\/logicaisse.ma\/index.php\/produit\/zkb102\/#breadcrumb"},"inLanguage":"fr-FR","potentialAction":[{"@type":"ReadAction","target":["https:\/\/logicaisse.ma\/index.php\/produit\/zkb102\/"]}]},{"@type":"ImageObject","inLanguage":"fr-FR","@id":"https:\/\/logicaisse.ma\/index.php\/produit\/zkb102\/#primaryimage","url":"https:\/\/logicaisse.ma\/wp-content\/uploads\/2024\/03\/ZKB102-ZKTeco-1.png","contentUrl":"https:\/\/logicaisse.ma\/wp-content\/uploads\/2024\/03\/ZKB102-ZKTeco-1.png","width":710,"height":710},{"@type":"BreadcrumbList","@id":"https:\/\/logicaisse.ma\/index.php\/produit\/zkb102\/#breadcrumb","itemListElement":[{"@type":"ListItem","position":1,"name":"Accueil","item":"https:\/\/logicaisse.ma\/"},{"@type":"ListItem","position":2,"name":"Boutique","item":"https:\/\/logicaisse.ma\/index.php\/boutique\/"},{"@type":"ListItem","position":3,"name":"ZKB102"}]},{"@type":"WebSite","@id":"https:\/\/logicaisse.ma\/#website","url":"https:\/\/logicaisse.ma\/","name":"Logicaisse","description":"Logiciel de Caisse et Gestion de Stock au Maroc","publisher":{"@id":"https:\/\/logicaisse.ma\/#organization"},"alternateName":"Logicaisse Maroc","potentialAction":[{"@type":"SearchAction","target":{"@type":"EntryPoint","urlTemplate":"https:\/\/logicaisse.ma\/?s={search_term_string}"},"query-input":{"@type":"PropertyValueSpecification","valueRequired":true,"valueName":"search_term_string"}}],"inLanguage":"fr-FR"},{"@type":"Organization","@id":"https:\/\/logicaisse.ma\/#organization","name":"Logicaisse.ma","alternateName":"LOGICAISSE","url":"https:\/\/logicaisse.ma\/","logo":{"@type":"ImageObject","inLanguage":"fr-FR","@id":"https:\/\/logicaisse.ma\/#\/schema\/logo\/image\/","url":"https:\/\/logicaisse.ma\/wp-content\/uploads\/2023\/04\/logilogo-3.png","contentUrl":"https:\/\/logicaisse.ma\/wp-content\/uploads\/2023\/04\/logilogo-3.png","width":1022,"height":305,"caption":"Logicaisse.ma"},"image":{"@id":"https:\/\/logicaisse.ma\/#\/schema\/logo\/image\/"},"sameAs":["https:\/\/web.facebook.com\/logicaisse\/"]}]}},"_links":{"self":[{"href":"https:\/\/logicaisse.ma\/index.php\/wp-json\/wp\/v2\/product\/92984","targetHints":{"allow":["GET"]}}],"collection":[{"href":"https:\/\/logicaisse.ma\/index.php\/wp-json\/wp\/v2\/product"}],"about":[{"href":"https:\/\/logicaisse.ma\/index.php\/wp-json\/wp\/v2\/types\/product"}],"wp:featuredmedia":[{"embeddable":true,"href":"https:\/\/logicaisse.ma\/index.php\/wp-json\/wp\/v2\/media\/92985"}],"wp:attachment":[{"href":"https:\/\/logicaisse.ma\/index.php\/wp-json\/wp\/v2\/media?parent=92984"}],"wp:term":[{"taxonomy":"product_brand","embeddable":true,"href":"https:\/\/logicaisse.ma\/index.php\/wp-json\/wp\/v2\/product_brand?post=92984"},{"taxonomy":"product_cat","embeddable":true,"href":"https:\/\/logicaisse.ma\/index.php\/wp-json\/wp\/v2\/product_cat?post=92984"},{"taxonomy":"product_tag","embeddable":true,"href":"https:\/\/logicaisse.ma\/index.php\/wp-json\/wp\/v2\/product_tag?post=92984"}],"curies":[{"name":"wp","href":"https:\/\/api.w.org\/{rel}","templated":true}]}}