{"id":92526,"date":"2024-01-05T21:03:02","date_gmt":"2024-01-05T20:03:02","guid":{"rendered":"https:\/\/logicaisse.ma\/?post_type=product&#038;p=92526"},"modified":"2024-03-17T05:26:36","modified_gmt":"2024-03-17T04:26:36","slug":"logiciel-cafe-snack","status":"publish","type":"product","link":"https:\/\/logicaisse.ma\/index.php\/produit\/logiciel-cafe-snack\/","title":{"rendered":"Logiciel Caf\u00e9 &#038; Snack"},"content":{"rendered":"<p>\ud83d\ude80 R\u00e9volutionnez Votre Restaurant ou Caf\u00e9 avec Notre Logiciel! \ud83c\udf7d\ufe0f<br \/>\n\ud83d\udc68\u200d\ud83c\udf73 Simplifiez la gestion quotidienne, de la prise de commande \u00e0 la gestion des stocks, avec notre solution tout-en-un.<br \/>\n\ud83d\udcb9 Acc\u00e9l\u00e9rez les transactions, suivez les stocks en temps r\u00e9el, et tirez parti d&rsquo;analyses pouss\u00e9es pour une meilleure prise de d\u00e9cision.<br \/>\n\u2705 Facile \u00e0 utiliser, efficace et adapt\u00e9 \u00e0 vos besoins. Rejoignez les nombreux restaurateurs et cafetiers qui ont choisi notre logiciel pour propulser leur affaire !<\/p>\n<p><strong>\u064a\u062c\u0628 \u0639\u0644\u064a\u0643\u0645 \u062f\u0641\u0639 999 \u062f\u0631\u0647\u0645 \u0644\u0644\u062d\u0635\u0648\u0644 \u0639\u0644\u0649 \u0645\u0641\u062a\u0627\u062d \u0627\u0644\u062a\u0641\u0639\u064a\u0644 \u0645\u062f\u0649 \u0627\u0644\u062d\u064a\u0627\u0629 \u0628\u0639\u062f \u0627\u0646\u062a\u0647\u0627\u0621 \u0627\u0644\u0646\u0633\u062e\u0629 \u0627\u0644\u062a\u062c\u0631\u064a\u0628\u064a\u0629<\/strong><\/p>\n<p>Tel : 0660-626274<\/p>\n<p><iframe title=\"\u0627\u0644\u062d\u0644 \u0627\u0644\u0623\u0645\u062b\u0644 \u0644\u0625\u062f\u0627\u0631\u0629 \u0627\u0644\u0645\u0637\u0627\u0639\u0645 \u0648\u0627\u0644\u0645\u0642\u0627\u0647\u064a \u0648\u0627\u0644\u0648\u062c\u0628\u0627\u062a \u0627\u0644\u062e\u0641\u064a\u0641\u0629\" width=\"640\" height=\"360\" src=\"https:\/\/www.youtube.com\/embed\/NsIlkCruipU?feature=oembed\" frameborder=\"0\" allow=\"accelerometer; autoplay; clipboard-write; encrypted-media; gyroscope; picture-in-picture; web-share\" referrerpolicy=\"strict-origin-when-cross-origin\" allowfullscreen><\/iframe><\/p>\n<p>&nbsp;<\/p>\n<h2>Logiciel de gestion caf\u00e9 restaurant snack<\/h2>\n<p>Les options de l\u2019application\u00a0:<\/p>\n<p>Gestion des ventes.<\/p>\n<p>Gestion du stock pour les produits .<\/p>\n<p>Communication avec la cuisine par ticket ou deuxi\u00e8me imprimante.<\/p>\n<p>Gestion caisse et d\u00e9penses.<\/p>\n<p>Impression tickets cuisine\u00a0 .<\/p>\n<p>Gestion des caissiers serveurs\u00a0 \u2026<\/p>\n<p>Gestion des tables pour les restaurants&#8230;<\/p>\n<div id='gallery-1' class='gallery galleryid-92526 gallery-columns-4 gallery-size-medium'><figure class='gallery-item'>\n\t\t\t<div class='gallery-icon landscape'>\n\t\t\t\t<a href='https:\/\/logicaisse.ma\/wp-content\/uploads\/2024\/01\/resto02.jpg'><img fetchpriority=\"high\" decoding=\"async\" width=\"300\" height=\"169\" src=\"https:\/\/logicaisse.ma\/wp-content\/uploads\/2024\/01\/resto02-300x169.jpg\" class=\"attachment-medium size-medium\" alt=\"\" srcset=\"https:\/\/logicaisse.ma\/wp-content\/uploads\/2024\/01\/resto02-300x169.jpg 300w, https:\/\/logicaisse.ma\/wp-content\/uploads\/2024\/01\/resto02-250x141.jpg 250w, https:\/\/logicaisse.ma\/wp-content\/uploads\/2024\/01\/resto02-1024x576.jpg 1024w, https:\/\/logicaisse.ma\/wp-content\/uploads\/2024\/01\/resto02-768x432.jpg 768w, https:\/\/logicaisse.ma\/wp-content\/uploads\/2024\/01\/resto02-1536x864.jpg 1536w, https:\/\/logicaisse.ma\/wp-content\/uploads\/2024\/01\/resto02.jpg 1920w\" sizes=\"(max-width: 300px) 100vw, 300px\" \/><\/a>\n\t\t\t<\/div><\/figure><figure class='gallery-item'>\n\t\t\t<div class='gallery-icon landscape'>\n\t\t\t\t<a href='https:\/\/logicaisse.ma\/wp-content\/uploads\/2024\/01\/resto01.jpg'><img decoding=\"async\" width=\"300\" height=\"169\" src=\"https:\/\/logicaisse.ma\/wp-content\/uploads\/2024\/01\/resto01-300x169.jpg\" class=\"attachment-medium size-medium\" alt=\"\" srcset=\"https:\/\/logicaisse.ma\/wp-content\/uploads\/2024\/01\/resto01-300x169.jpg 300w, https:\/\/logicaisse.ma\/wp-content\/uploads\/2024\/01\/resto01-250x141.jpg 250w, https:\/\/logicaisse.ma\/wp-content\/uploads\/2024\/01\/resto01-1024x576.jpg 1024w, https:\/\/logicaisse.ma\/wp-content\/uploads\/2024\/01\/resto01-768x432.jpg 768w, https:\/\/logicaisse.ma\/wp-content\/uploads\/2024\/01\/resto01-1536x864.jpg 1536w, https:\/\/logicaisse.ma\/wp-content\/uploads\/2024\/01\/resto01.jpg 1920w\" sizes=\"(max-width: 300px) 100vw, 300px\" \/><\/a>\n\t\t\t<\/div><\/figure><figure class='gallery-item'>\n\t\t\t<div class='gallery-icon landscape'>\n\t\t\t\t<a href='https:\/\/logicaisse.ma\/wp-content\/uploads\/2024\/01\/resto03.jpg'><img decoding=\"async\" width=\"300\" height=\"169\" src=\"https:\/\/logicaisse.ma\/wp-content\/uploads\/2024\/01\/resto03-300x169.jpg\" class=\"attachment-medium size-medium\" alt=\"\" srcset=\"https:\/\/logicaisse.ma\/wp-content\/uploads\/2024\/01\/resto03-300x169.jpg 300w, https:\/\/logicaisse.ma\/wp-content\/uploads\/2024\/01\/resto03-250x141.jpg 250w, https:\/\/logicaisse.ma\/wp-content\/uploads\/2024\/01\/resto03-1024x576.jpg 1024w, https:\/\/logicaisse.ma\/wp-content\/uploads\/2024\/01\/resto03-768x432.jpg 768w, https:\/\/logicaisse.ma\/wp-content\/uploads\/2024\/01\/resto03-1536x864.jpg 1536w, https:\/\/logicaisse.ma\/wp-content\/uploads\/2024\/01\/resto03.jpg 1920w\" sizes=\"(max-width: 300px) 100vw, 300px\" \/><\/a>\n\t\t\t<\/div><\/figure><figure class='gallery-item'>\n\t\t\t<div class='gallery-icon landscape'>\n\t\t\t\t<a href='https:\/\/logicaisse.ma\/wp-content\/uploads\/2024\/01\/resto04.jpg'><img loading=\"lazy\" decoding=\"async\" width=\"300\" height=\"169\" src=\"https:\/\/logicaisse.ma\/wp-content\/uploads\/2024\/01\/resto04-300x169.jpg\" class=\"attachment-medium size-medium\" alt=\"\" srcset=\"https:\/\/logicaisse.ma\/wp-content\/uploads\/2024\/01\/resto04-300x169.jpg 300w, https:\/\/logicaisse.ma\/wp-content\/uploads\/2024\/01\/resto04-250x141.jpg 250w, https:\/\/logicaisse.ma\/wp-content\/uploads\/2024\/01\/resto04-1024x576.jpg 1024w, https:\/\/logicaisse.ma\/wp-content\/uploads\/2024\/01\/resto04-768x432.jpg 768w, https:\/\/logicaisse.ma\/wp-content\/uploads\/2024\/01\/resto04-1536x864.jpg 1536w, https:\/\/logicaisse.ma\/wp-content\/uploads\/2024\/01\/resto04.jpg 1920w\" sizes=\"(max-width: 300px) 100vw, 300px\" \/><\/a>\n\t\t\t<\/div><\/figure><figure class='gallery-item'>\n\t\t\t<div class='gallery-icon landscape'>\n\t\t\t\t<a href='https:\/\/logicaisse.ma\/wp-content\/uploads\/2024\/01\/resto05.jpg'><img loading=\"lazy\" decoding=\"async\" width=\"300\" height=\"169\" src=\"https:\/\/logicaisse.ma\/wp-content\/uploads\/2024\/01\/resto05-300x169.jpg\" class=\"attachment-medium size-medium\" alt=\"\" srcset=\"https:\/\/logicaisse.ma\/wp-content\/uploads\/2024\/01\/resto05-300x169.jpg 300w, https:\/\/logicaisse.ma\/wp-content\/uploads\/2024\/01\/resto05-250x141.jpg 250w, https:\/\/logicaisse.ma\/wp-content\/uploads\/2024\/01\/resto05-1024x576.jpg 1024w, https:\/\/logicaisse.ma\/wp-content\/uploads\/2024\/01\/resto05-768x432.jpg 768w, https:\/\/logicaisse.ma\/wp-content\/uploads\/2024\/01\/resto05-1536x864.jpg 1536w, https:\/\/logicaisse.ma\/wp-content\/uploads\/2024\/01\/resto05.jpg 1920w\" sizes=\"(max-width: 300px) 100vw, 300px\" \/><\/a>\n\t\t\t<\/div><\/figure><figure class='gallery-item'>\n\t\t\t<div class='gallery-icon landscape'>\n\t\t\t\t<a href='https:\/\/logicaisse.ma\/wp-content\/uploads\/2024\/01\/resto06.jpg'><img loading=\"lazy\" decoding=\"async\" width=\"300\" height=\"161\" src=\"https:\/\/logicaisse.ma\/wp-content\/uploads\/2024\/01\/resto06-300x161.jpg\" class=\"attachment-medium size-medium\" alt=\"\" srcset=\"https:\/\/logicaisse.ma\/wp-content\/uploads\/2024\/01\/resto06-300x161.jpg 300w, https:\/\/logicaisse.ma\/wp-content\/uploads\/2024\/01\/resto06-250x134.jpg 250w, https:\/\/logicaisse.ma\/wp-content\/uploads\/2024\/01\/resto06-1024x550.jpg 1024w, https:\/\/logicaisse.ma\/wp-content\/uploads\/2024\/01\/resto06-768x413.jpg 768w, https:\/\/logicaisse.ma\/wp-content\/uploads\/2024\/01\/resto06-1536x826.jpg 1536w, https:\/\/logicaisse.ma\/wp-content\/uploads\/2024\/01\/resto06.jpg 1920w\" sizes=\"(max-width: 300px) 100vw, 300px\" \/><\/a>\n\t\t\t<\/div><\/figure><figure class='gallery-item'>\n\t\t\t<div class='gallery-icon landscape'>\n\t\t\t\t<a href='https:\/\/logicaisse.ma\/wp-content\/uploads\/2024\/01\/resto07.jpg'><img loading=\"lazy\" decoding=\"async\" width=\"300\" height=\"161\" src=\"https:\/\/logicaisse.ma\/wp-content\/uploads\/2024\/01\/resto07-300x161.jpg\" class=\"attachment-medium size-medium\" alt=\"\" srcset=\"https:\/\/logicaisse.ma\/wp-content\/uploads\/2024\/01\/resto07-300x161.jpg 300w, https:\/\/logicaisse.ma\/wp-content\/uploads\/2024\/01\/resto07-250x135.jpg 250w, https:\/\/logicaisse.ma\/wp-content\/uploads\/2024\/01\/resto07-1024x551.jpg 1024w, https:\/\/logicaisse.ma\/wp-content\/uploads\/2024\/01\/resto07-768x413.jpg 768w, https:\/\/logicaisse.ma\/wp-content\/uploads\/2024\/01\/resto07-1536x826.jpg 1536w, https:\/\/logicaisse.ma\/wp-content\/uploads\/2024\/01\/resto07.jpg 1920w\" sizes=\"(max-width: 300px) 100vw, 300px\" \/><\/a>\n\t\t\t<\/div><\/figure><figure class='gallery-item'>\n\t\t\t<div class='gallery-icon landscape'>\n\t\t\t\t<a href='https:\/\/logicaisse.ma\/wp-content\/uploads\/2024\/01\/resto08.jpg'><img loading=\"lazy\" decoding=\"async\" width=\"300\" height=\"159\" src=\"https:\/\/logicaisse.ma\/wp-content\/uploads\/2024\/01\/resto08-300x159.jpg\" class=\"attachment-medium size-medium\" alt=\"\" srcset=\"https:\/\/logicaisse.ma\/wp-content\/uploads\/2024\/01\/resto08-300x159.jpg 300w, https:\/\/logicaisse.ma\/wp-content\/uploads\/2024\/01\/resto08-250x133.jpg 250w, https:\/\/logicaisse.ma\/wp-content\/uploads\/2024\/01\/resto08-1024x543.jpg 1024w, https:\/\/logicaisse.ma\/wp-content\/uploads\/2024\/01\/resto08-768x408.jpg 768w, https:\/\/logicaisse.ma\/wp-content\/uploads\/2024\/01\/resto08-1536x815.jpg 1536w, https:\/\/logicaisse.ma\/wp-content\/uploads\/2024\/01\/resto08.jpg 1583w\" sizes=\"(max-width: 300px) 100vw, 300px\" \/><\/a>\n\t\t\t<\/div><\/figure><figure class='gallery-item'>\n\t\t\t<div class='gallery-icon landscape'>\n\t\t\t\t<a href='https:\/\/logicaisse.ma\/wp-content\/uploads\/2024\/01\/resto09.jpg'><img loading=\"lazy\" decoding=\"async\" width=\"300\" height=\"162\" src=\"https:\/\/logicaisse.ma\/wp-content\/uploads\/2024\/01\/resto09-300x162.jpg\" class=\"attachment-medium size-medium\" alt=\"\" srcset=\"https:\/\/logicaisse.ma\/wp-content\/uploads\/2024\/01\/resto09-300x162.jpg 300w, https:\/\/logicaisse.ma\/wp-content\/uploads\/2024\/01\/resto09-250x135.jpg 250w, https:\/\/logicaisse.ma\/wp-content\/uploads\/2024\/01\/resto09-1024x551.jpg 1024w, https:\/\/logicaisse.ma\/wp-content\/uploads\/2024\/01\/resto09-768x414.jpg 768w, https:\/\/logicaisse.ma\/wp-content\/uploads\/2024\/01\/resto09-1536x827.jpg 1536w, https:\/\/logicaisse.ma\/wp-content\/uploads\/2024\/01\/resto09.jpg 1920w\" sizes=\"(max-width: 300px) 100vw, 300px\" \/><\/a>\n\t\t\t<\/div><\/figure><figure class='gallery-item'>\n\t\t\t<div class='gallery-icon landscape'>\n\t\t\t\t<a href='https:\/\/logicaisse.ma\/wp-content\/uploads\/2024\/01\/resto10.jpg'><img loading=\"lazy\" decoding=\"async\" width=\"300\" height=\"161\" src=\"https:\/\/logicaisse.ma\/wp-content\/uploads\/2024\/01\/resto10-300x161.jpg\" class=\"attachment-medium size-medium\" alt=\"\" srcset=\"https:\/\/logicaisse.ma\/wp-content\/uploads\/2024\/01\/resto10-300x161.jpg 300w, https:\/\/logicaisse.ma\/wp-content\/uploads\/2024\/01\/resto10-250x135.jpg 250w, https:\/\/logicaisse.ma\/wp-content\/uploads\/2024\/01\/resto10-1024x551.jpg 1024w, https:\/\/logicaisse.ma\/wp-content\/uploads\/2024\/01\/resto10-768x413.jpg 768w, https:\/\/logicaisse.ma\/wp-content\/uploads\/2024\/01\/resto10-1536x826.jpg 1536w, https:\/\/logicaisse.ma\/wp-content\/uploads\/2024\/01\/resto10.jpg 1920w\" sizes=\"(max-width: 300px) 100vw, 300px\" \/><\/a>\n\t\t\t<\/div><\/figure><figure class='gallery-item'>\n\t\t\t<div class='gallery-icon landscape'>\n\t\t\t\t<a href='https:\/\/logicaisse.ma\/wp-content\/uploads\/2024\/01\/resto11.jpg'><img loading=\"lazy\" decoding=\"async\" width=\"300\" height=\"161\" src=\"https:\/\/logicaisse.ma\/wp-content\/uploads\/2024\/01\/resto11-300x161.jpg\" class=\"attachment-medium size-medium\" alt=\"\" srcset=\"https:\/\/logicaisse.ma\/wp-content\/uploads\/2024\/01\/resto11-300x161.jpg 300w, https:\/\/logicaisse.ma\/wp-content\/uploads\/2024\/01\/resto11-250x135.jpg 250w, https:\/\/logicaisse.ma\/wp-content\/uploads\/2024\/01\/resto11-1024x551.jpg 1024w, https:\/\/logicaisse.ma\/wp-content\/uploads\/2024\/01\/resto11-768x413.jpg 768w, https:\/\/logicaisse.ma\/wp-content\/uploads\/2024\/01\/resto11-1536x826.jpg 1536w, https:\/\/logicaisse.ma\/wp-content\/uploads\/2024\/01\/resto11.jpg 1920w\" sizes=\"(max-width: 300px) 100vw, 300px\" \/><\/a>\n\t\t\t<\/div><\/figure>\n\t\t<\/div>\n\n<p>&nbsp;<\/p>\n<p>&nbsp;<\/p>\n<p>&nbsp;<\/p>\n<p>&nbsp;<\/p>\n","protected":false},"excerpt":{"rendered":"<p>\ud83d\ude80 R\u00e9volutionnez Votre Restaurant ou Caf\u00e9 avec Notre Logiciel! \ud83c\udf7d\ufe0f<\/p>\n<p><strong>\u064a\u062c\u0628 \u0639\u0644\u064a\u0643\u0645 \u062f\u0641\u0639 999 \u062f\u0631\u0647\u0645 \u0644\u0644\u062d\u0635\u0648\u0644 \u0639\u0644\u0649 \u0645\u0641\u062a\u0627\u062d \u0627\u0644\u062a\u0641\u0639\u064a\u0644 \u0645\u062f\u0649 \u0627\u0644\u062d\u064a\u0627\u0629 \u0628\u0639\u062f \u0627\u0646\u062a\u0647\u0627\u0621 \u0627\u0644\u0646\u0633\u062e\u0629 \u0627\u0644\u062a\u062c\u0631\u064a\u0628\u064a\u0629<\/strong><\/p>\n","protected":false},"featured_media":92495,"template":"","meta":{"_joinchat":{"telephone":"+212660626274"}},"product_brand":[],"product_cat":[78],"product_tag":[83,82,81],"class_list":{"0":"post-92526","1":"product","2":"type-product","3":"status-publish","4":"has-post-thumbnail","6":"product_cat-logiciels-de-caisse","7":"product_tag-caisse","8":"product_tag-logicaisse","9":"product_tag-stock","11":"first","12":"instock","13":"sale","14":"downloadable","15":"virtual","16":"purchasable","17":"product-type-simple"},"yoast_head":"<!-- This site is optimized with the Yoast SEO plugin v25.6 - https:\/\/yoast.com\/wordpress\/plugins\/seo\/ -->\n<title>Logiciel Caf\u00e9 &amp; Snack - Logicaisse<\/title>\n<meta name=\"description\" content=\"R\u00e9volutionnez Votre Restaurant ou Caf\u00e9 avec Notre Logiciel! , Simplifiez la gestion quotidienne, de la prise de commande \u00e0 la gestion des stocks,\" \/>\n<meta name=\"robots\" content=\"index, follow, max-snippet:-1, max-image-preview:large, max-video-preview:-1\" \/>\n<link rel=\"canonical\" href=\"https:\/\/logicaisse.ma\/index.php\/produit\/logiciel-cafe-snack\/\" \/>\n<meta property=\"og:locale\" content=\"fr_FR\" \/>\n<meta property=\"og:type\" content=\"article\" \/>\n<meta property=\"og:title\" content=\"Logiciel Caf\u00e9 &amp; Snack - Logicaisse\" \/>\n<meta property=\"og:description\" content=\"R\u00e9volutionnez Votre Restaurant ou Caf\u00e9 avec Notre Logiciel! , Simplifiez la gestion quotidienne, de la prise de commande \u00e0 la gestion des stocks,\" \/>\n<meta property=\"og:url\" content=\"https:\/\/logicaisse.ma\/index.php\/produit\/logiciel-cafe-snack\/\" \/>\n<meta property=\"og:site_name\" content=\"Logicaisse\" \/>\n<meta property=\"article:publisher\" content=\"https:\/\/web.facebook.com\/logicaisse\/\" \/>\n<meta property=\"article:modified_time\" content=\"2024-03-17T04:26:36+00:00\" \/>\n<meta property=\"og:image\" content=\"https:\/\/logicaisse.ma\/wp-content\/uploads\/2023\/12\/snack02_logicaisse.png\" \/>\n\t<meta property=\"og:image:width\" content=\"1589\" \/>\n\t<meta property=\"og:image:height\" content=\"899\" \/>\n\t<meta property=\"og:image:type\" content=\"image\/png\" \/>\n<meta name=\"twitter:card\" content=\"summary_large_image\" \/>\n<meta name=\"twitter:label1\" content=\"Dur\u00e9e de lecture estim\u00e9e\" \/>\n\t<meta name=\"twitter:data1\" content=\"1 minute\" \/>\n<script type=\"application\/ld+json\" class=\"yoast-schema-graph\">{\"@context\":\"https:\/\/schema.org\",\"@graph\":[{\"@type\":\"WebPage\",\"@id\":\"https:\/\/logicaisse.ma\/index.php\/produit\/logiciel-cafe-snack\/\",\"url\":\"https:\/\/logicaisse.ma\/index.php\/produit\/logiciel-cafe-snack\/\",\"name\":\"Logiciel Caf\u00e9 & Snack - Logicaisse\",\"isPartOf\":{\"@id\":\"https:\/\/logicaisse.ma\/#website\"},\"primaryImageOfPage\":{\"@id\":\"https:\/\/logicaisse.ma\/index.php\/produit\/logiciel-cafe-snack\/#primaryimage\"},\"image\":{\"@id\":\"https:\/\/logicaisse.ma\/index.php\/produit\/logiciel-cafe-snack\/#primaryimage\"},\"thumbnailUrl\":\"https:\/\/logicaisse.ma\/wp-content\/uploads\/2023\/12\/snack02_logicaisse.png\",\"datePublished\":\"2024-01-05T20:03:02+00:00\",\"dateModified\":\"2024-03-17T04:26:36+00:00\",\"description\":\"R\u00e9volutionnez Votre Restaurant ou Caf\u00e9 avec Notre Logiciel! , Simplifiez la gestion quotidienne, de la prise de commande \u00e0 la gestion des stocks,\",\"breadcrumb\":{\"@id\":\"https:\/\/logicaisse.ma\/index.php\/produit\/logiciel-cafe-snack\/#breadcrumb\"},\"inLanguage\":\"fr-FR\",\"potentialAction\":[{\"@type\":\"ReadAction\",\"target\":[\"https:\/\/logicaisse.ma\/index.php\/produit\/logiciel-cafe-snack\/\"]}]},{\"@type\":\"ImageObject\",\"inLanguage\":\"fr-FR\",\"@id\":\"https:\/\/logicaisse.ma\/index.php\/produit\/logiciel-cafe-snack\/#primaryimage\",\"url\":\"https:\/\/logicaisse.ma\/wp-content\/uploads\/2023\/12\/snack02_logicaisse.png\",\"contentUrl\":\"https:\/\/logicaisse.ma\/wp-content\/uploads\/2023\/12\/snack02_logicaisse.png\",\"width\":1589,\"height\":899},{\"@type\":\"BreadcrumbList\",\"@id\":\"https:\/\/logicaisse.ma\/index.php\/produit\/logiciel-cafe-snack\/#breadcrumb\",\"itemListElement\":[{\"@type\":\"ListItem\",\"position\":1,\"name\":\"Accueil\",\"item\":\"https:\/\/logicaisse.ma\/\"},{\"@type\":\"ListItem\",\"position\":2,\"name\":\"Boutique\",\"item\":\"https:\/\/logicaisse.ma\/index.php\/boutique\/\"},{\"@type\":\"ListItem\",\"position\":3,\"name\":\"Logiciel Caf\u00e9 &#038; Snack\"}]},{\"@type\":\"WebSite\",\"@id\":\"https:\/\/logicaisse.ma\/#website\",\"url\":\"https:\/\/logicaisse.ma\/\",\"name\":\"Logicaisse\",\"description\":\"Logiciel de Caisse et Gestion de Stock au Maroc\",\"publisher\":{\"@id\":\"https:\/\/logicaisse.ma\/#organization\"},\"alternateName\":\"Logicaisse Maroc\",\"potentialAction\":[{\"@type\":\"SearchAction\",\"target\":{\"@type\":\"EntryPoint\",\"urlTemplate\":\"https:\/\/logicaisse.ma\/?s={search_term_string}\"},\"query-input\":{\"@type\":\"PropertyValueSpecification\",\"valueRequired\":true,\"valueName\":\"search_term_string\"}}],\"inLanguage\":\"fr-FR\"},{\"@type\":\"Organization\",\"@id\":\"https:\/\/logicaisse.ma\/#organization\",\"name\":\"Logicaisse.ma\",\"alternateName\":\"LOGICAISSE\",\"url\":\"https:\/\/logicaisse.ma\/\",\"logo\":{\"@type\":\"ImageObject\",\"inLanguage\":\"fr-FR\",\"@id\":\"https:\/\/logicaisse.ma\/#\/schema\/logo\/image\/\",\"url\":\"https:\/\/logicaisse.ma\/wp-content\/uploads\/2023\/04\/logilogo-3.png\",\"contentUrl\":\"https:\/\/logicaisse.ma\/wp-content\/uploads\/2023\/04\/logilogo-3.png\",\"width\":1022,\"height\":305,\"caption\":\"Logicaisse.ma\"},\"image\":{\"@id\":\"https:\/\/logicaisse.ma\/#\/schema\/logo\/image\/\"},\"sameAs\":[\"https:\/\/web.facebook.com\/logicaisse\/\"]}]}<\/script>\n<!-- \/ Yoast SEO plugin. -->","yoast_head_json":{"title":"Logiciel Caf\u00e9 & Snack - Logicaisse","description":"R\u00e9volutionnez Votre Restaurant ou Caf\u00e9 avec Notre Logiciel! , Simplifiez la gestion quotidienne, de la prise de commande \u00e0 la gestion des stocks,","robots":{"index":"index","follow":"follow","max-snippet":"max-snippet:-1","max-image-preview":"max-image-preview:large","max-video-preview":"max-video-preview:-1"},"canonical":"https:\/\/logicaisse.ma\/index.php\/produit\/logiciel-cafe-snack\/","og_locale":"fr_FR","og_type":"article","og_title":"Logiciel Caf\u00e9 & Snack - Logicaisse","og_description":"R\u00e9volutionnez Votre Restaurant ou Caf\u00e9 avec Notre Logiciel! , Simplifiez la gestion quotidienne, de la prise de commande \u00e0 la gestion des stocks,","og_url":"https:\/\/logicaisse.ma\/index.php\/produit\/logiciel-cafe-snack\/","og_site_name":"Logicaisse","article_publisher":"https:\/\/web.facebook.com\/logicaisse\/","article_modified_time":"2024-03-17T04:26:36+00:00","og_image":[{"width":1589,"height":899,"url":"https:\/\/logicaisse.ma\/wp-content\/uploads\/2023\/12\/snack02_logicaisse.png","type":"image\/png"}],"twitter_card":"summary_large_image","twitter_misc":{"Dur\u00e9e de lecture estim\u00e9e":"1 minute"},"schema":{"@context":"https:\/\/schema.org","@graph":[{"@type":"WebPage","@id":"https:\/\/logicaisse.ma\/index.php\/produit\/logiciel-cafe-snack\/","url":"https:\/\/logicaisse.ma\/index.php\/produit\/logiciel-cafe-snack\/","name":"Logiciel Caf\u00e9 & Snack - Logicaisse","isPartOf":{"@id":"https:\/\/logicaisse.ma\/#website"},"primaryImageOfPage":{"@id":"https:\/\/logicaisse.ma\/index.php\/produit\/logiciel-cafe-snack\/#primaryimage"},"image":{"@id":"https:\/\/logicaisse.ma\/index.php\/produit\/logiciel-cafe-snack\/#primaryimage"},"thumbnailUrl":"https:\/\/logicaisse.ma\/wp-content\/uploads\/2023\/12\/snack02_logicaisse.png","datePublished":"2024-01-05T20:03:02+00:00","dateModified":"2024-03-17T04:26:36+00:00","description":"R\u00e9volutionnez Votre Restaurant ou Caf\u00e9 avec Notre Logiciel! , Simplifiez la gestion quotidienne, de la prise de commande \u00e0 la gestion des stocks,","breadcrumb":{"@id":"https:\/\/logicaisse.ma\/index.php\/produit\/logiciel-cafe-snack\/#breadcrumb"},"inLanguage":"fr-FR","potentialAction":[{"@type":"ReadAction","target":["https:\/\/logicaisse.ma\/index.php\/produit\/logiciel-cafe-snack\/"]}]},{"@type":"ImageObject","inLanguage":"fr-FR","@id":"https:\/\/logicaisse.ma\/index.php\/produit\/logiciel-cafe-snack\/#primaryimage","url":"https:\/\/logicaisse.ma\/wp-content\/uploads\/2023\/12\/snack02_logicaisse.png","contentUrl":"https:\/\/logicaisse.ma\/wp-content\/uploads\/2023\/12\/snack02_logicaisse.png","width":1589,"height":899},{"@type":"BreadcrumbList","@id":"https:\/\/logicaisse.ma\/index.php\/produit\/logiciel-cafe-snack\/#breadcrumb","itemListElement":[{"@type":"ListItem","position":1,"name":"Accueil","item":"https:\/\/logicaisse.ma\/"},{"@type":"ListItem","position":2,"name":"Boutique","item":"https:\/\/logicaisse.ma\/index.php\/boutique\/"},{"@type":"ListItem","position":3,"name":"Logiciel Caf\u00e9 &#038; Snack"}]},{"@type":"WebSite","@id":"https:\/\/logicaisse.ma\/#website","url":"https:\/\/logicaisse.ma\/","name":"Logicaisse","description":"Logiciel de Caisse et Gestion de Stock au Maroc","publisher":{"@id":"https:\/\/logicaisse.ma\/#organization"},"alternateName":"Logicaisse Maroc","potentialAction":[{"@type":"SearchAction","target":{"@type":"EntryPoint","urlTemplate":"https:\/\/logicaisse.ma\/?s={search_term_string}"},"query-input":{"@type":"PropertyValueSpecification","valueRequired":true,"valueName":"search_term_string"}}],"inLanguage":"fr-FR"},{"@type":"Organization","@id":"https:\/\/logicaisse.ma\/#organization","name":"Logicaisse.ma","alternateName":"LOGICAISSE","url":"https:\/\/logicaisse.ma\/","logo":{"@type":"ImageObject","inLanguage":"fr-FR","@id":"https:\/\/logicaisse.ma\/#\/schema\/logo\/image\/","url":"https:\/\/logicaisse.ma\/wp-content\/uploads\/2023\/04\/logilogo-3.png","contentUrl":"https:\/\/logicaisse.ma\/wp-content\/uploads\/2023\/04\/logilogo-3.png","width":1022,"height":305,"caption":"Logicaisse.ma"},"image":{"@id":"https:\/\/logicaisse.ma\/#\/schema\/logo\/image\/"},"sameAs":["https:\/\/web.facebook.com\/logicaisse\/"]}]}},"_links":{"self":[{"href":"https:\/\/logicaisse.ma\/index.php\/wp-json\/wp\/v2\/product\/92526","targetHints":{"allow":["GET"]}}],"collection":[{"href":"https:\/\/logicaisse.ma\/index.php\/wp-json\/wp\/v2\/product"}],"about":[{"href":"https:\/\/logicaisse.ma\/index.php\/wp-json\/wp\/v2\/types\/product"}],"wp:featuredmedia":[{"embeddable":true,"href":"https:\/\/logicaisse.ma\/index.php\/wp-json\/wp\/v2\/media\/92495"}],"wp:attachment":[{"href":"https:\/\/logicaisse.ma\/index.php\/wp-json\/wp\/v2\/media?parent=92526"}],"wp:term":[{"taxonomy":"product_brand","embeddable":true,"href":"https:\/\/logicaisse.ma\/index.php\/wp-json\/wp\/v2\/product_brand?post=92526"},{"taxonomy":"product_cat","embeddable":true,"href":"https:\/\/logicaisse.ma\/index.php\/wp-json\/wp\/v2\/product_cat?post=92526"},{"taxonomy":"product_tag","embeddable":true,"href":"https:\/\/logicaisse.ma\/index.php\/wp-json\/wp\/v2\/product_tag?post=92526"}],"curies":[{"name":"wp","href":"https:\/\/api.w.org\/{rel}","templated":true}]}}