{"id":92400,"date":"2023-08-19T16:01:56","date_gmt":"2023-08-19T14:01:56","guid":{"rendered":"https:\/\/logicaisse.ma\/?post_type=product&#038;p=92400"},"modified":"2024-01-21T04:59:13","modified_gmt":"2024-01-21T03:59:13","slug":"pack-standard","status":"publish","type":"product","link":"https:\/\/logicaisse.ma\/index.php\/produit\/pack-standard\/","title":{"rendered":"Pack Standard 200DH\/Mois"},"content":{"rendered":"<p>D\u00e9couvrez notre offre exceptionnelle pour la vente de produits :<\/p>\n<p>&#8211; 1 Ann\u00e9e<br \/>\n&#8211; Inclus : 2 Magasin<br \/>\n&#8211; Acc\u00e8s pour 5 Utilisateur<br \/>\n&#8211; Gestion de jusqu&rsquo;\u00e0 1000 Produits<br \/>\n&#8211; Cr\u00e9ation de jusqu&rsquo;\u00e0 5000 Factures<\/p>\n<p>&#8211; Module Catalogue<\/p>\n<p>-Module Reparation<\/p>\n<p>Pour seulement 200 $ \/Par AN, acc\u00e9dez \u00e0 toutes ces fonctionnalit\u00e9s en souscrivant \u00e0 notre abonnement.<\/p>\n","protected":false},"excerpt":{"rendered":"<p>logiciel de caisse POS CLOUD Abonnement Annuel<\/p>\n","protected":false},"featured_media":92255,"template":"","meta":{"_joinchat":[]},"product_brand":[],"product_cat":[85],"product_tag":[],"class_list":{"0":"post-92400","1":"product","2":"type-product","3":"status-publish","4":"has-post-thumbnail","6":"product_cat-pos-cloud","8":"first","9":"instock","10":"shipping-taxable","11":"purchasable","12":"product-type-simple"},"yoast_head":"<!-- This site is optimized with the Yoast SEO plugin v25.6 - https:\/\/yoast.com\/wordpress\/plugins\/seo\/ -->\n<title>Pack Standard 200DH\/Mois - Logicaisse<\/title>\n<meta name=\"description\" content=\"Pos Cloud Logiciel de Caisse Pour seulement 10 $, acc\u00e9dez \u00e0 toutes ces fonctionnalit\u00e9s en souscrivant \u00e0 notre abonnement.\" \/>\n<meta name=\"robots\" content=\"index, follow, max-snippet:-1, max-image-preview:large, max-video-preview:-1\" \/>\n<link rel=\"canonical\" href=\"https:\/\/logicaisse.ma\/index.php\/produit\/pack-standard\/\" \/>\n<meta property=\"og:locale\" content=\"fr_FR\" \/>\n<meta property=\"og:type\" content=\"article\" \/>\n<meta property=\"og:title\" content=\"Pack Standard 200DH\/Mois - Logicaisse\" \/>\n<meta property=\"og:description\" content=\"Pos Cloud Logiciel de Caisse Pour seulement 10 $, acc\u00e9dez \u00e0 toutes ces fonctionnalit\u00e9s en souscrivant \u00e0 notre abonnement.\" \/>\n<meta property=\"og:url\" content=\"https:\/\/logicaisse.ma\/index.php\/produit\/pack-standard\/\" \/>\n<meta property=\"og:site_name\" content=\"Logicaisse\" \/>\n<meta property=\"article:publisher\" content=\"https:\/\/web.facebook.com\/logicaisse\/\" \/>\n<meta property=\"article:modified_time\" content=\"2024-01-21T03:59:13+00:00\" \/>\n<meta property=\"og:image\" content=\"https:\/\/logicaisse.ma\/wp-content\/uploads\/2023\/07\/supermarche-logicaisse-gros.jpg\" \/>\n\t<meta property=\"og:image:width\" content=\"840\" \/>\n\t<meta property=\"og:image:height\" content=\"400\" \/>\n\t<meta property=\"og:image:type\" content=\"image\/jpeg\" \/>\n<meta name=\"twitter:card\" content=\"summary_large_image\" \/>\n<meta name=\"twitter:label1\" content=\"Dur\u00e9e de lecture estim\u00e9e\" \/>\n\t<meta name=\"twitter:data1\" content=\"1 minute\" \/>\n<script type=\"application\/ld+json\" class=\"yoast-schema-graph\">{\"@context\":\"https:\/\/schema.org\",\"@graph\":[{\"@type\":\"WebPage\",\"@id\":\"https:\/\/logicaisse.ma\/index.php\/produit\/pack-standard\/\",\"url\":\"https:\/\/logicaisse.ma\/index.php\/produit\/pack-standard\/\",\"name\":\"Pack Standard 200DH\/Mois - Logicaisse\",\"isPartOf\":{\"@id\":\"https:\/\/logicaisse.ma\/#website\"},\"primaryImageOfPage\":{\"@id\":\"https:\/\/logicaisse.ma\/index.php\/produit\/pack-standard\/#primaryimage\"},\"image\":{\"@id\":\"https:\/\/logicaisse.ma\/index.php\/produit\/pack-standard\/#primaryimage\"},\"thumbnailUrl\":\"https:\/\/logicaisse.ma\/wp-content\/uploads\/2023\/07\/supermarche-logicaisse-gros.jpg\",\"datePublished\":\"2023-08-19T14:01:56+00:00\",\"dateModified\":\"2024-01-21T03:59:13+00:00\",\"description\":\"Pos Cloud Logiciel de Caisse Pour seulement 10 $, acc\u00e9dez \u00e0 toutes ces fonctionnalit\u00e9s en souscrivant \u00e0 notre abonnement.\",\"breadcrumb\":{\"@id\":\"https:\/\/logicaisse.ma\/index.php\/produit\/pack-standard\/#breadcrumb\"},\"inLanguage\":\"fr-FR\",\"potentialAction\":[{\"@type\":\"ReadAction\",\"target\":[\"https:\/\/logicaisse.ma\/index.php\/produit\/pack-standard\/\"]}]},{\"@type\":\"ImageObject\",\"inLanguage\":\"fr-FR\",\"@id\":\"https:\/\/logicaisse.ma\/index.php\/produit\/pack-standard\/#primaryimage\",\"url\":\"https:\/\/logicaisse.ma\/wp-content\/uploads\/2023\/07\/supermarche-logicaisse-gros.jpg\",\"contentUrl\":\"https:\/\/logicaisse.ma\/wp-content\/uploads\/2023\/07\/supermarche-logicaisse-gros.jpg\",\"width\":840,\"height\":400},{\"@type\":\"BreadcrumbList\",\"@id\":\"https:\/\/logicaisse.ma\/index.php\/produit\/pack-standard\/#breadcrumb\",\"itemListElement\":[{\"@type\":\"ListItem\",\"position\":1,\"name\":\"Accueil\",\"item\":\"https:\/\/logicaisse.ma\/\"},{\"@type\":\"ListItem\",\"position\":2,\"name\":\"Boutique\",\"item\":\"https:\/\/logicaisse.ma\/index.php\/boutique\/\"},{\"@type\":\"ListItem\",\"position\":3,\"name\":\"Pack Standard 200DH\/Mois\"}]},{\"@type\":\"WebSite\",\"@id\":\"https:\/\/logicaisse.ma\/#website\",\"url\":\"https:\/\/logicaisse.ma\/\",\"name\":\"Logicaisse\",\"description\":\"Logiciel de Caisse et Gestion de Stock au Maroc\",\"publisher\":{\"@id\":\"https:\/\/logicaisse.ma\/#organization\"},\"alternateName\":\"Logicaisse Maroc\",\"potentialAction\":[{\"@type\":\"SearchAction\",\"target\":{\"@type\":\"EntryPoint\",\"urlTemplate\":\"https:\/\/logicaisse.ma\/?s={search_term_string}\"},\"query-input\":{\"@type\":\"PropertyValueSpecification\",\"valueRequired\":true,\"valueName\":\"search_term_string\"}}],\"inLanguage\":\"fr-FR\"},{\"@type\":\"Organization\",\"@id\":\"https:\/\/logicaisse.ma\/#organization\",\"name\":\"Logicaisse.ma\",\"alternateName\":\"LOGICAISSE\",\"url\":\"https:\/\/logicaisse.ma\/\",\"logo\":{\"@type\":\"ImageObject\",\"inLanguage\":\"fr-FR\",\"@id\":\"https:\/\/logicaisse.ma\/#\/schema\/logo\/image\/\",\"url\":\"https:\/\/logicaisse.ma\/wp-content\/uploads\/2023\/04\/logilogo-3.png\",\"contentUrl\":\"https:\/\/logicaisse.ma\/wp-content\/uploads\/2023\/04\/logilogo-3.png\",\"width\":1022,\"height\":305,\"caption\":\"Logicaisse.ma\"},\"image\":{\"@id\":\"https:\/\/logicaisse.ma\/#\/schema\/logo\/image\/\"},\"sameAs\":[\"https:\/\/web.facebook.com\/logicaisse\/\"]}]}<\/script>\n<!-- \/ Yoast SEO plugin. -->","yoast_head_json":{"title":"Pack Standard 200DH\/Mois - Logicaisse","description":"Pos Cloud Logiciel de Caisse Pour seulement 10 $, acc\u00e9dez \u00e0 toutes ces fonctionnalit\u00e9s en souscrivant \u00e0 notre abonnement.","robots":{"index":"index","follow":"follow","max-snippet":"max-snippet:-1","max-image-preview":"max-image-preview:large","max-video-preview":"max-video-preview:-1"},"canonical":"https:\/\/logicaisse.ma\/index.php\/produit\/pack-standard\/","og_locale":"fr_FR","og_type":"article","og_title":"Pack Standard 200DH\/Mois - Logicaisse","og_description":"Pos Cloud Logiciel de Caisse Pour seulement 10 $, acc\u00e9dez \u00e0 toutes ces fonctionnalit\u00e9s en souscrivant \u00e0 notre abonnement.","og_url":"https:\/\/logicaisse.ma\/index.php\/produit\/pack-standard\/","og_site_name":"Logicaisse","article_publisher":"https:\/\/web.facebook.com\/logicaisse\/","article_modified_time":"2024-01-21T03:59:13+00:00","og_image":[{"width":840,"height":400,"url":"https:\/\/logicaisse.ma\/wp-content\/uploads\/2023\/07\/supermarche-logicaisse-gros.jpg","type":"image\/jpeg"}],"twitter_card":"summary_large_image","twitter_misc":{"Dur\u00e9e de lecture estim\u00e9e":"1 minute"},"schema":{"@context":"https:\/\/schema.org","@graph":[{"@type":"WebPage","@id":"https:\/\/logicaisse.ma\/index.php\/produit\/pack-standard\/","url":"https:\/\/logicaisse.ma\/index.php\/produit\/pack-standard\/","name":"Pack Standard 200DH\/Mois - Logicaisse","isPartOf":{"@id":"https:\/\/logicaisse.ma\/#website"},"primaryImageOfPage":{"@id":"https:\/\/logicaisse.ma\/index.php\/produit\/pack-standard\/#primaryimage"},"image":{"@id":"https:\/\/logicaisse.ma\/index.php\/produit\/pack-standard\/#primaryimage"},"thumbnailUrl":"https:\/\/logicaisse.ma\/wp-content\/uploads\/2023\/07\/supermarche-logicaisse-gros.jpg","datePublished":"2023-08-19T14:01:56+00:00","dateModified":"2024-01-21T03:59:13+00:00","description":"Pos Cloud Logiciel de Caisse Pour seulement 10 $, acc\u00e9dez \u00e0 toutes ces fonctionnalit\u00e9s en souscrivant \u00e0 notre abonnement.","breadcrumb":{"@id":"https:\/\/logicaisse.ma\/index.php\/produit\/pack-standard\/#breadcrumb"},"inLanguage":"fr-FR","potentialAction":[{"@type":"ReadAction","target":["https:\/\/logicaisse.ma\/index.php\/produit\/pack-standard\/"]}]},{"@type":"ImageObject","inLanguage":"fr-FR","@id":"https:\/\/logicaisse.ma\/index.php\/produit\/pack-standard\/#primaryimage","url":"https:\/\/logicaisse.ma\/wp-content\/uploads\/2023\/07\/supermarche-logicaisse-gros.jpg","contentUrl":"https:\/\/logicaisse.ma\/wp-content\/uploads\/2023\/07\/supermarche-logicaisse-gros.jpg","width":840,"height":400},{"@type":"BreadcrumbList","@id":"https:\/\/logicaisse.ma\/index.php\/produit\/pack-standard\/#breadcrumb","itemListElement":[{"@type":"ListItem","position":1,"name":"Accueil","item":"https:\/\/logicaisse.ma\/"},{"@type":"ListItem","position":2,"name":"Boutique","item":"https:\/\/logicaisse.ma\/index.php\/boutique\/"},{"@type":"ListItem","position":3,"name":"Pack Standard 200DH\/Mois"}]},{"@type":"WebSite","@id":"https:\/\/logicaisse.ma\/#website","url":"https:\/\/logicaisse.ma\/","name":"Logicaisse","description":"Logiciel de Caisse et Gestion de Stock au Maroc","publisher":{"@id":"https:\/\/logicaisse.ma\/#organization"},"alternateName":"Logicaisse Maroc","potentialAction":[{"@type":"SearchAction","target":{"@type":"EntryPoint","urlTemplate":"https:\/\/logicaisse.ma\/?s={search_term_string}"},"query-input":{"@type":"PropertyValueSpecification","valueRequired":true,"valueName":"search_term_string"}}],"inLanguage":"fr-FR"},{"@type":"Organization","@id":"https:\/\/logicaisse.ma\/#organization","name":"Logicaisse.ma","alternateName":"LOGICAISSE","url":"https:\/\/logicaisse.ma\/","logo":{"@type":"ImageObject","inLanguage":"fr-FR","@id":"https:\/\/logicaisse.ma\/#\/schema\/logo\/image\/","url":"https:\/\/logicaisse.ma\/wp-content\/uploads\/2023\/04\/logilogo-3.png","contentUrl":"https:\/\/logicaisse.ma\/wp-content\/uploads\/2023\/04\/logilogo-3.png","width":1022,"height":305,"caption":"Logicaisse.ma"},"image":{"@id":"https:\/\/logicaisse.ma\/#\/schema\/logo\/image\/"},"sameAs":["https:\/\/web.facebook.com\/logicaisse\/"]}]}},"_links":{"self":[{"href":"https:\/\/logicaisse.ma\/index.php\/wp-json\/wp\/v2\/product\/92400","targetHints":{"allow":["GET"]}}],"collection":[{"href":"https:\/\/logicaisse.ma\/index.php\/wp-json\/wp\/v2\/product"}],"about":[{"href":"https:\/\/logicaisse.ma\/index.php\/wp-json\/wp\/v2\/types\/product"}],"wp:featuredmedia":[{"embeddable":true,"href":"https:\/\/logicaisse.ma\/index.php\/wp-json\/wp\/v2\/media\/92255"}],"wp:attachment":[{"href":"https:\/\/logicaisse.ma\/index.php\/wp-json\/wp\/v2\/media?parent=92400"}],"wp:term":[{"taxonomy":"product_brand","embeddable":true,"href":"https:\/\/logicaisse.ma\/index.php\/wp-json\/wp\/v2\/product_brand?post=92400"},{"taxonomy":"product_cat","embeddable":true,"href":"https:\/\/logicaisse.ma\/index.php\/wp-json\/wp\/v2\/product_cat?post=92400"},{"taxonomy":"product_tag","embeddable":true,"href":"https:\/\/logicaisse.ma\/index.php\/wp-json\/wp\/v2\/product_tag?post=92400"}],"curies":[{"name":"wp","href":"https:\/\/api.w.org\/{rel}","templated":true}]}}