{"id":93097,"date":"2024-06-03T23:31:25","date_gmt":"2024-06-03T21:31:25","guid":{"rendered":"https:\/\/logicaisse.ma\/?page_id=93097"},"modified":"2024-06-03T23:41:14","modified_gmt":"2024-06-03T21:41:14","slug":"retour","status":"publish","type":"page","link":"https:\/\/logicaisse.ma\/index.php\/retour\/","title":{"rendered":"Retours"},"content":{"rendered":"\t\t<div data-elementor-type=\"wp-page\" data-elementor-id=\"93097\" class=\"elementor elementor-93097\">\n\t\t\t\t\t\t<section class=\"default no-position elementor-section elementor-top-section elementor-element elementor-element-ab60505 elementor-section-boxed elementor-section-height-default elementor-section-height-default\" data-id=\"ab60505\" data-element_type=\"section\">\n\t\t\t\t\t\t<div class=\"elementor-container elementor-column-gap-default\">\n\t\t\t\t\t<div class=\"elementor-column elementor-col-100 elementor-top-column elementor-element elementor-element-aa6feae\" data-id=\"aa6feae\" data-element_type=\"column\">\n\t\t\t<div class=\"elementor-widget-wrap elementor-element-populated\">\n\t\t\t\t\t\t<div class=\"elementor-element elementor-element-0c6b19d elementor-widget elementor-widget-heading\" data-id=\"0c6b19d\" data-element_type=\"widget\" data-widget_type=\"heading.default\">\n\t\t\t\t<div class=\"elementor-widget-container\">\n\t\t\t\t\t<h4 class=\"elementor-heading-title elementor-size-default\">RETOURS ET REMBOURSEMENTS<\/h4>\t\t\t\t<\/div>\n\t\t\t\t<\/div>\n\t\t\t\t\t<\/div>\n\t\t<\/div>\n\t\t\t\t\t<\/div>\n\t\t<\/section>\n\t\t\t\t<section class=\"default no-position elementor-section elementor-top-section elementor-element elementor-element-8839015 elementor-section-boxed elementor-section-height-default elementor-section-height-default\" data-id=\"8839015\" data-element_type=\"section\">\n\t\t\t\t\t\t<div class=\"elementor-container elementor-column-gap-default\">\n\t\t\t\t\t<div class=\"elementor-column elementor-col-100 elementor-top-column elementor-element elementor-element-a8dbbe2\" data-id=\"a8dbbe2\" data-element_type=\"column\">\n\t\t\t<div class=\"elementor-widget-wrap elementor-element-populated\">\n\t\t\t\t\t\t<div class=\"elementor-element elementor-element-b155c15 elementor-widget elementor-widget-text-editor\" data-id=\"b155c15\" data-element_type=\"widget\" data-widget_type=\"text-editor.default\">\n\t\t\t\t<div class=\"elementor-widget-container\">\n\t\t\t\t\t\t\t\t\t<h4 style=\"text-align: center;\"><span style=\"text-decoration: underline;\">Politique de Remboursement<\/span><\/h4><p><strong>Chez LogiCaisse, nous nous engageons \u00e0 fournir des produits et des services de haute qualit\u00e9. Si vous n&rsquo;\u00eates pas enti\u00e8rement satisfait de votre achat, veuillez consulter notre politique de remboursement ci-dessous :<\/strong><\/p><h5>Conditions de Remboursement<\/h5><ul><li><h4>Mat\u00e9riel\u00a0<\/h4><p>&#8211; Les retours sont accept\u00e9s dans un d\u00e9lai de 7 jours \u00e0 compter de la date d&rsquo;achat.<br \/>&#8211; Le mat\u00e9riel doit \u00eatre en parfait \u00e9tat, non utilis\u00e9 et dans son emballage d&rsquo;origine.<br \/>&#8211; Les frais d&rsquo;exp\u00e9dition initiaux ne sont pas remboursables.<br \/>&#8211; Les frais de retour sont \u00e0 la charge du client, sauf si le retour est d\u00fb \u00e0 une erreur de notre part (<strong>par exemple, envoi d&rsquo;un article incorrect<\/strong>).<br \/>&#8211; <strong>Le mat\u00e9riel sans emballage d&rsquo;origine ne sera pas rembours\u00e9.<\/strong><br \/>&#8211; Si le mat\u00e9riel neuf pr\u00e9sente un d\u00e9faut, le client doit confirmer ce d\u00e9faut avant l&rsquo;envoi. L&rsquo;envoi sera \u00e0 la charge du client par un fournisseur de livraison.<br \/>&#8211; Mat\u00e9riel d&rsquo;occasion : Le mat\u00e9riel d&rsquo;occasion b\u00e9n\u00e9ficie d&rsquo;une <strong>garantie de 1 mois<\/strong> \u00e0 compter de la date d&rsquo;achat.<\/p><\/li><\/ul><ul><li><h4>Logiciel de Caisse\u00a0<\/h4><p>&#8211; Aucun remboursement ne sera accord\u00e9 pour les logiciels.<br \/>&#8211; <strong>Le logiciel offre une p\u00e9riode de test de 5 jours<\/strong> avant activation de la licence. Une fois la licence appliqu\u00e9e, le logiciel ne sera pas rembours\u00e9 apr\u00e8s 5 jours.<br \/>&#8211; Si vous souhaitez utiliser le logiciel sur une autre machine, une nouvelle licence sera factur\u00e9e.<\/p><\/li><li><h5>Proc\u00e9dure de Retour<\/h5><p>&#8211; Pour initier un retour, veuillez contacter notre service client \u00e0 (info@logicaisse.ma) ou message whatsapp (+212660626274)<br \/>&#8211; Fournissez les d\u00e9tails de votre commande ainsi que la raison du retour.<br \/>&#8211; Nous vous fournirons une autorisation de retour ainsi que les instructions n\u00e9cessaires pour le renvoi du produit<\/p><\/li><\/ul><ul><li><h5>Traitement des Remboursements<\/h5><p>&#8211; Une fois votre retour re\u00e7u et inspect\u00e9, nous vous enverrons un email pour vous informer de la r\u00e9ception de votre article retourn\u00e9.<br \/>&#8211; Nous vous informerons \u00e9galement de l&rsquo;approbation ou du rejet de votre remboursement.<br \/>&#8211; Si votre remboursement est approuv\u00e9, un cr\u00e9dit sera automatiquement appliqu\u00e9 \u00e0 votre carte de cr\u00e9dit ou \u00e0 votre m\u00e9thode de paiement initiale max. 14 jours ouvrables.<\/p><\/li><\/ul><ul><li><h5>Articles Non Remboursables<\/h5><p>&#8211; Cartes-cadeaux.<br \/>&#8211; Tout article retourn\u00e9 plus de 7 jours apr\u00e8s la livraison.<br \/><strong>&#8211; Mat\u00e9riel sans emballage d&rsquo;origine.<\/strong><\/p><\/li><\/ul><ul><li><h5>\u00c9changes<\/h5><p>&#8211; Nous rempla\u00e7ons uniquement les articles s&rsquo;ils sont d\u00e9fectueux ou endommag\u00e9s. Si vous avez besoin de l&rsquo;\u00e9changer contre le m\u00eame article, veuillez nous contacter \u00e0 <strong>info@logicaisse.ma<\/strong><\/p><\/li><\/ul><ul><li><h5>Garantie<\/h5><p>&#8211; Les articles couverts par une garantie seront r\u00e9par\u00e9s ou remplac\u00e9s conform\u00e9ment aux termes de la garantie.<br \/>&#8211; Mat\u00e9riel d&rsquo;occasion : Le mat\u00e9riel d&rsquo;occasion b\u00e9n\u00e9ficie d&rsquo;une garantie de 1 mois \u00e0 compter de la date d&rsquo;achat.<br \/>&#8211; Pour les r\u00e9parations sous garantie, veuillez contacter notre service client pour obtenir des instructions suppl\u00e9mentaires.<\/p><\/li><\/ul><div>\u00a0<\/div><p>Nous appr\u00e9cions votre compr\u00e9hension et votre coop\u00e9ration. Si vous avez des questions suppl\u00e9mentaires concernant notre politique de remboursement, n&rsquo;h\u00e9sitez pas \u00e0 nous <a href=\"https:\/\/logicaisse.ma\/index.php\/contact\/\">contacter<\/a>.<\/p>\t\t\t\t\t\t\t\t<\/div>\n\t\t\t\t<\/div>\n\t\t\t\t\t<\/div>\n\t\t<\/div>\n\t\t\t\t\t<\/div>\n\t\t<\/section>\n\t\t\t\t<\/div>\n\t\t","protected":false},"excerpt":{"rendered":"<p>RETOURS ET REMBOURSEMENTS Politique de Remboursement Chez LogiCaisse, nous nous engageons \u00e0 fournir des produits et des services de haute qualit\u00e9. Si vous n&rsquo;\u00eates pas enti\u00e8rement satisfait de votre achat, veuillez consulter notre politique de remboursement ci-dessous : Conditions de Remboursement Mat\u00e9riel\u00a0 &#8211; Les retours sont accept\u00e9s dans un d\u00e9lai de 7 jours \u00e0 compter&#8230;<\/p>\n","protected":false},"author":1,"featured_media":0,"parent":0,"menu_order":0,"comment_status":"closed","ping_status":"closed","template":"","meta":{"_joinchat":[],"footnotes":""},"class_list":["post-93097","page","type-page","status-publish","hentry"],"yoast_head":"<!-- This site is optimized with the Yoast SEO plugin v25.6 - https:\/\/yoast.com\/wordpress\/plugins\/seo\/ -->\n<title>Retours - Logicaisse<\/title>\n<meta name=\"robots\" content=\"index, follow, max-snippet:-1, max-image-preview:large, max-video-preview:-1\" \/>\n<link rel=\"canonical\" href=\"https:\/\/logicaisse.ma\/index.php\/retour\/\" \/>\n<meta property=\"og:locale\" content=\"fr_FR\" \/>\n<meta property=\"og:type\" content=\"article\" \/>\n<meta property=\"og:title\" content=\"Retours - Logicaisse\" \/>\n<meta property=\"og:description\" content=\"RETOURS ET REMBOURSEMENTS Politique de Remboursement Chez LogiCaisse, nous nous engageons \u00e0 fournir des produits et des services de haute qualit\u00e9. Si vous n&rsquo;\u00eates pas enti\u00e8rement satisfait de votre achat, veuillez consulter notre politique de remboursement ci-dessous : Conditions de Remboursement Mat\u00e9riel\u00a0 &#8211; Les retours sont accept\u00e9s dans un d\u00e9lai de 7 jours \u00e0 compter...\" \/>\n<meta property=\"og:url\" content=\"https:\/\/logicaisse.ma\/index.php\/retour\/\" \/>\n<meta property=\"og:site_name\" content=\"Logicaisse\" \/>\n<meta property=\"article:publisher\" content=\"https:\/\/web.facebook.com\/logicaisse\/\" \/>\n<meta property=\"article:modified_time\" content=\"2024-06-03T21:41:14+00:00\" \/>\n<meta property=\"og:image\" content=\"https:\/\/logicaisse.ma\/wp-content\/uploads\/2023\/04\/logilogo-3.png\" \/>\n\t<meta property=\"og:image:width\" content=\"1022\" \/>\n\t<meta property=\"og:image:height\" content=\"305\" \/>\n\t<meta property=\"og:image:type\" content=\"image\/png\" \/>\n<meta name=\"twitter:card\" content=\"summary_large_image\" \/>\n<meta name=\"twitter:label1\" content=\"Dur\u00e9e de lecture estim\u00e9e\" \/>\n\t<meta name=\"twitter:data1\" content=\"3 minutes\" \/>\n<script type=\"application\/ld+json\" class=\"yoast-schema-graph\">{\"@context\":\"https:\/\/schema.org\",\"@graph\":[{\"@type\":\"WebPage\",\"@id\":\"https:\/\/logicaisse.ma\/index.php\/retour\/\",\"url\":\"https:\/\/logicaisse.ma\/index.php\/retour\/\",\"name\":\"Retours - Logicaisse\",\"isPartOf\":{\"@id\":\"https:\/\/logicaisse.ma\/#website\"},\"datePublished\":\"2024-06-03T21:31:25+00:00\",\"dateModified\":\"2024-06-03T21:41:14+00:00\",\"breadcrumb\":{\"@id\":\"https:\/\/logicaisse.ma\/index.php\/retour\/#breadcrumb\"},\"inLanguage\":\"fr-FR\",\"potentialAction\":[{\"@type\":\"ReadAction\",\"target\":[\"https:\/\/logicaisse.ma\/index.php\/retour\/\"]}]},{\"@type\":\"BreadcrumbList\",\"@id\":\"https:\/\/logicaisse.ma\/index.php\/retour\/#breadcrumb\",\"itemListElement\":[{\"@type\":\"ListItem\",\"position\":1,\"name\":\"Accueil\",\"item\":\"https:\/\/logicaisse.ma\/\"},{\"@type\":\"ListItem\",\"position\":2,\"name\":\"Retours\"}]},{\"@type\":\"WebSite\",\"@id\":\"https:\/\/logicaisse.ma\/#website\",\"url\":\"https:\/\/logicaisse.ma\/\",\"name\":\"Logicaisse\",\"description\":\"Logiciel de Caisse et Gestion de Stock au Maroc\",\"publisher\":{\"@id\":\"https:\/\/logicaisse.ma\/#organization\"},\"alternateName\":\"Logicaisse Maroc\",\"potentialAction\":[{\"@type\":\"SearchAction\",\"target\":{\"@type\":\"EntryPoint\",\"urlTemplate\":\"https:\/\/logicaisse.ma\/?s={search_term_string}\"},\"query-input\":{\"@type\":\"PropertyValueSpecification\",\"valueRequired\":true,\"valueName\":\"search_term_string\"}}],\"inLanguage\":\"fr-FR\"},{\"@type\":\"Organization\",\"@id\":\"https:\/\/logicaisse.ma\/#organization\",\"name\":\"Logicaisse.ma\",\"alternateName\":\"LOGICAISSE\",\"url\":\"https:\/\/logicaisse.ma\/\",\"logo\":{\"@type\":\"ImageObject\",\"inLanguage\":\"fr-FR\",\"@id\":\"https:\/\/logicaisse.ma\/#\/schema\/logo\/image\/\",\"url\":\"https:\/\/logicaisse.ma\/wp-content\/uploads\/2023\/04\/logilogo-3.png\",\"contentUrl\":\"https:\/\/logicaisse.ma\/wp-content\/uploads\/2023\/04\/logilogo-3.png\",\"width\":1022,\"height\":305,\"caption\":\"Logicaisse.ma\"},\"image\":{\"@id\":\"https:\/\/logicaisse.ma\/#\/schema\/logo\/image\/\"},\"sameAs\":[\"https:\/\/web.facebook.com\/logicaisse\/\"]}]}<\/script>\n<!-- \/ Yoast SEO plugin. -->","yoast_head_json":{"title":"Retours - Logicaisse","robots":{"index":"index","follow":"follow","max-snippet":"max-snippet:-1","max-image-preview":"max-image-preview:large","max-video-preview":"max-video-preview:-1"},"canonical":"https:\/\/logicaisse.ma\/index.php\/retour\/","og_locale":"fr_FR","og_type":"article","og_title":"Retours - Logicaisse","og_description":"RETOURS ET REMBOURSEMENTS Politique de Remboursement Chez LogiCaisse, nous nous engageons \u00e0 fournir des produits et des services de haute qualit\u00e9. Si vous n&rsquo;\u00eates pas enti\u00e8rement satisfait de votre achat, veuillez consulter notre politique de remboursement ci-dessous : Conditions de Remboursement Mat\u00e9riel\u00a0 &#8211; Les retours sont accept\u00e9s dans un d\u00e9lai de 7 jours \u00e0 compter...","og_url":"https:\/\/logicaisse.ma\/index.php\/retour\/","og_site_name":"Logicaisse","article_publisher":"https:\/\/web.facebook.com\/logicaisse\/","article_modified_time":"2024-06-03T21:41:14+00:00","og_image":[{"width":1022,"height":305,"url":"https:\/\/logicaisse.ma\/wp-content\/uploads\/2023\/04\/logilogo-3.png","type":"image\/png"}],"twitter_card":"summary_large_image","twitter_misc":{"Dur\u00e9e de lecture estim\u00e9e":"3 minutes"},"schema":{"@context":"https:\/\/schema.org","@graph":[{"@type":"WebPage","@id":"https:\/\/logicaisse.ma\/index.php\/retour\/","url":"https:\/\/logicaisse.ma\/index.php\/retour\/","name":"Retours - Logicaisse","isPartOf":{"@id":"https:\/\/logicaisse.ma\/#website"},"datePublished":"2024-06-03T21:31:25+00:00","dateModified":"2024-06-03T21:41:14+00:00","breadcrumb":{"@id":"https:\/\/logicaisse.ma\/index.php\/retour\/#breadcrumb"},"inLanguage":"fr-FR","potentialAction":[{"@type":"ReadAction","target":["https:\/\/logicaisse.ma\/index.php\/retour\/"]}]},{"@type":"BreadcrumbList","@id":"https:\/\/logicaisse.ma\/index.php\/retour\/#breadcrumb","itemListElement":[{"@type":"ListItem","position":1,"name":"Accueil","item":"https:\/\/logicaisse.ma\/"},{"@type":"ListItem","position":2,"name":"Retours"}]},{"@type":"WebSite","@id":"https:\/\/logicaisse.ma\/#website","url":"https:\/\/logicaisse.ma\/","name":"Logicaisse","description":"Logiciel de Caisse et Gestion de Stock au Maroc","publisher":{"@id":"https:\/\/logicaisse.ma\/#organization"},"alternateName":"Logicaisse Maroc","potentialAction":[{"@type":"SearchAction","target":{"@type":"EntryPoint","urlTemplate":"https:\/\/logicaisse.ma\/?s={search_term_string}"},"query-input":{"@type":"PropertyValueSpecification","valueRequired":true,"valueName":"search_term_string"}}],"inLanguage":"fr-FR"},{"@type":"Organization","@id":"https:\/\/logicaisse.ma\/#organization","name":"Logicaisse.ma","alternateName":"LOGICAISSE","url":"https:\/\/logicaisse.ma\/","logo":{"@type":"ImageObject","inLanguage":"fr-FR","@id":"https:\/\/logicaisse.ma\/#\/schema\/logo\/image\/","url":"https:\/\/logicaisse.ma\/wp-content\/uploads\/2023\/04\/logilogo-3.png","contentUrl":"https:\/\/logicaisse.ma\/wp-content\/uploads\/2023\/04\/logilogo-3.png","width":1022,"height":305,"caption":"Logicaisse.ma"},"image":{"@id":"https:\/\/logicaisse.ma\/#\/schema\/logo\/image\/"},"sameAs":["https:\/\/web.facebook.com\/logicaisse\/"]}]}},"_links":{"self":[{"href":"https:\/\/logicaisse.ma\/index.php\/wp-json\/wp\/v2\/pages\/93097","targetHints":{"allow":["GET"]}}],"collection":[{"href":"https:\/\/logicaisse.ma\/index.php\/wp-json\/wp\/v2\/pages"}],"about":[{"href":"https:\/\/logicaisse.ma\/index.php\/wp-json\/wp\/v2\/types\/page"}],"author":[{"embeddable":true,"href":"https:\/\/logicaisse.ma\/index.php\/wp-json\/wp\/v2\/users\/1"}],"replies":[{"embeddable":true,"href":"https:\/\/logicaisse.ma\/index.php\/wp-json\/wp\/v2\/comments?post=93097"}],"version-history":[{"count":13,"href":"https:\/\/logicaisse.ma\/index.php\/wp-json\/wp\/v2\/pages\/93097\/revisions"}],"predecessor-version":[{"id":93114,"href":"https:\/\/logicaisse.ma\/index.php\/wp-json\/wp\/v2\/pages\/93097\/revisions\/93114"}],"wp:attachment":[{"href":"https:\/\/logicaisse.ma\/index.php\/wp-json\/wp\/v2\/media?parent=93097"}],"curies":[{"name":"wp","href":"https:\/\/api.w.org\/{rel}","templated":true}]}}