{"id":92942,"date":"2024-03-01T21:50:23","date_gmt":"2024-03-01T20:50:23","guid":{"rendered":"https:\/\/logicaisse.ma\/?page_id=92942"},"modified":"2024-07-28T05:22:43","modified_gmt":"2024-07-28T03:22:43","slug":"paiements","status":"publish","type":"page","link":"https:\/\/logicaisse.ma\/index.php\/paiements\/","title":{"rendered":"Paiements"},"content":{"rendered":"\t\t<div data-elementor-type=\"wp-page\" data-elementor-id=\"92942\" class=\"elementor elementor-92942\">\n\t\t\t\t\t\t<section class=\"default no-position elementor-section elementor-top-section elementor-element elementor-element-104610c elementor-section-boxed elementor-section-height-default elementor-section-height-default\" data-id=\"104610c\" data-element_type=\"section\">\n\t\t\t\t\t\t<div class=\"elementor-container elementor-column-gap-default\">\n\t\t\t\t\t<div class=\"elementor-column elementor-col-100 elementor-top-column elementor-element elementor-element-4fb9ff4\" data-id=\"4fb9ff4\" data-element_type=\"column\">\n\t\t\t<div class=\"elementor-widget-wrap elementor-element-populated\">\n\t\t\t\t\t\t<div class=\"elementor-element elementor-element-d45e284 elementor-widget elementor-widget-spacer\" data-id=\"d45e284\" data-element_type=\"widget\" data-widget_type=\"spacer.default\">\n\t\t\t\t<div class=\"elementor-widget-container\">\n\t\t\t\t\t\t\t<div class=\"elementor-spacer\">\n\t\t\t<div class=\"elementor-spacer-inner\"><\/div>\n\t\t<\/div>\n\t\t\t\t\t\t<\/div>\n\t\t\t\t<\/div>\n\t\t\t\t\t<\/div>\n\t\t<\/div>\n\t\t\t\t\t<\/div>\n\t\t<\/section>\n\t\t\t\t<section class=\"default no-position elementor-section elementor-top-section elementor-element elementor-element-6945b5e elementor-section-boxed elementor-section-height-default elementor-section-height-default\" data-id=\"6945b5e\" data-element_type=\"section\">\n\t\t\t\t\t\t<div class=\"elementor-container elementor-column-gap-default\">\n\t\t\t\t\t<div class=\"elementor-column elementor-col-100 elementor-top-column elementor-element elementor-element-a4de12d\" data-id=\"a4de12d\" data-element_type=\"column\">\n\t\t\t<div class=\"elementor-widget-wrap elementor-element-populated\">\n\t\t\t\t\t\t<div class=\"elementor-element elementor-element-911d297 elementor-widget elementor-widget-heading\" data-id=\"911d297\" data-element_type=\"widget\" data-widget_type=\"heading.default\">\n\t\t\t\t<div class=\"elementor-widget-container\">\n\t\t\t\t\t<h2 class=\"elementor-heading-title elementor-size-default\">LOGICAISSE vous facilite les proc\u00e9dures d\u2019achats par la mise en place de diff\u00e9rentes possibilit\u00e9s de paiements.\n\n\nMerci d'envoyer le justificatif du paiement \u00e0 \ninfo@logicaisse.ma ou WhatsApp \n +212 660 62 62 74<\/h2>\t\t\t\t<\/div>\n\t\t\t\t<\/div>\n\t\t\t\t\t<\/div>\n\t\t<\/div>\n\t\t\t\t\t<\/div>\n\t\t<\/section>\n\t\t\t\t<section class=\"default no-position elementor-section elementor-top-section elementor-element elementor-element-c74dce5 elementor-section-boxed elementor-section-height-default elementor-section-height-default\" data-id=\"c74dce5\" data-element_type=\"section\">\n\t\t\t\t\t\t<div class=\"elementor-container elementor-column-gap-default\">\n\t\t\t\t\t<div class=\"elementor-column elementor-col-100 elementor-top-column elementor-element elementor-element-be9da7f\" data-id=\"be9da7f\" data-element_type=\"column\">\n\t\t\t<div class=\"elementor-widget-wrap elementor-element-populated\">\n\t\t\t\t\t\t<div class=\"elementor-element elementor-element-f8e32c5 elementor-widget-divider--view-line elementor-widget elementor-widget-divider\" data-id=\"f8e32c5\" data-element_type=\"widget\" data-widget_type=\"divider.default\">\n\t\t\t\t<div class=\"elementor-widget-container\">\n\t\t\t\t\t\t\t<div class=\"elementor-divider\">\n\t\t\t<span class=\"elementor-divider-separator\">\n\t\t\t\t\t\t<\/span>\n\t\t<\/div>\n\t\t\t\t\t\t<\/div>\n\t\t\t\t<\/div>\n\t\t\t\t\t<\/div>\n\t\t<\/div>\n\t\t\t\t\t<\/div>\n\t\t<\/section>\n\t\t\t\t<section class=\"default no-position elementor-section elementor-top-section elementor-element elementor-element-28121a7 elementor-section-boxed elementor-section-height-default elementor-section-height-default\" data-id=\"28121a7\" data-element_type=\"section\">\n\t\t\t\t\t\t<div class=\"elementor-container elementor-column-gap-default\">\n\t\t\t\t\t<div class=\"elementor-column elementor-col-50 elementor-top-column elementor-element elementor-element-5cb3017\" data-id=\"5cb3017\" data-element_type=\"column\">\n\t\t\t<div class=\"elementor-widget-wrap elementor-element-populated\">\n\t\t\t\t\t\t<div class=\"elementor-element elementor-element-c8ff34d elementor-widget elementor-widget-image\" data-id=\"c8ff34d\" data-element_type=\"widget\" data-widget_type=\"image.default\">\n\t\t\t\t<div class=\"elementor-widget-container\">\n\t\t\t\t\t\t\t\t\t\t\t\t\t\t\t<img fetchpriority=\"high\" decoding=\"async\" width=\"640\" height=\"341\" src=\"https:\/\/logicaisse.ma\/wp-content\/uploads\/2024\/03\/Sans-titre-1-30-1024x546-1.png\" class=\"attachment-large size-large wp-image-92947\" alt=\"\" srcset=\"https:\/\/logicaisse.ma\/wp-content\/uploads\/2024\/03\/Sans-titre-1-30-1024x546-1.png 1024w, https:\/\/logicaisse.ma\/wp-content\/uploads\/2024\/03\/Sans-titre-1-30-1024x546-1-250x133.png 250w, https:\/\/logicaisse.ma\/wp-content\/uploads\/2024\/03\/Sans-titre-1-30-1024x546-1-300x160.png 300w, https:\/\/logicaisse.ma\/wp-content\/uploads\/2024\/03\/Sans-titre-1-30-1024x546-1-768x410.png 768w\" sizes=\"(max-width: 640px) 100vw, 640px\" \/>\t\t\t\t\t\t\t\t\t\t\t\t\t\t\t<\/div>\n\t\t\t\t<\/div>\n\t\t\t\t\t<\/div>\n\t\t<\/div>\n\t\t\t\t<div class=\"elementor-column elementor-col-50 elementor-top-column elementor-element elementor-element-09225cf\" data-id=\"09225cf\" data-element_type=\"column\">\n\t\t\t<div class=\"elementor-widget-wrap elementor-element-populated\">\n\t\t\t\t\t\t<div class=\"elementor-element elementor-element-c382a9d elementor-widget elementor-widget-text-editor\" data-id=\"c382a9d\" data-element_type=\"widget\" data-widget_type=\"text-editor.default\">\n\t\t\t\t<div class=\"elementor-widget-container\">\n\t\t\t\t\t\t\t\t\t<h5><strong>Virement \/ Versement Bancaire<\/strong><\/h5><p>Veuillez libeller votre virement au nom de: LOGICAISSE<\/p><p>Banque:\u00a0 \u00a0<strong>Attijariwafa Bank<\/strong><\/p><p>R.I.B:\u00a0 \u00a0 \u00a0 \u00a0 \u00a0<strong>007780000547100000088526<\/strong><\/p><p>Merci d&rsquo;envoyer le justificatif du paiement \u00e0\u00a0<br \/><strong>info@logicaisse.ma<\/strong>\u00a0ou WhatsApp\u00a0<strong> +212 660 62 62 74<\/strong><\/p><p><em>D\u00e9lai de validation:\u00a0Votre paiement sera valid\u00e9 le m\u00eame jour, si effectu\u00e9 dans les heures de travail.<\/em><\/p>\t\t\t\t\t\t\t\t<\/div>\n\t\t\t\t<\/div>\n\t\t\t\t\t<\/div>\n\t\t<\/div>\n\t\t\t\t\t<\/div>\n\t\t<\/section>\n\t\t\t\t<section class=\"default no-position elementor-section elementor-top-section elementor-element elementor-element-bb6a5f5 elementor-section-boxed elementor-section-height-default elementor-section-height-default\" data-id=\"bb6a5f5\" data-element_type=\"section\">\n\t\t\t\t\t\t<div class=\"elementor-container elementor-column-gap-default\">\n\t\t\t\t\t<div class=\"elementor-column elementor-col-100 elementor-top-column elementor-element elementor-element-095cd69\" data-id=\"095cd69\" data-element_type=\"column\">\n\t\t\t<div class=\"elementor-widget-wrap elementor-element-populated\">\n\t\t\t\t\t\t<div class=\"elementor-element elementor-element-6dd9e0c elementor-widget-divider--view-line elementor-widget elementor-widget-divider\" data-id=\"6dd9e0c\" data-element_type=\"widget\" data-widget_type=\"divider.default\">\n\t\t\t\t<div class=\"elementor-widget-container\">\n\t\t\t\t\t\t\t<div class=\"elementor-divider\">\n\t\t\t<span class=\"elementor-divider-separator\">\n\t\t\t\t\t\t<\/span>\n\t\t<\/div>\n\t\t\t\t\t\t<\/div>\n\t\t\t\t<\/div>\n\t\t\t\t\t<\/div>\n\t\t<\/div>\n\t\t\t\t\t<\/div>\n\t\t<\/section>\n\t\t\t\t<section class=\"default no-position elementor-section elementor-top-section elementor-element elementor-element-5334f35 elementor-section-boxed elementor-section-height-default elementor-section-height-default\" data-id=\"5334f35\" data-element_type=\"section\">\n\t\t\t\t\t\t<div class=\"elementor-container elementor-column-gap-default\">\n\t\t\t\t\t<div class=\"elementor-column elementor-col-50 elementor-top-column elementor-element elementor-element-2a4df07\" data-id=\"2a4df07\" data-element_type=\"column\">\n\t\t\t<div class=\"elementor-widget-wrap elementor-element-populated\">\n\t\t\t\t\t\t<div class=\"elementor-element elementor-element-535731f elementor-widget elementor-widget-image\" data-id=\"535731f\" data-element_type=\"widget\" data-widget_type=\"image.default\">\n\t\t\t\t<div class=\"elementor-widget-container\">\n\t\t\t\t\t\t\t\t\t\t\t\t\t\t\t<img decoding=\"async\" width=\"340\" height=\"212\" src=\"https:\/\/logicaisse.ma\/wp-content\/uploads\/2024\/02\/cashplus-logo.jpg\" class=\"attachment-large size-large wp-image-92714\" alt=\"\" srcset=\"https:\/\/logicaisse.ma\/wp-content\/uploads\/2024\/02\/cashplus-logo.jpg 340w, https:\/\/logicaisse.ma\/wp-content\/uploads\/2024\/02\/cashplus-logo-250x156.jpg 250w, https:\/\/logicaisse.ma\/wp-content\/uploads\/2024\/02\/cashplus-logo-300x187.jpg 300w\" sizes=\"(max-width: 340px) 100vw, 340px\" \/>\t\t\t\t\t\t\t\t\t\t\t\t\t\t\t<\/div>\n\t\t\t\t<\/div>\n\t\t\t\t\t<\/div>\n\t\t<\/div>\n\t\t\t\t<div class=\"elementor-column elementor-col-50 elementor-top-column elementor-element elementor-element-69c5775\" data-id=\"69c5775\" data-element_type=\"column\">\n\t\t\t<div class=\"elementor-widget-wrap elementor-element-populated\">\n\t\t\t\t\t\t<div class=\"elementor-element elementor-element-b40860d elementor-widget__width-initial elementor-widget elementor-widget-text-editor\" data-id=\"b40860d\" data-element_type=\"widget\" data-widget_type=\"text-editor.default\">\n\t\t\t\t<div class=\"elementor-widget-container\">\n\t\t\t\t\t\t\t\t\t<p>\u00a0<\/p><p>Pour Les Virements\u00a0<b>CASHPLUS\u00a0<\/b> Contacter nous sur whatsapp : <strong>0660-626274<\/strong><\/p>\t\t\t\t\t\t\t\t<\/div>\n\t\t\t\t<\/div>\n\t\t\t\t\t<\/div>\n\t\t<\/div>\n\t\t\t\t\t<\/div>\n\t\t<\/section>\n\t\t\t\t<section class=\"default no-position elementor-section elementor-top-section elementor-element elementor-element-7c6953d elementor-section-boxed elementor-section-height-default elementor-section-height-default\" data-id=\"7c6953d\" data-element_type=\"section\">\n\t\t\t\t\t\t<div class=\"elementor-container elementor-column-gap-default\">\n\t\t\t\t\t<div class=\"elementor-column elementor-col-100 elementor-top-column elementor-element elementor-element-d27426c\" data-id=\"d27426c\" data-element_type=\"column\">\n\t\t\t<div class=\"elementor-widget-wrap elementor-element-populated\">\n\t\t\t\t\t\t<div class=\"elementor-element elementor-element-f980db2 elementor-widget-divider--view-line elementor-widget elementor-widget-divider\" data-id=\"f980db2\" data-element_type=\"widget\" data-widget_type=\"divider.default\">\n\t\t\t\t<div class=\"elementor-widget-container\">\n\t\t\t\t\t\t\t<div class=\"elementor-divider\">\n\t\t\t<span class=\"elementor-divider-separator\">\n\t\t\t\t\t\t<\/span>\n\t\t<\/div>\n\t\t\t\t\t\t<\/div>\n\t\t\t\t<\/div>\n\t\t\t\t\t<\/div>\n\t\t<\/div>\n\t\t\t\t\t<\/div>\n\t\t<\/section>\n\t\t\t\t<section class=\"default no-position elementor-section elementor-top-section elementor-element elementor-element-c9f807a elementor-section-boxed elementor-section-height-default elementor-section-height-default\" data-id=\"c9f807a\" data-element_type=\"section\">\n\t\t\t\t\t\t<div class=\"elementor-container elementor-column-gap-default\">\n\t\t\t\t\t<div class=\"elementor-column elementor-col-50 elementor-top-column elementor-element elementor-element-658cf27\" data-id=\"658cf27\" data-element_type=\"column\">\n\t\t\t<div class=\"elementor-widget-wrap elementor-element-populated\">\n\t\t\t\t\t\t<div class=\"elementor-element elementor-element-9e94ec5 elementor-widget elementor-widget-image\" data-id=\"9e94ec5\" data-element_type=\"widget\" data-widget_type=\"image.default\">\n\t\t\t\t<div class=\"elementor-widget-container\">\n\t\t\t\t\t\t\t\t\t\t\t\t\t\t\t\t<a href=\"https:\/\/paypal.me\/shopiquema?country.x=MA&#038;locale.x=fr_XC\">\n\t\t\t\t\t\t\t<img decoding=\"async\" width=\"171\" height=\"47\" src=\"https:\/\/logicaisse.ma\/wp-content\/uploads\/2024\/02\/btn_buynowCC_LG.gif\" class=\"attachment-large size-large wp-image-92713\" alt=\"\" \/>\t\t\t\t\t\t\t\t<\/a>\n\t\t\t\t\t\t\t\t\t\t\t\t\t\t\t<\/div>\n\t\t\t\t<\/div>\n\t\t\t\t\t<\/div>\n\t\t<\/div>\n\t\t\t\t<div class=\"elementor-column elementor-col-50 elementor-top-column elementor-element elementor-element-bbd83b9\" data-id=\"bbd83b9\" data-element_type=\"column\">\n\t\t\t<div class=\"elementor-widget-wrap elementor-element-populated\">\n\t\t\t\t\t\t<div class=\"elementor-element elementor-element-d4968f3 elementor-widget elementor-widget-text-editor\" data-id=\"d4968f3\" data-element_type=\"widget\" data-widget_type=\"text-editor.default\">\n\t\t\t\t<div class=\"elementor-widget-container\">\n\t\t\t\t\t\t\t\t\t<h5><strong>Paypal \/ International Credit Card<\/strong><\/h5><h6>Nous acceptons les r\u00e9glements par Paypal, leader du paiement en ligne. Grace \u00e0 Paypal, vous avez la possibilit\u00e9 de r\u00e9gler vos achats avec les cartes de cr\u00e9dit internationales (Visa, Mastercard, American Express\u2026)<\/h6><div><p><em>D\u00e9lai de validation:\u00a0La plupart de nos services sont automatiquement activ\u00e9s apr\u00e8s le paiement.<\/em><\/p><\/div>\t\t\t\t\t\t\t\t<\/div>\n\t\t\t\t<\/div>\n\t\t\t\t\t<\/div>\n\t\t<\/div>\n\t\t\t\t\t<\/div>\n\t\t<\/section>\n\t\t\t\t<section class=\"default no-position elementor-section elementor-top-section elementor-element elementor-element-a56f09b elementor-section-boxed elementor-section-height-default elementor-section-height-default\" data-id=\"a56f09b\" data-element_type=\"section\">\n\t\t\t\t\t\t<div class=\"elementor-container elementor-column-gap-default\">\n\t\t\t\t\t<div class=\"elementor-column elementor-col-100 elementor-top-column elementor-element elementor-element-ec06c3e\" data-id=\"ec06c3e\" data-element_type=\"column\">\n\t\t\t<div class=\"elementor-widget-wrap elementor-element-populated\">\n\t\t\t\t\t\t<div class=\"elementor-element elementor-element-a034346 elementor-widget-divider--view-line elementor-widget elementor-widget-divider\" data-id=\"a034346\" data-element_type=\"widget\" data-widget_type=\"divider.default\">\n\t\t\t\t<div class=\"elementor-widget-container\">\n\t\t\t\t\t\t\t<div class=\"elementor-divider\">\n\t\t\t<span class=\"elementor-divider-separator\">\n\t\t\t\t\t\t<\/span>\n\t\t<\/div>\n\t\t\t\t\t\t<\/div>\n\t\t\t\t<\/div>\n\t\t\t\t\t<\/div>\n\t\t<\/div>\n\t\t\t\t\t<\/div>\n\t\t<\/section>\n\t\t\t\t<section class=\"default no-position elementor-section elementor-top-section elementor-element elementor-element-540c265 elementor-section-boxed elementor-section-height-default elementor-section-height-default\" data-id=\"540c265\" data-element_type=\"section\">\n\t\t\t\t\t\t<div class=\"elementor-container elementor-column-gap-default\">\n\t\t\t\t\t<div class=\"elementor-column elementor-col-50 elementor-top-column elementor-element elementor-element-a0defdf\" data-id=\"a0defdf\" data-element_type=\"column\">\n\t\t\t<div class=\"elementor-widget-wrap elementor-element-populated\">\n\t\t\t\t\t\t<div class=\"elementor-element elementor-element-d91ba7a elementor-widget elementor-widget-image\" data-id=\"d91ba7a\" data-element_type=\"widget\" data-widget_type=\"image.default\">\n\t\t\t\t<div class=\"elementor-widget-container\">\n\t\t\t\t\t\t\t\t\t\t\t\t\t\t\t<img loading=\"lazy\" decoding=\"async\" width=\"178\" height=\"169\" src=\"https:\/\/logicaisse.ma\/wp-content\/uploads\/2024\/03\/pmt-check.png\" class=\"attachment-large size-large wp-image-92975\" alt=\"\" \/>\t\t\t\t\t\t\t\t\t\t\t\t\t\t\t<\/div>\n\t\t\t\t<\/div>\n\t\t\t\t\t<\/div>\n\t\t<\/div>\n\t\t\t\t<div class=\"elementor-column elementor-col-50 elementor-top-column elementor-element elementor-element-7fadf49\" data-id=\"7fadf49\" data-element_type=\"column\">\n\t\t\t<div class=\"elementor-widget-wrap elementor-element-populated\">\n\t\t\t\t\t\t<div class=\"elementor-element elementor-element-bdb40f9 elementor-widget elementor-widget-text-editor\" data-id=\"bdb40f9\" data-element_type=\"widget\" data-widget_type=\"text-editor.default\">\n\t\t\t\t<div class=\"elementor-widget-container\">\n\t\t\t\t\t\t\t\t\t<h2>Ch\u00e8que<\/h2><p>Veuillez libeller votre paiement au nom de:\u00a0<strong>LOGICAISSE<\/strong><\/p><p>Envoyez le ch\u00e8que \u00e0 l\u2019adresse suivante:\u00a0<\/p><p>LOGICAISSE<br \/>46 bd zerktouni etage 2 appt n\u00b06\u00a0<br \/>CASABLANCA, Maroc<\/p><p><em>D\u00e9lai de validation:\u00a0Votre paiement sera valid\u00e9 \u00e0 la r\u00e9ception de votre ch\u00e8que.<\/em><\/p>\t\t\t\t\t\t\t\t<\/div>\n\t\t\t\t<\/div>\n\t\t\t\t\t<\/div>\n\t\t<\/div>\n\t\t\t\t\t<\/div>\n\t\t<\/section>\n\t\t\t\t<\/div>\n\t\t","protected":false},"excerpt":{"rendered":"<p>LOGICAISSE vous facilite les proc\u00e9dures d\u2019achats par la mise en place de diff\u00e9rentes possibilit\u00e9s de paiements. Merci d&rsquo;envoyer le justificatif du paiement \u00e0 info@logicaisse.ma ou WhatsApp +212 660 62 62 74 Virement \/ Versement Bancaire Veuillez libeller votre virement au nom de: LOGICAISSE Banque:\u00a0 \u00a0Attijariwafa Bank R.I.B:\u00a0 \u00a0 \u00a0 \u00a0 \u00a0007780000547100000088526 Merci d&rsquo;envoyer le justificatif&#8230;<\/p>\n","protected":false},"author":1,"featured_media":0,"parent":0,"menu_order":0,"comment_status":"closed","ping_status":"closed","template":"","meta":{"_joinchat":[],"footnotes":""},"class_list":["post-92942","page","type-page","status-publish","hentry"],"yoast_head":"<!-- This site is optimized with the Yoast SEO plugin v25.6 - https:\/\/yoast.com\/wordpress\/plugins\/seo\/ -->\n<title>Paiements - Logicaisse<\/title>\n<meta name=\"robots\" content=\"index, follow, max-snippet:-1, max-image-preview:large, max-video-preview:-1\" \/>\n<link rel=\"canonical\" href=\"https:\/\/logicaisse.ma\/index.php\/paiements\/\" \/>\n<meta property=\"og:locale\" content=\"fr_FR\" \/>\n<meta property=\"og:type\" content=\"article\" \/>\n<meta property=\"og:title\" content=\"Paiements - Logicaisse\" \/>\n<meta property=\"og:description\" content=\"LOGICAISSE vous facilite les proc\u00e9dures d\u2019achats par la mise en place de diff\u00e9rentes possibilit\u00e9s de paiements. Merci d&rsquo;envoyer le justificatif du paiement \u00e0 info@logicaisse.ma ou WhatsApp +212 660 62 62 74 Virement \/ Versement Bancaire Veuillez libeller votre virement au nom de: LOGICAISSE Banque:\u00a0 \u00a0Attijariwafa Bank R.I.B:\u00a0 \u00a0 \u00a0 \u00a0 \u00a0007780000547100000088526 Merci d&rsquo;envoyer le justificatif...\" \/>\n<meta property=\"og:url\" content=\"https:\/\/logicaisse.ma\/index.php\/paiements\/\" \/>\n<meta property=\"og:site_name\" content=\"Logicaisse\" \/>\n<meta property=\"article:publisher\" content=\"https:\/\/web.facebook.com\/logicaisse\/\" \/>\n<meta property=\"article:modified_time\" content=\"2024-07-28T03:22:43+00:00\" \/>\n<meta property=\"og:image\" content=\"https:\/\/logicaisse.ma\/wp-content\/uploads\/2024\/03\/Sans-titre-1-30-1024x546-1.png\" \/>\n<meta name=\"twitter:card\" content=\"summary_large_image\" \/>\n<meta name=\"twitter:label1\" content=\"Dur\u00e9e de lecture estim\u00e9e\" \/>\n\t<meta name=\"twitter:data1\" content=\"2 minutes\" \/>\n<script type=\"application\/ld+json\" class=\"yoast-schema-graph\">{\"@context\":\"https:\/\/schema.org\",\"@graph\":[{\"@type\":\"WebPage\",\"@id\":\"https:\/\/logicaisse.ma\/index.php\/paiements\/\",\"url\":\"https:\/\/logicaisse.ma\/index.php\/paiements\/\",\"name\":\"Paiements - Logicaisse\",\"isPartOf\":{\"@id\":\"https:\/\/logicaisse.ma\/#website\"},\"primaryImageOfPage\":{\"@id\":\"https:\/\/logicaisse.ma\/index.php\/paiements\/#primaryimage\"},\"image\":{\"@id\":\"https:\/\/logicaisse.ma\/index.php\/paiements\/#primaryimage\"},\"thumbnailUrl\":\"https:\/\/logicaisse.ma\/wp-content\/uploads\/2024\/03\/Sans-titre-1-30-1024x546-1.png\",\"datePublished\":\"2024-03-01T20:50:23+00:00\",\"dateModified\":\"2024-07-28T03:22:43+00:00\",\"breadcrumb\":{\"@id\":\"https:\/\/logicaisse.ma\/index.php\/paiements\/#breadcrumb\"},\"inLanguage\":\"fr-FR\",\"potentialAction\":[{\"@type\":\"ReadAction\",\"target\":[\"https:\/\/logicaisse.ma\/index.php\/paiements\/\"]}]},{\"@type\":\"ImageObject\",\"inLanguage\":\"fr-FR\",\"@id\":\"https:\/\/logicaisse.ma\/index.php\/paiements\/#primaryimage\",\"url\":\"https:\/\/logicaisse.ma\/wp-content\/uploads\/2024\/03\/Sans-titre-1-30-1024x546-1.png\",\"contentUrl\":\"https:\/\/logicaisse.ma\/wp-content\/uploads\/2024\/03\/Sans-titre-1-30-1024x546-1.png\",\"width\":1024,\"height\":546},{\"@type\":\"BreadcrumbList\",\"@id\":\"https:\/\/logicaisse.ma\/index.php\/paiements\/#breadcrumb\",\"itemListElement\":[{\"@type\":\"ListItem\",\"position\":1,\"name\":\"Accueil\",\"item\":\"https:\/\/logicaisse.ma\/\"},{\"@type\":\"ListItem\",\"position\":2,\"name\":\"Paiements\"}]},{\"@type\":\"WebSite\",\"@id\":\"https:\/\/logicaisse.ma\/#website\",\"url\":\"https:\/\/logicaisse.ma\/\",\"name\":\"Logicaisse\",\"description\":\"Logiciel de Caisse et Gestion de Stock au Maroc\",\"publisher\":{\"@id\":\"https:\/\/logicaisse.ma\/#organization\"},\"alternateName\":\"Logicaisse Maroc\",\"potentialAction\":[{\"@type\":\"SearchAction\",\"target\":{\"@type\":\"EntryPoint\",\"urlTemplate\":\"https:\/\/logicaisse.ma\/?s={search_term_string}\"},\"query-input\":{\"@type\":\"PropertyValueSpecification\",\"valueRequired\":true,\"valueName\":\"search_term_string\"}}],\"inLanguage\":\"fr-FR\"},{\"@type\":\"Organization\",\"@id\":\"https:\/\/logicaisse.ma\/#organization\",\"name\":\"Logicaisse.ma\",\"alternateName\":\"LOGICAISSE\",\"url\":\"https:\/\/logicaisse.ma\/\",\"logo\":{\"@type\":\"ImageObject\",\"inLanguage\":\"fr-FR\",\"@id\":\"https:\/\/logicaisse.ma\/#\/schema\/logo\/image\/\",\"url\":\"https:\/\/logicaisse.ma\/wp-content\/uploads\/2023\/04\/logilogo-3.png\",\"contentUrl\":\"https:\/\/logicaisse.ma\/wp-content\/uploads\/2023\/04\/logilogo-3.png\",\"width\":1022,\"height\":305,\"caption\":\"Logicaisse.ma\"},\"image\":{\"@id\":\"https:\/\/logicaisse.ma\/#\/schema\/logo\/image\/\"},\"sameAs\":[\"https:\/\/web.facebook.com\/logicaisse\/\"]}]}<\/script>\n<!-- \/ Yoast SEO plugin. -->","yoast_head_json":{"title":"Paiements - Logicaisse","robots":{"index":"index","follow":"follow","max-snippet":"max-snippet:-1","max-image-preview":"max-image-preview:large","max-video-preview":"max-video-preview:-1"},"canonical":"https:\/\/logicaisse.ma\/index.php\/paiements\/","og_locale":"fr_FR","og_type":"article","og_title":"Paiements - Logicaisse","og_description":"LOGICAISSE vous facilite les proc\u00e9dures d\u2019achats par la mise en place de diff\u00e9rentes possibilit\u00e9s de paiements. Merci d&rsquo;envoyer le justificatif du paiement \u00e0 info@logicaisse.ma ou WhatsApp +212 660 62 62 74 Virement \/ Versement Bancaire Veuillez libeller votre virement au nom de: LOGICAISSE Banque:\u00a0 \u00a0Attijariwafa Bank R.I.B:\u00a0 \u00a0 \u00a0 \u00a0 \u00a0007780000547100000088526 Merci d&rsquo;envoyer le justificatif...","og_url":"https:\/\/logicaisse.ma\/index.php\/paiements\/","og_site_name":"Logicaisse","article_publisher":"https:\/\/web.facebook.com\/logicaisse\/","article_modified_time":"2024-07-28T03:22:43+00:00","og_image":[{"url":"https:\/\/logicaisse.ma\/wp-content\/uploads\/2024\/03\/Sans-titre-1-30-1024x546-1.png","type":"","width":"","height":""}],"twitter_card":"summary_large_image","twitter_misc":{"Dur\u00e9e de lecture estim\u00e9e":"2 minutes"},"schema":{"@context":"https:\/\/schema.org","@graph":[{"@type":"WebPage","@id":"https:\/\/logicaisse.ma\/index.php\/paiements\/","url":"https:\/\/logicaisse.ma\/index.php\/paiements\/","name":"Paiements - Logicaisse","isPartOf":{"@id":"https:\/\/logicaisse.ma\/#website"},"primaryImageOfPage":{"@id":"https:\/\/logicaisse.ma\/index.php\/paiements\/#primaryimage"},"image":{"@id":"https:\/\/logicaisse.ma\/index.php\/paiements\/#primaryimage"},"thumbnailUrl":"https:\/\/logicaisse.ma\/wp-content\/uploads\/2024\/03\/Sans-titre-1-30-1024x546-1.png","datePublished":"2024-03-01T20:50:23+00:00","dateModified":"2024-07-28T03:22:43+00:00","breadcrumb":{"@id":"https:\/\/logicaisse.ma\/index.php\/paiements\/#breadcrumb"},"inLanguage":"fr-FR","potentialAction":[{"@type":"ReadAction","target":["https:\/\/logicaisse.ma\/index.php\/paiements\/"]}]},{"@type":"ImageObject","inLanguage":"fr-FR","@id":"https:\/\/logicaisse.ma\/index.php\/paiements\/#primaryimage","url":"https:\/\/logicaisse.ma\/wp-content\/uploads\/2024\/03\/Sans-titre-1-30-1024x546-1.png","contentUrl":"https:\/\/logicaisse.ma\/wp-content\/uploads\/2024\/03\/Sans-titre-1-30-1024x546-1.png","width":1024,"height":546},{"@type":"BreadcrumbList","@id":"https:\/\/logicaisse.ma\/index.php\/paiements\/#breadcrumb","itemListElement":[{"@type":"ListItem","position":1,"name":"Accueil","item":"https:\/\/logicaisse.ma\/"},{"@type":"ListItem","position":2,"name":"Paiements"}]},{"@type":"WebSite","@id":"https:\/\/logicaisse.ma\/#website","url":"https:\/\/logicaisse.ma\/","name":"Logicaisse","description":"Logiciel de Caisse et Gestion de Stock au Maroc","publisher":{"@id":"https:\/\/logicaisse.ma\/#organization"},"alternateName":"Logicaisse Maroc","potentialAction":[{"@type":"SearchAction","target":{"@type":"EntryPoint","urlTemplate":"https:\/\/logicaisse.ma\/?s={search_term_string}"},"query-input":{"@type":"PropertyValueSpecification","valueRequired":true,"valueName":"search_term_string"}}],"inLanguage":"fr-FR"},{"@type":"Organization","@id":"https:\/\/logicaisse.ma\/#organization","name":"Logicaisse.ma","alternateName":"LOGICAISSE","url":"https:\/\/logicaisse.ma\/","logo":{"@type":"ImageObject","inLanguage":"fr-FR","@id":"https:\/\/logicaisse.ma\/#\/schema\/logo\/image\/","url":"https:\/\/logicaisse.ma\/wp-content\/uploads\/2023\/04\/logilogo-3.png","contentUrl":"https:\/\/logicaisse.ma\/wp-content\/uploads\/2023\/04\/logilogo-3.png","width":1022,"height":305,"caption":"Logicaisse.ma"},"image":{"@id":"https:\/\/logicaisse.ma\/#\/schema\/logo\/image\/"},"sameAs":["https:\/\/web.facebook.com\/logicaisse\/"]}]}},"_links":{"self":[{"href":"https:\/\/logicaisse.ma\/index.php\/wp-json\/wp\/v2\/pages\/92942","targetHints":{"allow":["GET"]}}],"collection":[{"href":"https:\/\/logicaisse.ma\/index.php\/wp-json\/wp\/v2\/pages"}],"about":[{"href":"https:\/\/logicaisse.ma\/index.php\/wp-json\/wp\/v2\/types\/page"}],"author":[{"embeddable":true,"href":"https:\/\/logicaisse.ma\/index.php\/wp-json\/wp\/v2\/users\/1"}],"replies":[{"embeddable":true,"href":"https:\/\/logicaisse.ma\/index.php\/wp-json\/wp\/v2\/comments?post=92942"}],"version-history":[{"count":35,"href":"https:\/\/logicaisse.ma\/index.php\/wp-json\/wp\/v2\/pages\/92942\/revisions"}],"predecessor-version":[{"id":93189,"href":"https:\/\/logicaisse.ma\/index.php\/wp-json\/wp\/v2\/pages\/92942\/revisions\/93189"}],"wp:attachment":[{"href":"https:\/\/logicaisse.ma\/index.php\/wp-json\/wp\/v2\/media?parent=92942"}],"curies":[{"name":"wp","href":"https:\/\/api.w.org\/{rel}","templated":true}]}}