{"id":92891,"date":"2024-02-19T04:59:15","date_gmt":"2024-02-19T03:59:15","guid":{"rendered":"https:\/\/logicaisse.ma\/?page_id=92891"},"modified":"2024-03-16T18:38:04","modified_gmt":"2024-03-16T17:38:04","slug":"fitgest","status":"publish","type":"page","link":"https:\/\/logicaisse.ma\/index.php\/fitgest\/","title":{"rendered":"FitGest"},"content":{"rendered":"\t\t<div data-elementor-type=\"wp-page\" data-elementor-id=\"92891\" class=\"elementor elementor-92891\">\n\t\t\t\t\t\t<section class=\"default no-position elementor-section elementor-top-section elementor-element elementor-element-fdb5a4e elementor-section-boxed elementor-section-height-default elementor-section-height-default\" data-id=\"fdb5a4e\" data-element_type=\"section\">\n\t\t\t\t\t\t<div class=\"elementor-container elementor-column-gap-default\">\n\t\t\t\t\t<div class=\"elementor-column elementor-col-100 elementor-top-column elementor-element elementor-element-5580e01\" data-id=\"5580e01\" data-element_type=\"column\">\n\t\t\t<div class=\"elementor-widget-wrap elementor-element-populated\">\n\t\t\t\t\t\t<div class=\"elementor-element elementor-element-a594142 elementor-widget elementor-widget-heading\" data-id=\"a594142\" data-element_type=\"widget\" data-widget_type=\"heading.default\">\n\t\t\t\t<div class=\"elementor-widget-container\">\n\t\t\t\t\t<h2 class=\"elementor-heading-title elementor-size-default\">FitGest pour gestiondes abonn\u00e9s des salle de sports\u2026<\/h2>\t\t\t\t<\/div>\n\t\t\t\t<\/div>\n\t\t\t\t\t<\/div>\n\t\t<\/div>\n\t\t\t\t\t<\/div>\n\t\t<\/section>\n\t\t\t\t<section class=\"default no-position elementor-section elementor-top-section elementor-element elementor-element-f8884ca elementor-section-boxed elementor-section-height-default elementor-section-height-default\" data-id=\"f8884ca\" data-element_type=\"section\">\n\t\t\t\t\t\t<div class=\"elementor-container elementor-column-gap-default\">\n\t\t\t\t\t<div class=\"elementor-column elementor-col-100 elementor-top-column elementor-element elementor-element-0fe096f\" data-id=\"0fe096f\" data-element_type=\"column\">\n\t\t\t<div class=\"elementor-widget-wrap elementor-element-populated\">\n\t\t\t\t\t\t<div class=\"elementor-element elementor-element-6ef683f elementor-widget elementor-widget-text-editor\" data-id=\"6ef683f\" data-element_type=\"widget\" data-widget_type=\"text-editor.default\">\n\t\t\t\t<div class=\"elementor-widget-container\">\n\t\t\t\t\t\t\t\t\t<p>Le prix de cette version est de<span style=\"text-decoration: underline;\"><strong>&nbsp;499 Dirhams HT<\/strong><\/span> &nbsp;\u00e0 vie pour un seul poste (version d&rsquo;essai 5 jours gratuit). logiciel avec des simples fonctinalit\u00e9s simple a utiliser.<\/p>\t\t\t\t\t\t\t\t<\/div>\n\t\t\t\t<\/div>\n\t\t\t\t\t<\/div>\n\t\t<\/div>\n\t\t\t\t\t<\/div>\n\t\t<\/section>\n\t\t\t\t<section class=\"default no-position elementor-section elementor-top-section elementor-element elementor-element-1756443 elementor-section-boxed elementor-section-height-default elementor-section-height-default\" data-id=\"1756443\" data-element_type=\"section\">\n\t\t\t\t\t\t<div class=\"elementor-container elementor-column-gap-default\">\n\t\t\t\t\t<div class=\"elementor-column elementor-col-50 elementor-top-column elementor-element elementor-element-8f9db97\" data-id=\"8f9db97\" data-element_type=\"column\">\n\t\t\t<div class=\"elementor-widget-wrap elementor-element-populated\">\n\t\t\t\t\t\t<div class=\"elementor-element elementor-element-152c802 elementor-widget elementor-widget-text-editor\" data-id=\"152c802\" data-element_type=\"widget\" data-widget_type=\"text-editor.default\">\n\t\t\t\t<div class=\"elementor-widget-container\">\n\t\t\t\t\t\t\t\t\t<h5><a href=\"https:\/\/logicaisse.ma\/soft\/FitGest.EXE\"><strong>T\u00e9l\u00e9charger la version de d\u00e9monstration \u00a0 \u00a0<\/strong><\/a><a href=\"https:\/\/logicaisse.ma\/soft\/FitGest.EXE\"><img decoding=\"async\" class=\"alignnone wp-image-92701\" style=\"font-size: 16px;\" src=\"https:\/\/logicaisse.ma\/wp-content\/uploads\/2024\/02\/telecharger-300x300.png\" alt=\"\" width=\"50\" height=\"50\" srcset=\"https:\/\/logicaisse.ma\/wp-content\/uploads\/2024\/02\/telecharger-300x300.png 300w, https:\/\/logicaisse.ma\/wp-content\/uploads\/2024\/02\/telecharger-250x250.png 250w, https:\/\/logicaisse.ma\/wp-content\/uploads\/2024\/02\/telecharger-100x100.png 100w, https:\/\/logicaisse.ma\/wp-content\/uploads\/2024\/02\/telecharger-150x150.png 150w, https:\/\/logicaisse.ma\/wp-content\/uploads\/2024\/02\/telecharger-500x500.png 500w, https:\/\/logicaisse.ma\/wp-content\/uploads\/2024\/02\/telecharger.png 512w\" sizes=\"(max-width: 50px) 100vw, 50px\" \/><\/a><\/h5>\t\t\t\t\t\t\t\t<\/div>\n\t\t\t\t<\/div>\n\t\t\t\t\t<\/div>\n\t\t<\/div>\n\t\t\t\t<div class=\"elementor-column elementor-col-50 elementor-top-column elementor-element elementor-element-427ec15\" data-id=\"427ec15\" data-element_type=\"column\">\n\t\t\t<div class=\"elementor-widget-wrap elementor-element-populated\">\n\t\t\t\t\t\t<div class=\"elementor-element elementor-element-714f15b elementor-widget elementor-widget-text-editor\" data-id=\"714f15b\" data-element_type=\"widget\" data-widget_type=\"text-editor.default\">\n\t\t\t\t<div class=\"elementor-widget-container\">\n\t\t\t\t\t\t\t\t\t<p>Pour le paiment <b>PAYPAL<\/b>clique ici :\u00a0 \u00a0 \u00a0 \u00a0 \u00a0 \u00a0 \u00a0<a href=\"https:\/\/paypal.me\/shopiquema?country.x=MA&amp;locale.x=fr_XC\"><img decoding=\"async\" class=\"alignnone size-full wp-image-92713\" src=\"https:\/\/logicaisse.ma\/wp-content\/uploads\/2024\/02\/btn_buynowCC_LG.gif\" alt=\"\" width=\"171\" height=\"47\" \/><\/a><\/p><p>Pour Les Virements <b>CASHPLUS <\/b>Voila le num\u00e9ro Rib :\u00a0<\/p><p><strong><img decoding=\"async\" class=\"alignnone wp-image-92714\" src=\"https:\/\/logicaisse.ma\/wp-content\/uploads\/2024\/02\/cashplus-logo-300x187.jpg\" alt=\"\" width=\"162\" height=\"101\" srcset=\"https:\/\/logicaisse.ma\/wp-content\/uploads\/2024\/02\/cashplus-logo-300x187.jpg 300w, https:\/\/logicaisse.ma\/wp-content\/uploads\/2024\/02\/cashplus-logo-250x156.jpg 250w, https:\/\/logicaisse.ma\/wp-content\/uploads\/2024\/02\/cashplus-logo.jpg 340w\" sizes=\"(max-width: 162px) 100vw, 162px\" \/>\u00a0 \u00a0 \u00a0 \u00a0 \u00a0 \u00a0 \u00a0 \u00a0 \u00a0 \u00a0 \u00a0 \u00a0 \u00a0 835780030017047170139276<\/strong><\/p>\t\t\t\t\t\t\t\t<\/div>\n\t\t\t\t<\/div>\n\t\t\t\t\t<\/div>\n\t\t<\/div>\n\t\t\t\t\t<\/div>\n\t\t<\/section>\n\t\t\t\t<section class=\"default no-position elementor-section elementor-top-section elementor-element elementor-element-545d18c3 elementor-section-full_width elementor-section-content-bottom elementor-section-stretched elementor-reverse-mobile elementor-section-height-default elementor-section-height-default\" data-id=\"545d18c3\" data-element_type=\"section\" data-settings=\"{&quot;stretch_section&quot;:&quot;section-stretched&quot;,&quot;background_background&quot;:&quot;classic&quot;}\">\n\t\t\t\t\t\t<div class=\"elementor-container elementor-column-gap-default\">\n\t\t\t\t\t<div class=\"elementor-column elementor-col-50 elementor-top-column elementor-element elementor-element-5428181c\" data-id=\"5428181c\" data-element_type=\"column\">\n\t\t\t<div class=\"elementor-widget-wrap elementor-element-populated\">\n\t\t\t\t\t\t<div class=\"elementor-element elementor-element-5f52485 elementor-widget elementor-widget-rs-heading\" data-id=\"5f52485\" data-element_type=\"widget\" data-widget_type=\"rs-heading.default\">\n\t\t\t\t<div class=\"elementor-widget-container\">\n\t\t\t\t\t\n        <div class=\"prelements-heading style13 animate-default left normal_color  subnormal_color dots_ subnormal_color\">\n        \t<div class=\"title-inner\">      \t\t\n\t            <span class=\"sub-text\"> \n\t\t\t<img decoding=\"async\" src=\"https:\/\/demo.rstheme.com\/wordpress\/tekone\/wp-content\/uploads\/2023\/03\/heart-pulse-rate-white.svg\" alt=\"icon\"> Contacter Nous <img decoding=\"async\" src=\"https:\/\/demo.rstheme.com\/wordpress\/tekone\/wp-content\/uploads\/2023\/03\/heart-pulse-rate-white.svg\" alt=\"icon\"><\/span><h2 class=\"title\"><span class=\"watermark\"><\/span>Envoyer Votre Message<\/h2>\t\t\t\t\n\t\t\t\t\t        <\/div>\n\t                <\/div>\n        \t\t\t\t<\/div>\n\t\t\t\t<\/div>\n\t\t\t\t<div class=\"elementor-element elementor-element-7ac9a019 elementor-widget elementor-widget-rs-cf7\" data-id=\"7ac9a019\" data-element_type=\"widget\" data-widget_type=\"rs-cf7.default\">\n\t\t\t\t<div class=\"elementor-widget-container\">\n\t\t\t\t\t\n<div class=\"wpcf7 no-js\" id=\"wpcf7-f5-o1\" lang=\"en-US\" dir=\"ltr\" data-wpcf7-id=\"5\">\n<div class=\"screen-reader-response\"><p role=\"status\" aria-live=\"polite\" aria-atomic=\"true\"><\/p> <ul><\/ul><\/div>\n<form action=\"\/index.php\/wp-json\/wp\/v2\/pages\/92891#wpcf7-f5-o1\" method=\"post\" class=\"wpcf7-form init\" aria-label=\"Contact form\" novalidate=\"novalidate\" data-status=\"init\">\n<fieldset class=\"hidden-fields-container\"><input type=\"hidden\" name=\"_wpcf7\" value=\"5\" \/><input type=\"hidden\" name=\"_wpcf7_version\" value=\"6.1\" \/><input type=\"hidden\" name=\"_wpcf7_locale\" value=\"en_US\" \/><input type=\"hidden\" name=\"_wpcf7_unit_tag\" value=\"wpcf7-f5-o1\" \/><input type=\"hidden\" name=\"_wpcf7_container_post\" value=\"0\" \/><input type=\"hidden\" name=\"_wpcf7_posted_data_hash\" value=\"\" \/>\n<\/fieldset>\n<div class=\"row gutter-20\">\n\t<div class=\"col-md-6\">\n\t\t<p><span class=\"wpcf7-form-control-wrap\" data-name=\"your-name\"><input size=\"40\" maxlength=\"400\" class=\"wpcf7-form-control wpcf7-text wpcf7-validates-as-required\" aria-required=\"true\" aria-invalid=\"false\" placeholder=\"Votre Nom\" value=\"\" type=\"text\" name=\"your-name\" \/><\/span>\n\t\t<\/p>\n\t<\/div>\n\t<div class=\"col-md-6\">\n\t\t<p><span class=\"wpcf7-form-control-wrap\" data-name=\"your-email\"><input size=\"40\" maxlength=\"400\" class=\"wpcf7-form-control wpcf7-email wpcf7-validates-as-required wpcf7-text wpcf7-validates-as-email\" aria-required=\"true\" aria-invalid=\"false\" placeholder=\"Votre Email\" value=\"\" type=\"email\" name=\"your-email\" \/><\/span>\n\t\t<\/p>\n\t<\/div>\n\t<div class=\"col-md-6\">\n\t\t<p><span class=\"wpcf7-form-control-wrap\" data-name=\"your-topic\"><input size=\"40\" maxlength=\"400\" class=\"wpcf7-form-control wpcf7-text wpcf7-validates-as-required\" aria-required=\"true\" aria-invalid=\"false\" placeholder=\"Votre Sujet\" value=\"\" type=\"text\" name=\"your-topic\" \/><\/span>\n\t\t<\/p>\n\t<\/div>\n\t<div class=\"col-md-6\">\n\t\t<p><span class=\"wpcf7-form-control-wrap\" data-name=\"your-phone\"><input size=\"40\" maxlength=\"400\" class=\"wpcf7-form-control wpcf7-text wpcf7-validates-as-required\" aria-required=\"true\" aria-invalid=\"false\" placeholder=\"Votre Tel\" value=\"\" type=\"text\" name=\"your-phone\" \/><\/span>\n\t\t<\/p>\n\t<\/div>\n\t<div class=\"col-md-12\">\n\t\t<p><span class=\"wpcf7-form-control-wrap\" data-name=\"your-message\"><textarea cols=\"40\" rows=\"10\" maxlength=\"2000\" class=\"wpcf7-form-control wpcf7-textarea wpcf7-validates-as-required\" aria-required=\"true\" aria-invalid=\"false\" placeholder=\"Message...\" name=\"your-message\"><\/textarea><\/span>\n\t\t<\/p>\n\t<\/div>\n\t<div class=\"col-md-12\">\n\t\t<div class=\"form-btn-area relate-arrow\">\n\t\t\t<p><input class=\"wpcf7-form-control wpcf7-submit has-spinner\" type=\"submit\" value=\"Envoie Message\" \/><br \/>\n<i class=\"rs-arrrow light\"><\/i>\n\t\t\t<\/p>\n\t\t<\/div>\n\t<\/div>\n<\/div><div class=\"wpcf7-response-output\" aria-hidden=\"true\"><\/div>\n<\/form>\n<\/div>\n\t\t\t\t<\/div>\n\t\t\t\t<\/div>\n\t\t\t\t\t<\/div>\n\t\t<\/div>\n\t\t\t\t<div class=\"elementor-column elementor-col-50 elementor-top-column elementor-element elementor-element-791fe641\" data-id=\"791fe641\" data-element_type=\"column\">\n\t\t\t<div class=\"elementor-widget-wrap elementor-element-populated\">\n\t\t\t\t\t\t<div class=\"elementor-element elementor-element-2c6fb501 elementor-widget elementor-widget-image\" data-id=\"2c6fb501\" data-element_type=\"widget\" data-widget_type=\"image.default\">\n\t\t\t\t<div class=\"elementor-widget-container\">\n\t\t\t\t\t\t\t\t\t\t\t\t\t\t\t<img loading=\"lazy\" decoding=\"async\" width=\"900\" height=\"688\" src=\"https:\/\/logicaisse.ma\/wp-content\/uploads\/2023\/03\/contact-image2.png\" class=\"attachment-full size-full wp-image-5533\" alt=\"\" srcset=\"https:\/\/logicaisse.ma\/wp-content\/uploads\/2023\/03\/contact-image2.png 900w, https:\/\/logicaisse.ma\/wp-content\/uploads\/2023\/03\/contact-image2-250x191.png 250w, https:\/\/logicaisse.ma\/wp-content\/uploads\/2023\/03\/contact-image2-300x229.png 300w, https:\/\/logicaisse.ma\/wp-content\/uploads\/2023\/03\/contact-image2-768x587.png 768w\" sizes=\"(max-width: 900px) 100vw, 900px\" \/>\t\t\t\t\t\t\t\t\t\t\t\t\t\t\t<\/div>\n\t\t\t\t<\/div>\n\t\t\t\t<div class=\"elementor-element elementor-element-6781dece elementor-widget__width-auto elementor-absolute elementor-hidden-mobile elementor-invisible elementor-widget elementor-widget-rs-image\" data-id=\"6781dece\" data-element_type=\"widget\" data-settings=\"{&quot;_position&quot;:&quot;absolute&quot;,&quot;_animation&quot;:&quot;rotateInUpLeft&quot;}\" data-widget_type=\"rs-image.default\">\n\t\t\t\t<div class=\"elementor-widget-container\">\n\t\t\t\t\t\n        <div class=\"rs-image no\">\n                                                <img decoding=\"async\" class=\"rs-multi-image  reverse- blend_unset\" src=\"https:\/\/demo.rstheme.com\/wordpress\/tekone\/wp-content\/uploads\/2023\/03\/plane-with-tail.svg\" alt=\"image\"\/>\n                                                                        <\/div>   \n          \n    \t\t\t\t<\/div>\n\t\t\t\t<\/div>\n\t\t\t\t<div class=\"elementor-element elementor-element-4e94e238 elementor-widget__width-auto elementor-absolute elementor-widget elementor-widget-rs-image\" data-id=\"4e94e238\" data-element_type=\"widget\" data-settings=\"{&quot;_position&quot;:&quot;absolute&quot;}\" data-widget_type=\"rs-image.default\">\n\t\t\t\t<div class=\"elementor-widget-container\">\n\t\t\t\t\t\n        <div class=\"rs-image no\">\n                                            \n                        <div class=\"stuff1\">\n                            <img decoding=\"async\" data-depth=\"1.5\" class=\"rs-multi-image  reverse- blend_unset\" src=\"https:\/\/demo.rstheme.com\/wordpress\/tekone\/wp-content\/uploads\/2023\/03\/circle-plus.svg\" alt=\"image\"\/>\n                        <\/div>\n\n                                    <\/div>   \n                    <script type=\"text\/javascript\"> \n                jQuery(document).ready(function(){\n                    if (jQuery(\".stuff1\").length) {\n                        var stuff = jQuery('.stuff1').get(0);\n                        var parallaxInstance = new Parallax(stuff);\n                    }\n                    if (jQuery(\".stuff2\").length) {\n                        var stuff = jQuery('.stuff2').get(0);\n                        var parallaxInstance = new Parallax(stuff);\n                    }\n                    if (jQuery(\".stuff3\").length) {\n                        var stuff = jQuery('.stuff3').get(0);\n                        var parallaxInstance = new Parallax(stuff);\n                    }\n                    if (jQuery(\".stuff4\").length) {\n                        var stuff = jQuery('.stuff4').get(0);\n                        var parallaxInstance = new Parallax(stuff);\n                    }\n                    if (jQuery(\".stuff5\").length) {\n                        var stuff = jQuery('.stuff5').get(0);\n                        var parallaxInstance = new Parallax(stuff);\n                    }\n                    if (jQuery(\".stuff6\").length) {\n                        var stuff = jQuery('.stuff6').get(0);\n                        var parallaxInstance = new Parallax(stuff);\n                    }\n                    if (jQuery(\".stuff7\").length) {\n                        var stuff = jQuery('.stuff7').get(0);\n                        var parallaxInstance = new Parallax(stuff);\n                    }\n                    if (jQuery(\".stuff8\").length) {\n                        var stuff = jQuery('.stuff8').get(0);\n                        var parallaxInstance = new Parallax(stuff);\n                    }\n                    if (jQuery(\".stuff9\").length) {\n                        var stuff = jQuery('.stuff9').get(0);\n                        var parallaxInstance = new Parallax(stuff);\n                    }\n                    if (jQuery(\".stuff10\").length) {\n                        var stuff = jQuery('.stuff10').get(0);\n                        var parallaxInstance = new Parallax(stuff);\n                    }\n                }); \n            <\/script>\n          \n    \t\t\t\t<\/div>\n\t\t\t\t<\/div>\n\t\t\t\t\t<\/div>\n\t\t<\/div>\n\t\t\t\t\t<\/div>\n\t\t<\/section>\n\t\t\t\t<\/div>\n\t\t","protected":false},"excerpt":{"rendered":"<p>FitGest pour gestiondes abonn\u00e9s des salle de sports\u2026 Le prix de cette version est de&nbsp;499 Dirhams HT &nbsp;\u00e0 vie pour un seul poste (version d&rsquo;essai 5 jours gratuit). logiciel avec des simples fonctinalit\u00e9s simple a utiliser. T\u00e9l\u00e9charger la version de d\u00e9monstration \u00a0 \u00a0 Pour le paiment PAYPALclique ici :\u00a0 \u00a0 \u00a0 \u00a0 \u00a0 \u00a0 \u00a0&#8230;<\/p>\n","protected":false},"author":1,"featured_media":0,"parent":0,"menu_order":0,"comment_status":"closed","ping_status":"closed","template":"","meta":{"_joinchat":[],"footnotes":""},"class_list":["post-92891","page","type-page","status-publish","hentry"],"yoast_head":"<!-- This site is optimized with the Yoast SEO plugin v25.6 - https:\/\/yoast.com\/wordpress\/plugins\/seo\/ -->\n<title>FitGest - Logicaisse<\/title>\n<meta name=\"robots\" content=\"index, follow, max-snippet:-1, max-image-preview:large, max-video-preview:-1\" \/>\n<link rel=\"canonical\" href=\"https:\/\/logicaisse.ma\/index.php\/fitgest\/\" \/>\n<meta property=\"og:locale\" content=\"fr_FR\" \/>\n<meta property=\"og:type\" content=\"article\" \/>\n<meta property=\"og:title\" content=\"FitGest - Logicaisse\" \/>\n<meta property=\"og:description\" content=\"FitGest pour gestiondes abonn\u00e9s des salle de sports\u2026 Le prix de cette version est de&nbsp;499 Dirhams HT &nbsp;\u00e0 vie pour un seul poste (version d&rsquo;essai 5 jours gratuit). logiciel avec des simples fonctinalit\u00e9s simple a utiliser. T\u00e9l\u00e9charger la version de d\u00e9monstration \u00a0 \u00a0 Pour le paiment PAYPALclique ici :\u00a0 \u00a0 \u00a0 \u00a0 \u00a0 \u00a0 \u00a0...\" \/>\n<meta property=\"og:url\" content=\"https:\/\/logicaisse.ma\/index.php\/fitgest\/\" \/>\n<meta property=\"og:site_name\" content=\"Logicaisse\" \/>\n<meta property=\"article:publisher\" content=\"https:\/\/web.facebook.com\/logicaisse\/\" \/>\n<meta property=\"article:modified_time\" content=\"2024-03-16T17:38:04+00:00\" \/>\n<meta property=\"og:image\" content=\"https:\/\/logicaisse.ma\/wp-content\/uploads\/2024\/02\/telecharger-300x300.png\" \/>\n<meta name=\"twitter:card\" content=\"summary_large_image\" \/>\n<meta name=\"twitter:label1\" content=\"Dur\u00e9e de lecture estim\u00e9e\" \/>\n\t<meta name=\"twitter:data1\" content=\"2 minutes\" \/>\n<script type=\"application\/ld+json\" class=\"yoast-schema-graph\">{\"@context\":\"https:\/\/schema.org\",\"@graph\":[{\"@type\":\"WebPage\",\"@id\":\"https:\/\/logicaisse.ma\/index.php\/fitgest\/\",\"url\":\"https:\/\/logicaisse.ma\/index.php\/fitgest\/\",\"name\":\"FitGest - Logicaisse\",\"isPartOf\":{\"@id\":\"https:\/\/logicaisse.ma\/#website\"},\"primaryImageOfPage\":{\"@id\":\"https:\/\/logicaisse.ma\/index.php\/fitgest\/#primaryimage\"},\"image\":{\"@id\":\"https:\/\/logicaisse.ma\/index.php\/fitgest\/#primaryimage\"},\"thumbnailUrl\":\"https:\/\/logicaisse.ma\/wp-content\/uploads\/2024\/02\/telecharger-300x300.png\",\"datePublished\":\"2024-02-19T03:59:15+00:00\",\"dateModified\":\"2024-03-16T17:38:04+00:00\",\"breadcrumb\":{\"@id\":\"https:\/\/logicaisse.ma\/index.php\/fitgest\/#breadcrumb\"},\"inLanguage\":\"fr-FR\",\"potentialAction\":[{\"@type\":\"ReadAction\",\"target\":[\"https:\/\/logicaisse.ma\/index.php\/fitgest\/\"]}]},{\"@type\":\"ImageObject\",\"inLanguage\":\"fr-FR\",\"@id\":\"https:\/\/logicaisse.ma\/index.php\/fitgest\/#primaryimage\",\"url\":\"https:\/\/logicaisse.ma\/wp-content\/uploads\/2024\/02\/telecharger.png\",\"contentUrl\":\"https:\/\/logicaisse.ma\/wp-content\/uploads\/2024\/02\/telecharger.png\",\"width\":512,\"height\":512},{\"@type\":\"BreadcrumbList\",\"@id\":\"https:\/\/logicaisse.ma\/index.php\/fitgest\/#breadcrumb\",\"itemListElement\":[{\"@type\":\"ListItem\",\"position\":1,\"name\":\"Accueil\",\"item\":\"https:\/\/logicaisse.ma\/\"},{\"@type\":\"ListItem\",\"position\":2,\"name\":\"FitGest\"}]},{\"@type\":\"WebSite\",\"@id\":\"https:\/\/logicaisse.ma\/#website\",\"url\":\"https:\/\/logicaisse.ma\/\",\"name\":\"Logicaisse\",\"description\":\"Logiciel de Caisse et Gestion de Stock au Maroc\",\"publisher\":{\"@id\":\"https:\/\/logicaisse.ma\/#organization\"},\"alternateName\":\"Logicaisse Maroc\",\"potentialAction\":[{\"@type\":\"SearchAction\",\"target\":{\"@type\":\"EntryPoint\",\"urlTemplate\":\"https:\/\/logicaisse.ma\/?s={search_term_string}\"},\"query-input\":{\"@type\":\"PropertyValueSpecification\",\"valueRequired\":true,\"valueName\":\"search_term_string\"}}],\"inLanguage\":\"fr-FR\"},{\"@type\":\"Organization\",\"@id\":\"https:\/\/logicaisse.ma\/#organization\",\"name\":\"Logicaisse.ma\",\"alternateName\":\"LOGICAISSE\",\"url\":\"https:\/\/logicaisse.ma\/\",\"logo\":{\"@type\":\"ImageObject\",\"inLanguage\":\"fr-FR\",\"@id\":\"https:\/\/logicaisse.ma\/#\/schema\/logo\/image\/\",\"url\":\"https:\/\/logicaisse.ma\/wp-content\/uploads\/2023\/04\/logilogo-3.png\",\"contentUrl\":\"https:\/\/logicaisse.ma\/wp-content\/uploads\/2023\/04\/logilogo-3.png\",\"width\":1022,\"height\":305,\"caption\":\"Logicaisse.ma\"},\"image\":{\"@id\":\"https:\/\/logicaisse.ma\/#\/schema\/logo\/image\/\"},\"sameAs\":[\"https:\/\/web.facebook.com\/logicaisse\/\"]}]}<\/script>\n<!-- \/ Yoast SEO plugin. -->","yoast_head_json":{"title":"FitGest - Logicaisse","robots":{"index":"index","follow":"follow","max-snippet":"max-snippet:-1","max-image-preview":"max-image-preview:large","max-video-preview":"max-video-preview:-1"},"canonical":"https:\/\/logicaisse.ma\/index.php\/fitgest\/","og_locale":"fr_FR","og_type":"article","og_title":"FitGest - Logicaisse","og_description":"FitGest pour gestiondes abonn\u00e9s des salle de sports\u2026 Le prix de cette version est de&nbsp;499 Dirhams HT &nbsp;\u00e0 vie pour un seul poste (version d&rsquo;essai 5 jours gratuit). logiciel avec des simples fonctinalit\u00e9s simple a utiliser. T\u00e9l\u00e9charger la version de d\u00e9monstration \u00a0 \u00a0 Pour le paiment PAYPALclique ici :\u00a0 \u00a0 \u00a0 \u00a0 \u00a0 \u00a0 \u00a0...","og_url":"https:\/\/logicaisse.ma\/index.php\/fitgest\/","og_site_name":"Logicaisse","article_publisher":"https:\/\/web.facebook.com\/logicaisse\/","article_modified_time":"2024-03-16T17:38:04+00:00","og_image":[{"url":"https:\/\/logicaisse.ma\/wp-content\/uploads\/2024\/02\/telecharger-300x300.png","type":"","width":"","height":""}],"twitter_card":"summary_large_image","twitter_misc":{"Dur\u00e9e de lecture estim\u00e9e":"2 minutes"},"schema":{"@context":"https:\/\/schema.org","@graph":[{"@type":"WebPage","@id":"https:\/\/logicaisse.ma\/index.php\/fitgest\/","url":"https:\/\/logicaisse.ma\/index.php\/fitgest\/","name":"FitGest - Logicaisse","isPartOf":{"@id":"https:\/\/logicaisse.ma\/#website"},"primaryImageOfPage":{"@id":"https:\/\/logicaisse.ma\/index.php\/fitgest\/#primaryimage"},"image":{"@id":"https:\/\/logicaisse.ma\/index.php\/fitgest\/#primaryimage"},"thumbnailUrl":"https:\/\/logicaisse.ma\/wp-content\/uploads\/2024\/02\/telecharger-300x300.png","datePublished":"2024-02-19T03:59:15+00:00","dateModified":"2024-03-16T17:38:04+00:00","breadcrumb":{"@id":"https:\/\/logicaisse.ma\/index.php\/fitgest\/#breadcrumb"},"inLanguage":"fr-FR","potentialAction":[{"@type":"ReadAction","target":["https:\/\/logicaisse.ma\/index.php\/fitgest\/"]}]},{"@type":"ImageObject","inLanguage":"fr-FR","@id":"https:\/\/logicaisse.ma\/index.php\/fitgest\/#primaryimage","url":"https:\/\/logicaisse.ma\/wp-content\/uploads\/2024\/02\/telecharger.png","contentUrl":"https:\/\/logicaisse.ma\/wp-content\/uploads\/2024\/02\/telecharger.png","width":512,"height":512},{"@type":"BreadcrumbList","@id":"https:\/\/logicaisse.ma\/index.php\/fitgest\/#breadcrumb","itemListElement":[{"@type":"ListItem","position":1,"name":"Accueil","item":"https:\/\/logicaisse.ma\/"},{"@type":"ListItem","position":2,"name":"FitGest"}]},{"@type":"WebSite","@id":"https:\/\/logicaisse.ma\/#website","url":"https:\/\/logicaisse.ma\/","name":"Logicaisse","description":"Logiciel de Caisse et Gestion de Stock au Maroc","publisher":{"@id":"https:\/\/logicaisse.ma\/#organization"},"alternateName":"Logicaisse Maroc","potentialAction":[{"@type":"SearchAction","target":{"@type":"EntryPoint","urlTemplate":"https:\/\/logicaisse.ma\/?s={search_term_string}"},"query-input":{"@type":"PropertyValueSpecification","valueRequired":true,"valueName":"search_term_string"}}],"inLanguage":"fr-FR"},{"@type":"Organization","@id":"https:\/\/logicaisse.ma\/#organization","name":"Logicaisse.ma","alternateName":"LOGICAISSE","url":"https:\/\/logicaisse.ma\/","logo":{"@type":"ImageObject","inLanguage":"fr-FR","@id":"https:\/\/logicaisse.ma\/#\/schema\/logo\/image\/","url":"https:\/\/logicaisse.ma\/wp-content\/uploads\/2023\/04\/logilogo-3.png","contentUrl":"https:\/\/logicaisse.ma\/wp-content\/uploads\/2023\/04\/logilogo-3.png","width":1022,"height":305,"caption":"Logicaisse.ma"},"image":{"@id":"https:\/\/logicaisse.ma\/#\/schema\/logo\/image\/"},"sameAs":["https:\/\/web.facebook.com\/logicaisse\/"]}]}},"_links":{"self":[{"href":"https:\/\/logicaisse.ma\/index.php\/wp-json\/wp\/v2\/pages\/92891","targetHints":{"allow":["GET"]}}],"collection":[{"href":"https:\/\/logicaisse.ma\/index.php\/wp-json\/wp\/v2\/pages"}],"about":[{"href":"https:\/\/logicaisse.ma\/index.php\/wp-json\/wp\/v2\/types\/page"}],"author":[{"embeddable":true,"href":"https:\/\/logicaisse.ma\/index.php\/wp-json\/wp\/v2\/users\/1"}],"replies":[{"embeddable":true,"href":"https:\/\/logicaisse.ma\/index.php\/wp-json\/wp\/v2\/comments?post=92891"}],"version-history":[{"count":11,"href":"https:\/\/logicaisse.ma\/index.php\/wp-json\/wp\/v2\/pages\/92891\/revisions"}],"predecessor-version":[{"id":93020,"href":"https:\/\/logicaisse.ma\/index.php\/wp-json\/wp\/v2\/pages\/92891\/revisions\/93020"}],"wp:attachment":[{"href":"https:\/\/logicaisse.ma\/index.php\/wp-json\/wp\/v2\/media?parent=92891"}],"curies":[{"name":"wp","href":"https:\/\/api.w.org\/{rel}","templated":true}]}}