{"id":92230,"date":"2023-07-26T21:06:33","date_gmt":"2023-07-26T19:06:33","guid":{"rendered":"https:\/\/logicaisse.ma\/?page_id=92230"},"modified":"2023-07-26T21:07:38","modified_gmt":"2023-07-26T19:07:38","slug":"cookies","status":"publish","type":"page","link":"https:\/\/logicaisse.ma\/index.php\/cookies\/","title":{"rendered":"Cookies"},"content":{"rendered":"\t\t<div data-elementor-type=\"wp-page\" data-elementor-id=\"92230\" class=\"elementor elementor-92230\">\n\t\t\t\t\t\t<section class=\"default no-position elementor-section elementor-top-section elementor-element elementor-element-c837658 elementor-section-boxed elementor-section-height-default elementor-section-height-default\" data-id=\"c837658\" data-element_type=\"section\">\n\t\t\t\t\t\t<div class=\"elementor-container elementor-column-gap-default\">\n\t\t\t\t\t<div class=\"elementor-column elementor-col-100 elementor-top-column elementor-element elementor-element-87a46fb\" data-id=\"87a46fb\" data-element_type=\"column\">\n\t\t\t<div class=\"elementor-widget-wrap elementor-element-populated\">\n\t\t\t\t\t\t<div class=\"elementor-element elementor-element-4809da4 elementor-widget elementor-widget-text-editor\" data-id=\"4809da4\" data-element_type=\"widget\" data-widget_type=\"text-editor.default\">\n\t\t\t\t<div class=\"elementor-widget-container\">\n\t\t\t\t\t\t\t\t\t<p>\u00a0<\/p><p>Page des Cookies de logicaisse.ma<\/p><p>Derni\u00e8re mise \u00e0 jour : 26 Juillet 2023<\/p><ul><li><strong>Introduction<\/strong><br \/>Bienvenue sur la page des cookies de logicaisse.ma. Cette politique explique comment nous utilisons les cookies et les technologies similaires sur notre site Web et notre application (le \u00ab\u00a0Service\u00a0\u00bb). En acc\u00e9dant au Service, vous acceptez que nous utilisions des cookies conform\u00e9ment \u00e0 la pr\u00e9sente politique des cookies. Si vous n&rsquo;acceptez pas l&rsquo;utilisation de cookies de cette mani\u00e8re, vous devez configurer vos param\u00e8tres de navigateur en cons\u00e9quence ou ne pas utiliser le Service.<\/li><\/ul><p>\u00a0<\/p><ul><li><strong>Qu&rsquo;est-ce qu&rsquo;un cookie ?<\/strong><br \/>Un cookie est un petit fichier texte contenant une cha\u00eene de caract\u00e8res qui est plac\u00e9 sur votre ordinateur ou votre appareil mobile lorsque vous visitez un site Web. Les cookies effectuent diff\u00e9rentes t\u00e2ches, telles que vous permettre de naviguer entre les pages de mani\u00e8re efficace, se souvenir de vos pr\u00e9f\u00e9rences et am\u00e9liorer g\u00e9n\u00e9ralement votre exp\u00e9rience en ligne. Les cookies peuvent \u00eatre soit des cookies de session (restant sur votre appareil jusqu&rsquo;\u00e0 ce que vous fermiez votre navigateur) ou des cookies persistants (restant sur votre appareil pendant une p\u00e9riode d\u00e9finie ou jusqu&rsquo;\u00e0 ce que vous les supprimiez).<\/li><\/ul><p>\u00a0<\/p><ul><li><strong>Comment et pourquoi nous utilisons des cookies ?<\/strong><\/li><\/ul><p><br \/>Nous utilisons des cookies sur le Service pour diverses raisons, notamment pour vous fournir une exp\u00e9rience utilisateur plus personnalis\u00e9e et pour am\u00e9liorer nos services. Voici les principales raisons pour lesquelles nous utilisons des cookies :<\/p><p>1. Fonctionnalit\u00e9s essentielles : Certains cookies sont essentiels pour vous permettre de naviguer sur le Service et d&rsquo;utiliser ses fonctionnalit\u00e9s. Sans ces cookies, le Service ne fonctionnerait pas correctement, et nous pourrions ne pas \u00eatre en mesure de vous fournir certains services ou fonctionnalit\u00e9s.<\/p><p>2. Performance et Analyse : Nous utilisons des cookies pour analyser la mani\u00e8re dont les visiteurs utilisent le Service, surveiller ses performances et am\u00e9liorer votre exp\u00e9rience utilisateur. Par exemple, nous utilisons des cookies de Google Analytics pour recueillir des informations sur la fa\u00e7on dont les visiteurs utilisent le Service et comment ils y acc\u00e8dent. Ces informations nous aident \u00e0 comprendre comment am\u00e9liorer notre Service et \u00e0 mieux r\u00e9pondre \u00e0 vos besoins.<\/p><p>3. Personnalisation : Nous pouvons utiliser des cookies pour m\u00e9moriser vos pr\u00e9f\u00e9rences et vous offrir une exp\u00e9rience plus personnalis\u00e9e. Cela inclut la personnalisation du contenu que nous affichons et la m\u00e9morisation de vos pr\u00e9f\u00e9rences linguistiques.<\/p><p>4. Publicit\u00e9 : Nous pouvons utiliser des cookies pour vous pr\u00e9senter des publicit\u00e9s cibl\u00e9es sur le Service ou sur des sites Web tiers. Ces cookies sont utilis\u00e9s pour vous montrer des publicit\u00e9s pertinentes en fonction de vos int\u00e9r\u00eats.<\/p><p>5. M\u00e9dias sociaux : Le Service peut inclure des fonctionnalit\u00e9s de m\u00e9dias sociaux, telles que des boutons \u00ab\u00a0J&rsquo;aime\u00a0\u00bb et \u00ab\u00a0Partager\u00a0\u00bb de Facebook, des widgets de Twitter, etc. Ces fonctionnalit\u00e9s peuvent collecter votre adresse IP et les pages que vous visitez sur le Service, et elles peuvent d\u00e9finir un cookie pour activer le bon fonctionnement de la fonctionnalit\u00e9. Les cookies et les technologies similaires sont soit h\u00e9berg\u00e9s directement par les fournisseurs de m\u00e9dias sociaux, soit h\u00e9berg\u00e9s par le Service en fonction de l&rsquo;int\u00e9gration de ces fonctionnalit\u00e9s.<\/p><p>G\u00e9rer vos pr\u00e9f\u00e9rences en mati\u00e8re de cookies<br \/>Lorsque vous visitez le Service pour la premi\u00e8re fois, nous vous pr\u00e9sentons un avis vous informant de l&rsquo;utilisation des cookies. Vous pouvez choisir d&rsquo;accepter ou de refuser les cookies non essentiels. Si vous acceptez les cookies, nous supposerons que vous \u00eates d&rsquo;accord avec notre utilisation des cookies comme d\u00e9crit dans cette politique. Si vous n&rsquo;acceptez pas les cookies, vous pouvez modifier vos pr\u00e9f\u00e9rences en mati\u00e8re de cookies en configurant les param\u00e8tres de votre navigateur ou en utilisant les outils que nous mettons \u00e0 votre disposition.<\/p><p>Veuillez noter que le blocage de certains types de cookies peut affecter votre exp\u00e9rience sur le Service et certaines fonctionnalit\u00e9s pourraient ne pas \u00eatre disponibles.<\/p><p>Comment d\u00e9sactiver les cookies via les param\u00e8tres du navigateur ?<br \/>La plupart des navigateurs Web sont configur\u00e9s pour accepter les cookies par d\u00e9faut, mais vous pouvez g\u00e9n\u00e9ralement modifier les param\u00e8tres de votre navigateur pour d\u00e9sactiver les cookies si vous le souhaitez. Voici comment d\u00e9sactiver les cookies dans les navigateurs les plus courants :<\/p><p>&#8211; Pour Google Chrome : Cliquez sur l&rsquo;ic\u00f4ne du menu Chrome (trois points verticaux) en haut \u00e0 droite de la fen\u00eatre du navigateur, puis s\u00e9lectionnez \u00ab\u00a0Param\u00e8tres\u00a0\u00bb. Faites d\u00e9filer vers le bas et cliquez sur \u00ab\u00a0Avanc\u00e9\u00a0\u00bb. Dans la section \u00ab\u00a0Confidentialit\u00e9 et s\u00e9curit\u00e9\u00a0\u00bb, cliquez sur \u00ab\u00a0Param\u00e8tres de contenu\u00a0\u00bb, puis sur \u00ab\u00a0Cookies\u00a0\u00bb. Vous pouvez choisir de bloquer les cookies en cliquant sur \u00ab\u00a0Emp\u00eacher les sites de d\u00e9finir des donn\u00e9es\u00a0\u00bb.<\/p><p>&#8211; Pour Mozilla Firefox : Cliquez sur l&rsquo;ic\u00f4ne du menu Firefox (trois lignes horizontales) en haut \u00e0 droite de la fen\u00eatre du navigateur, puis s\u00e9lectionnez \u00ab\u00a0Options\u00a0\u00bb. Dans le panneau de gauche, cliquez sur \u00ab\u00a0Vie priv\u00e9e et s\u00e9curit\u00e9\u00a0\u00bb. Sous la section \u00ab\u00a0Cookies et donn\u00e9es de site\u00a0\u00bb, s\u00e9lectionnez \u00ab\u00a0Bloquer les cookies et les donn\u00e9es de site tiers\u00a0\u00bb.<\/p><p>&#8211; Pour Microsoft Edge : Cliquez sur l&rsquo;ic\u00f4ne du menu Edge (trois points horizontaux) en haut \u00e0 droite de la fen\u00eatre du navigateur, puis s\u00e9lectionnez \u00ab\u00a0Param\u00e8tres\u00a0\u00bb. Faites d\u00e9filer vers le bas et cliquez sur \u00ab\u00a0Cookies et donn\u00e9es de site\u00a0\u00bb. Sous la section \u00ab\u00a0Cookies et donn\u00e9es de site\u00a0\u00bb, s\u00e9lectionnez \u00ab\u00a0Bloquer tous les cookies\u00a0\u00bb.<\/p><p>&#8211; Pour Safari (sur Mac) : Cliquez sur \u00ab\u00a0Safari\u00a0\u00bb dans la barre de menu en haut de l&rsquo;\u00e9cran, puis s\u00e9lectionnez \u00ab\u00a0Pr\u00e9f\u00e9rences\u00a0\u00bb. Cliquez sur l&rsquo;onglet \u00ab\u00a0Confidentialit\u00e9\u00a0\u00bb. Dans la section \u00ab\u00a0Cookies et donn\u00e9es de site Web\u00a0\u00bb, s\u00e9lectionnez \u00ab\u00a0Bloquer tous les cookies\u00a0\u00bb.<\/p><p>Veuillez noter que si vous choisissez de bloquer les cookies, certaines fonctionnalit\u00e9s du Service pourraient ne pas fonctionner correctement, et votre exp\u00e9rience sur le Service pourrait \u00eatre limit\u00e9e.<\/p><p>Modifications de la politique des cookies<br \/>Nous pouvons mettre \u00e0 jour cette politique des cookies de temps \u00e0 autre pour refl\u00e9ter les changements apport\u00e9s \u00e0 nos pratiques en mati\u00e8re de cookies. Nous vous encourageons \u00e0 consulter r\u00e9guli\u00e8rement cette page pour rester inform\u00e9 de nos pratiques en mati\u00e8re de cookies.<\/p><ul><li><strong>Nous contacter<\/strong><br \/>Si vous avez des questions ou des pr\u00e9occupations concernant notre utilisation des cookies, veuillez nous contacter \u00e0 l&rsquo;adresse suivante : <strong>info@logicaisse.ma<\/strong><\/li><\/ul>\t\t\t\t\t\t\t\t<\/div>\n\t\t\t\t<\/div>\n\t\t\t\t\t<\/div>\n\t\t<\/div>\n\t\t\t\t\t<\/div>\n\t\t<\/section>\n\t\t\t\t<\/div>\n\t\t","protected":false},"excerpt":{"rendered":"<p>\u00a0 Page des Cookies de logicaisse.ma Derni\u00e8re mise \u00e0 jour : 26 Juillet 2023 IntroductionBienvenue sur la page des cookies de logicaisse.ma. Cette politique explique comment nous utilisons les cookies et les technologies similaires sur notre site Web et notre application (le \u00ab\u00a0Service\u00a0\u00bb). En acc\u00e9dant au Service, vous acceptez que nous utilisions des cookies conform\u00e9ment&#8230;<\/p>\n","protected":false},"author":1,"featured_media":0,"parent":0,"menu_order":0,"comment_status":"closed","ping_status":"closed","template":"","meta":{"_joinchat":[],"footnotes":""},"class_list":["post-92230","page","type-page","status-publish","hentry"],"yoast_head":"<!-- This site is optimized with the Yoast SEO plugin v25.6 - https:\/\/yoast.com\/wordpress\/plugins\/seo\/ -->\n<title>Cookies - Logicaisse<\/title>\n<meta name=\"robots\" content=\"index, follow, max-snippet:-1, max-image-preview:large, max-video-preview:-1\" \/>\n<link rel=\"canonical\" href=\"https:\/\/logicaisse.ma\/index.php\/cookies\/\" \/>\n<meta property=\"og:locale\" content=\"fr_FR\" \/>\n<meta property=\"og:type\" content=\"article\" \/>\n<meta property=\"og:title\" content=\"Cookies - Logicaisse\" \/>\n<meta property=\"og:description\" content=\"\u00a0 Page des Cookies de logicaisse.ma Derni\u00e8re mise \u00e0 jour : 26 Juillet 2023 IntroductionBienvenue sur la page des cookies de logicaisse.ma. Cette politique explique comment nous utilisons les cookies et les technologies similaires sur notre site Web et notre application (le \u00ab\u00a0Service\u00a0\u00bb). En acc\u00e9dant au Service, vous acceptez que nous utilisions des cookies conform\u00e9ment...\" \/>\n<meta property=\"og:url\" content=\"https:\/\/logicaisse.ma\/index.php\/cookies\/\" \/>\n<meta property=\"og:site_name\" content=\"Logicaisse\" \/>\n<meta property=\"article:publisher\" content=\"https:\/\/web.facebook.com\/logicaisse\/\" \/>\n<meta property=\"article:modified_time\" content=\"2023-07-26T19:07:38+00:00\" \/>\n<meta property=\"og:image\" content=\"https:\/\/logicaisse.ma\/wp-content\/uploads\/2023\/04\/logilogo-3.png\" \/>\n\t<meta property=\"og:image:width\" content=\"1022\" \/>\n\t<meta property=\"og:image:height\" content=\"305\" \/>\n\t<meta property=\"og:image:type\" content=\"image\/png\" \/>\n<meta name=\"twitter:card\" content=\"summary_large_image\" \/>\n<meta name=\"twitter:label1\" content=\"Dur\u00e9e de lecture estim\u00e9e\" \/>\n\t<meta name=\"twitter:data1\" content=\"5 minutes\" \/>\n<script type=\"application\/ld+json\" class=\"yoast-schema-graph\">{\"@context\":\"https:\/\/schema.org\",\"@graph\":[{\"@type\":\"WebPage\",\"@id\":\"https:\/\/logicaisse.ma\/index.php\/cookies\/\",\"url\":\"https:\/\/logicaisse.ma\/index.php\/cookies\/\",\"name\":\"Cookies - Logicaisse\",\"isPartOf\":{\"@id\":\"https:\/\/logicaisse.ma\/#website\"},\"datePublished\":\"2023-07-26T19:06:33+00:00\",\"dateModified\":\"2023-07-26T19:07:38+00:00\",\"breadcrumb\":{\"@id\":\"https:\/\/logicaisse.ma\/index.php\/cookies\/#breadcrumb\"},\"inLanguage\":\"fr-FR\",\"potentialAction\":[{\"@type\":\"ReadAction\",\"target\":[\"https:\/\/logicaisse.ma\/index.php\/cookies\/\"]}]},{\"@type\":\"BreadcrumbList\",\"@id\":\"https:\/\/logicaisse.ma\/index.php\/cookies\/#breadcrumb\",\"itemListElement\":[{\"@type\":\"ListItem\",\"position\":1,\"name\":\"Accueil\",\"item\":\"https:\/\/logicaisse.ma\/\"},{\"@type\":\"ListItem\",\"position\":2,\"name\":\"Cookies\"}]},{\"@type\":\"WebSite\",\"@id\":\"https:\/\/logicaisse.ma\/#website\",\"url\":\"https:\/\/logicaisse.ma\/\",\"name\":\"Logicaisse\",\"description\":\"Logiciel de Caisse et Gestion de Stock au Maroc\",\"publisher\":{\"@id\":\"https:\/\/logicaisse.ma\/#organization\"},\"alternateName\":\"Logicaisse Maroc\",\"potentialAction\":[{\"@type\":\"SearchAction\",\"target\":{\"@type\":\"EntryPoint\",\"urlTemplate\":\"https:\/\/logicaisse.ma\/?s={search_term_string}\"},\"query-input\":{\"@type\":\"PropertyValueSpecification\",\"valueRequired\":true,\"valueName\":\"search_term_string\"}}],\"inLanguage\":\"fr-FR\"},{\"@type\":\"Organization\",\"@id\":\"https:\/\/logicaisse.ma\/#organization\",\"name\":\"Logicaisse.ma\",\"alternateName\":\"LOGICAISSE\",\"url\":\"https:\/\/logicaisse.ma\/\",\"logo\":{\"@type\":\"ImageObject\",\"inLanguage\":\"fr-FR\",\"@id\":\"https:\/\/logicaisse.ma\/#\/schema\/logo\/image\/\",\"url\":\"https:\/\/logicaisse.ma\/wp-content\/uploads\/2023\/04\/logilogo-3.png\",\"contentUrl\":\"https:\/\/logicaisse.ma\/wp-content\/uploads\/2023\/04\/logilogo-3.png\",\"width\":1022,\"height\":305,\"caption\":\"Logicaisse.ma\"},\"image\":{\"@id\":\"https:\/\/logicaisse.ma\/#\/schema\/logo\/image\/\"},\"sameAs\":[\"https:\/\/web.facebook.com\/logicaisse\/\"]}]}<\/script>\n<!-- \/ Yoast SEO plugin. -->","yoast_head_json":{"title":"Cookies - Logicaisse","robots":{"index":"index","follow":"follow","max-snippet":"max-snippet:-1","max-image-preview":"max-image-preview:large","max-video-preview":"max-video-preview:-1"},"canonical":"https:\/\/logicaisse.ma\/index.php\/cookies\/","og_locale":"fr_FR","og_type":"article","og_title":"Cookies - Logicaisse","og_description":"\u00a0 Page des Cookies de logicaisse.ma Derni\u00e8re mise \u00e0 jour : 26 Juillet 2023 IntroductionBienvenue sur la page des cookies de logicaisse.ma. Cette politique explique comment nous utilisons les cookies et les technologies similaires sur notre site Web et notre application (le \u00ab\u00a0Service\u00a0\u00bb). En acc\u00e9dant au Service, vous acceptez que nous utilisions des cookies conform\u00e9ment...","og_url":"https:\/\/logicaisse.ma\/index.php\/cookies\/","og_site_name":"Logicaisse","article_publisher":"https:\/\/web.facebook.com\/logicaisse\/","article_modified_time":"2023-07-26T19:07:38+00:00","og_image":[{"width":1022,"height":305,"url":"https:\/\/logicaisse.ma\/wp-content\/uploads\/2023\/04\/logilogo-3.png","type":"image\/png"}],"twitter_card":"summary_large_image","twitter_misc":{"Dur\u00e9e de lecture estim\u00e9e":"5 minutes"},"schema":{"@context":"https:\/\/schema.org","@graph":[{"@type":"WebPage","@id":"https:\/\/logicaisse.ma\/index.php\/cookies\/","url":"https:\/\/logicaisse.ma\/index.php\/cookies\/","name":"Cookies - Logicaisse","isPartOf":{"@id":"https:\/\/logicaisse.ma\/#website"},"datePublished":"2023-07-26T19:06:33+00:00","dateModified":"2023-07-26T19:07:38+00:00","breadcrumb":{"@id":"https:\/\/logicaisse.ma\/index.php\/cookies\/#breadcrumb"},"inLanguage":"fr-FR","potentialAction":[{"@type":"ReadAction","target":["https:\/\/logicaisse.ma\/index.php\/cookies\/"]}]},{"@type":"BreadcrumbList","@id":"https:\/\/logicaisse.ma\/index.php\/cookies\/#breadcrumb","itemListElement":[{"@type":"ListItem","position":1,"name":"Accueil","item":"https:\/\/logicaisse.ma\/"},{"@type":"ListItem","position":2,"name":"Cookies"}]},{"@type":"WebSite","@id":"https:\/\/logicaisse.ma\/#website","url":"https:\/\/logicaisse.ma\/","name":"Logicaisse","description":"Logiciel de Caisse et Gestion de Stock au Maroc","publisher":{"@id":"https:\/\/logicaisse.ma\/#organization"},"alternateName":"Logicaisse Maroc","potentialAction":[{"@type":"SearchAction","target":{"@type":"EntryPoint","urlTemplate":"https:\/\/logicaisse.ma\/?s={search_term_string}"},"query-input":{"@type":"PropertyValueSpecification","valueRequired":true,"valueName":"search_term_string"}}],"inLanguage":"fr-FR"},{"@type":"Organization","@id":"https:\/\/logicaisse.ma\/#organization","name":"Logicaisse.ma","alternateName":"LOGICAISSE","url":"https:\/\/logicaisse.ma\/","logo":{"@type":"ImageObject","inLanguage":"fr-FR","@id":"https:\/\/logicaisse.ma\/#\/schema\/logo\/image\/","url":"https:\/\/logicaisse.ma\/wp-content\/uploads\/2023\/04\/logilogo-3.png","contentUrl":"https:\/\/logicaisse.ma\/wp-content\/uploads\/2023\/04\/logilogo-3.png","width":1022,"height":305,"caption":"Logicaisse.ma"},"image":{"@id":"https:\/\/logicaisse.ma\/#\/schema\/logo\/image\/"},"sameAs":["https:\/\/web.facebook.com\/logicaisse\/"]}]}},"_links":{"self":[{"href":"https:\/\/logicaisse.ma\/index.php\/wp-json\/wp\/v2\/pages\/92230","targetHints":{"allow":["GET"]}}],"collection":[{"href":"https:\/\/logicaisse.ma\/index.php\/wp-json\/wp\/v2\/pages"}],"about":[{"href":"https:\/\/logicaisse.ma\/index.php\/wp-json\/wp\/v2\/types\/page"}],"author":[{"embeddable":true,"href":"https:\/\/logicaisse.ma\/index.php\/wp-json\/wp\/v2\/users\/1"}],"replies":[{"embeddable":true,"href":"https:\/\/logicaisse.ma\/index.php\/wp-json\/wp\/v2\/comments?post=92230"}],"version-history":[{"count":4,"href":"https:\/\/logicaisse.ma\/index.php\/wp-json\/wp\/v2\/pages\/92230\/revisions"}],"predecessor-version":[{"id":92234,"href":"https:\/\/logicaisse.ma\/index.php\/wp-json\/wp\/v2\/pages\/92230\/revisions\/92234"}],"wp:attachment":[{"href":"https:\/\/logicaisse.ma\/index.php\/wp-json\/wp\/v2\/media?parent=92230"}],"curies":[{"name":"wp","href":"https:\/\/api.w.org\/{rel}","templated":true}]}}