{"id":92221,"date":"2023-07-26T20:31:40","date_gmt":"2023-07-26T18:31:40","guid":{"rendered":"https:\/\/logicaisse.ma\/?page_id=92221"},"modified":"2023-07-26T20:37:14","modified_gmt":"2023-07-26T18:37:14","slug":"politique-de-confidentialite-2","status":"publish","type":"page","link":"https:\/\/logicaisse.ma\/index.php\/politique-de-confidentialite-2\/","title":{"rendered":"POLITIQUE DE CONFIDENTIALIT\u00c9"},"content":{"rendered":"\t\t<div data-elementor-type=\"wp-page\" data-elementor-id=\"92221\" class=\"elementor elementor-92221\">\n\t\t\t\t\t\t<section class=\"default no-position elementor-section elementor-top-section elementor-element elementor-element-899a57c elementor-section-boxed elementor-section-height-default elementor-section-height-default\" data-id=\"899a57c\" data-element_type=\"section\">\n\t\t\t\t\t\t<div class=\"elementor-container elementor-column-gap-default\">\n\t\t\t\t\t<div class=\"elementor-column elementor-col-100 elementor-top-column elementor-element elementor-element-a98a78b\" data-id=\"a98a78b\" data-element_type=\"column\">\n\t\t\t<div class=\"elementor-widget-wrap elementor-element-populated\">\n\t\t\t\t\t\t<div class=\"elementor-element elementor-element-8bdd56e elementor-widget elementor-widget-text-editor\" data-id=\"8bdd56e\" data-element_type=\"widget\" data-widget_type=\"text-editor.default\">\n\t\t\t\t<div class=\"elementor-widget-container\">\n\t\t\t\t\t\t\t\t\t<p>\u00a0<\/p><h4><strong>La pr\u00e9sente politique de confidentialit\u00e9 vise \u00e0 \u00e9claircir la mani\u00e8re dont vos informations personnelles sont collect\u00e9es et utilis\u00e9es par LogiCaisse.ma.<\/strong><\/h4><p>\u00a0<\/p><ul><li><strong>Collecte et utilisation des informations<\/strong><\/li><\/ul><p>\u00a0<\/p><p>Chez LogiCaisse.ma, nous attachons une grande importance \u00e0 la protection de vos donn\u00e9es personnelles. Lorsque vous utilisez notre service, nous pouvons vous demander de nous fournir certaines informations personnellement identifiables, telles que :<\/p><p>\u00a0<\/p><p>&#8211; Votre adresse \u00e9lectronique<\/p><p>&#8211; Votre pr\u00e9nom et nom de famille<\/p><p>&#8211; Votre \u00e2ge<\/p><p>&#8211; Votre adresse physique<\/p><p>\u00a0<\/p><p>Ces informations sont collect\u00e9es dans le but de vous fournir nos services, d&rsquo;am\u00e9liorer votre exp\u00e9rience utilisateur et de r\u00e9pondre \u00e0 vos demandes.<\/p><p>\u00a0<\/p><p>Nous utilisons \u00e9galement des cookies, qui sont de petits fichiers stock\u00e9s sur votre appareil, pour suivre vos interactions sur notre site web et am\u00e9liorer notre service en fonction de vos pr\u00e9f\u00e9rences.<\/p><p>\u00a0<\/p><ul><li><strong>S\u00e9curit\u00e9 des donn\u00e9es<\/strong><\/li><\/ul><p>\u00a0<\/p><p>Nous prenons des mesures de s\u00e9curit\u00e9 appropri\u00e9es pour prot\u00e9ger vos donn\u00e9es personnelles contre tout acc\u00e8s non autoris\u00e9, perte ou divulgation. Vos informations sont conserv\u00e9es sur des serveurs s\u00e9curis\u00e9s et ne sont accessibles qu&rsquo;aux employ\u00e9s et tiers qui ont besoin de les conna\u00eetre dans le cadre de leur travail.<\/p><p>\u00a0<\/p><ul><li><strong>Divulgation des donn\u00e9es personnelles<\/strong><\/li><\/ul><p>\u00a0<\/p><p>Chez LogiCaisse.ma, nous ne divulguons pas vos donn\u00e9es personnelles \u00e0 des tiers, sauf dans les circonstances suivantes :<\/p><p>\u00a0<\/p><p>&#8211; Pour respecter une ordonnance judiciaire ou toute autre exigence l\u00e9gale.<\/p><p>&#8211; Pour prot\u00e9ger nos droits, notre propri\u00e9t\u00e9 ou notre s\u00e9curit\u00e9, ainsi que ceux de nos utilisateurs et du public.<\/p><p>&#8211; Pour faciliter le traitement des paiements via nos fournisseurs de services de paiement.<\/p><p>\u00a0<\/p><ul><li><strong>Liens vers d&rsquo;autres sites web<\/strong><\/li><\/ul><p>\u00a0<\/p><p>Notre site web peut contenir des liens vers des sites web tiers. Veuillez noter que nous n&rsquo;avons aucun contr\u00f4le sur ces sites et que notre politique de confidentialit\u00e9 ne s&rsquo;applique pas \u00e0 eux. Nous vous encourageons \u00e0 lire attentivement la politique de confidentialit\u00e9 de tout site web tiers que vous visitez.<\/p><p>\u00a0<\/p><ul><li><strong>Vos droits<\/strong><\/li><\/ul><p>\u00a0<\/p><p>Conform\u00e9ment aux lois sur la protection des donn\u00e9es, vous avez le droit d&rsquo;acc\u00e9der, de corriger ou de supprimer vos donn\u00e9es personnelles. Vous pouvez \u00e9galement vous opposer au traitement de vos donn\u00e9es personnelles ou demander leur portabilit\u00e9. Pour exercer l&rsquo;un de ces droits, veuillez nous contacter \u00e0 [votre adresse \u00e9lectronique].<\/p><p>\u00a0<\/p><ul><li><strong>Modification de la politique de confidentialit\u00e9<\/strong><\/li><\/ul><p>\u00a0<\/p><p>Nous pouvons mettre \u00e0 jour cette politique de confidentialit\u00e9 de temps \u00e0 autre. Toutes les modifications seront publi\u00e9es sur cette page, et le cas \u00e9ch\u00e9ant, vous seront notifi\u00e9es par e-mail.<\/p><p>\u00a0<\/p><ul><li><strong>Contactez-nous<\/strong><\/li><\/ul><p>\u00a0<\/p><p>Si vous avez des questions ou des pr\u00e9occupations concernant notre politique de confidentialit\u00e9, n&rsquo;h\u00e9sitez pas \u00e0 nous contacter \u00e0<strong> info@logicaisse.ma<\/strong>.<\/p><p>\u00a0<\/p><ul><li>Derni\u00e8re mise \u00e0 jour : 26 Juillet 2023<\/li><\/ul>\t\t\t\t\t\t\t\t<\/div>\n\t\t\t\t<\/div>\n\t\t\t\t\t<\/div>\n\t\t<\/div>\n\t\t\t\t\t<\/div>\n\t\t<\/section>\n\t\t\t\t<\/div>\n\t\t","protected":false},"excerpt":{"rendered":"<p>\u00a0 La pr\u00e9sente politique de confidentialit\u00e9 vise \u00e0 \u00e9claircir la mani\u00e8re dont vos informations personnelles sont collect\u00e9es et utilis\u00e9es par LogiCaisse.ma. \u00a0 Collecte et utilisation des informations \u00a0 Chez LogiCaisse.ma, nous attachons une grande importance \u00e0 la protection de vos donn\u00e9es personnelles. Lorsque vous utilisez notre service, nous pouvons vous demander de nous fournir certaines&#8230;<\/p>\n","protected":false},"author":1,"featured_media":0,"parent":0,"menu_order":0,"comment_status":"closed","ping_status":"closed","template":"","meta":{"_joinchat":[],"footnotes":""},"class_list":["post-92221","page","type-page","status-publish","hentry"],"yoast_head":"<!-- This site is optimized with the Yoast SEO plugin v25.6 - https:\/\/yoast.com\/wordpress\/plugins\/seo\/ -->\n<title>POLITIQUE DE CONFIDENTIALIT\u00c9 - Logicaisse<\/title>\n<meta name=\"robots\" content=\"index, follow, max-snippet:-1, max-image-preview:large, max-video-preview:-1\" \/>\n<link rel=\"canonical\" href=\"https:\/\/logicaisse.ma\/index.php\/politique-de-confidentialite-2\/\" \/>\n<meta property=\"og:locale\" content=\"fr_FR\" \/>\n<meta property=\"og:type\" content=\"article\" \/>\n<meta property=\"og:title\" content=\"POLITIQUE DE CONFIDENTIALIT\u00c9 - Logicaisse\" \/>\n<meta property=\"og:description\" content=\"\u00a0 La pr\u00e9sente politique de confidentialit\u00e9 vise \u00e0 \u00e9claircir la mani\u00e8re dont vos informations personnelles sont collect\u00e9es et utilis\u00e9es par LogiCaisse.ma. \u00a0 Collecte et utilisation des informations \u00a0 Chez LogiCaisse.ma, nous attachons une grande importance \u00e0 la protection de vos donn\u00e9es personnelles. Lorsque vous utilisez notre service, nous pouvons vous demander de nous fournir certaines...\" \/>\n<meta property=\"og:url\" content=\"https:\/\/logicaisse.ma\/index.php\/politique-de-confidentialite-2\/\" \/>\n<meta property=\"og:site_name\" content=\"Logicaisse\" \/>\n<meta property=\"article:publisher\" content=\"https:\/\/web.facebook.com\/logicaisse\/\" \/>\n<meta property=\"article:modified_time\" content=\"2023-07-26T18:37:14+00:00\" \/>\n<meta property=\"og:image\" content=\"https:\/\/logicaisse.ma\/wp-content\/uploads\/2023\/04\/logilogo-3.png\" \/>\n\t<meta property=\"og:image:width\" content=\"1022\" \/>\n\t<meta property=\"og:image:height\" content=\"305\" \/>\n\t<meta property=\"og:image:type\" content=\"image\/png\" \/>\n<meta name=\"twitter:card\" content=\"summary_large_image\" \/>\n<meta name=\"twitter:label1\" content=\"Dur\u00e9e de lecture estim\u00e9e\" \/>\n\t<meta name=\"twitter:data1\" content=\"2 minutes\" \/>\n<script type=\"application\/ld+json\" class=\"yoast-schema-graph\">{\"@context\":\"https:\/\/schema.org\",\"@graph\":[{\"@type\":\"WebPage\",\"@id\":\"https:\/\/logicaisse.ma\/index.php\/politique-de-confidentialite-2\/\",\"url\":\"https:\/\/logicaisse.ma\/index.php\/politique-de-confidentialite-2\/\",\"name\":\"POLITIQUE DE CONFIDENTIALIT\u00c9 - Logicaisse\",\"isPartOf\":{\"@id\":\"https:\/\/logicaisse.ma\/#website\"},\"datePublished\":\"2023-07-26T18:31:40+00:00\",\"dateModified\":\"2023-07-26T18:37:14+00:00\",\"breadcrumb\":{\"@id\":\"https:\/\/logicaisse.ma\/index.php\/politique-de-confidentialite-2\/#breadcrumb\"},\"inLanguage\":\"fr-FR\",\"potentialAction\":[{\"@type\":\"ReadAction\",\"target\":[\"https:\/\/logicaisse.ma\/index.php\/politique-de-confidentialite-2\/\"]}]},{\"@type\":\"BreadcrumbList\",\"@id\":\"https:\/\/logicaisse.ma\/index.php\/politique-de-confidentialite-2\/#breadcrumb\",\"itemListElement\":[{\"@type\":\"ListItem\",\"position\":1,\"name\":\"Accueil\",\"item\":\"https:\/\/logicaisse.ma\/\"},{\"@type\":\"ListItem\",\"position\":2,\"name\":\"POLITIQUE DE CONFIDENTIALIT\u00c9\"}]},{\"@type\":\"WebSite\",\"@id\":\"https:\/\/logicaisse.ma\/#website\",\"url\":\"https:\/\/logicaisse.ma\/\",\"name\":\"Logicaisse\",\"description\":\"Logiciel de Caisse et Gestion de Stock au Maroc\",\"publisher\":{\"@id\":\"https:\/\/logicaisse.ma\/#organization\"},\"alternateName\":\"Logicaisse Maroc\",\"potentialAction\":[{\"@type\":\"SearchAction\",\"target\":{\"@type\":\"EntryPoint\",\"urlTemplate\":\"https:\/\/logicaisse.ma\/?s={search_term_string}\"},\"query-input\":{\"@type\":\"PropertyValueSpecification\",\"valueRequired\":true,\"valueName\":\"search_term_string\"}}],\"inLanguage\":\"fr-FR\"},{\"@type\":\"Organization\",\"@id\":\"https:\/\/logicaisse.ma\/#organization\",\"name\":\"Logicaisse.ma\",\"alternateName\":\"LOGICAISSE\",\"url\":\"https:\/\/logicaisse.ma\/\",\"logo\":{\"@type\":\"ImageObject\",\"inLanguage\":\"fr-FR\",\"@id\":\"https:\/\/logicaisse.ma\/#\/schema\/logo\/image\/\",\"url\":\"https:\/\/logicaisse.ma\/wp-content\/uploads\/2023\/04\/logilogo-3.png\",\"contentUrl\":\"https:\/\/logicaisse.ma\/wp-content\/uploads\/2023\/04\/logilogo-3.png\",\"width\":1022,\"height\":305,\"caption\":\"Logicaisse.ma\"},\"image\":{\"@id\":\"https:\/\/logicaisse.ma\/#\/schema\/logo\/image\/\"},\"sameAs\":[\"https:\/\/web.facebook.com\/logicaisse\/\"]}]}<\/script>\n<!-- \/ Yoast SEO plugin. -->","yoast_head_json":{"title":"POLITIQUE DE CONFIDENTIALIT\u00c9 - Logicaisse","robots":{"index":"index","follow":"follow","max-snippet":"max-snippet:-1","max-image-preview":"max-image-preview:large","max-video-preview":"max-video-preview:-1"},"canonical":"https:\/\/logicaisse.ma\/index.php\/politique-de-confidentialite-2\/","og_locale":"fr_FR","og_type":"article","og_title":"POLITIQUE DE CONFIDENTIALIT\u00c9 - Logicaisse","og_description":"\u00a0 La pr\u00e9sente politique de confidentialit\u00e9 vise \u00e0 \u00e9claircir la mani\u00e8re dont vos informations personnelles sont collect\u00e9es et utilis\u00e9es par LogiCaisse.ma. \u00a0 Collecte et utilisation des informations \u00a0 Chez LogiCaisse.ma, nous attachons une grande importance \u00e0 la protection de vos donn\u00e9es personnelles. Lorsque vous utilisez notre service, nous pouvons vous demander de nous fournir certaines...","og_url":"https:\/\/logicaisse.ma\/index.php\/politique-de-confidentialite-2\/","og_site_name":"Logicaisse","article_publisher":"https:\/\/web.facebook.com\/logicaisse\/","article_modified_time":"2023-07-26T18:37:14+00:00","og_image":[{"width":1022,"height":305,"url":"https:\/\/logicaisse.ma\/wp-content\/uploads\/2023\/04\/logilogo-3.png","type":"image\/png"}],"twitter_card":"summary_large_image","twitter_misc":{"Dur\u00e9e de lecture estim\u00e9e":"2 minutes"},"schema":{"@context":"https:\/\/schema.org","@graph":[{"@type":"WebPage","@id":"https:\/\/logicaisse.ma\/index.php\/politique-de-confidentialite-2\/","url":"https:\/\/logicaisse.ma\/index.php\/politique-de-confidentialite-2\/","name":"POLITIQUE DE CONFIDENTIALIT\u00c9 - Logicaisse","isPartOf":{"@id":"https:\/\/logicaisse.ma\/#website"},"datePublished":"2023-07-26T18:31:40+00:00","dateModified":"2023-07-26T18:37:14+00:00","breadcrumb":{"@id":"https:\/\/logicaisse.ma\/index.php\/politique-de-confidentialite-2\/#breadcrumb"},"inLanguage":"fr-FR","potentialAction":[{"@type":"ReadAction","target":["https:\/\/logicaisse.ma\/index.php\/politique-de-confidentialite-2\/"]}]},{"@type":"BreadcrumbList","@id":"https:\/\/logicaisse.ma\/index.php\/politique-de-confidentialite-2\/#breadcrumb","itemListElement":[{"@type":"ListItem","position":1,"name":"Accueil","item":"https:\/\/logicaisse.ma\/"},{"@type":"ListItem","position":2,"name":"POLITIQUE DE CONFIDENTIALIT\u00c9"}]},{"@type":"WebSite","@id":"https:\/\/logicaisse.ma\/#website","url":"https:\/\/logicaisse.ma\/","name":"Logicaisse","description":"Logiciel de Caisse et Gestion de Stock au Maroc","publisher":{"@id":"https:\/\/logicaisse.ma\/#organization"},"alternateName":"Logicaisse Maroc","potentialAction":[{"@type":"SearchAction","target":{"@type":"EntryPoint","urlTemplate":"https:\/\/logicaisse.ma\/?s={search_term_string}"},"query-input":{"@type":"PropertyValueSpecification","valueRequired":true,"valueName":"search_term_string"}}],"inLanguage":"fr-FR"},{"@type":"Organization","@id":"https:\/\/logicaisse.ma\/#organization","name":"Logicaisse.ma","alternateName":"LOGICAISSE","url":"https:\/\/logicaisse.ma\/","logo":{"@type":"ImageObject","inLanguage":"fr-FR","@id":"https:\/\/logicaisse.ma\/#\/schema\/logo\/image\/","url":"https:\/\/logicaisse.ma\/wp-content\/uploads\/2023\/04\/logilogo-3.png","contentUrl":"https:\/\/logicaisse.ma\/wp-content\/uploads\/2023\/04\/logilogo-3.png","width":1022,"height":305,"caption":"Logicaisse.ma"},"image":{"@id":"https:\/\/logicaisse.ma\/#\/schema\/logo\/image\/"},"sameAs":["https:\/\/web.facebook.com\/logicaisse\/"]}]}},"_links":{"self":[{"href":"https:\/\/logicaisse.ma\/index.php\/wp-json\/wp\/v2\/pages\/92221","targetHints":{"allow":["GET"]}}],"collection":[{"href":"https:\/\/logicaisse.ma\/index.php\/wp-json\/wp\/v2\/pages"}],"about":[{"href":"https:\/\/logicaisse.ma\/index.php\/wp-json\/wp\/v2\/types\/page"}],"author":[{"embeddable":true,"href":"https:\/\/logicaisse.ma\/index.php\/wp-json\/wp\/v2\/users\/1"}],"replies":[{"embeddable":true,"href":"https:\/\/logicaisse.ma\/index.php\/wp-json\/wp\/v2\/comments?post=92221"}],"version-history":[{"count":3,"href":"https:\/\/logicaisse.ma\/index.php\/wp-json\/wp\/v2\/pages\/92221\/revisions"}],"predecessor-version":[{"id":92224,"href":"https:\/\/logicaisse.ma\/index.php\/wp-json\/wp\/v2\/pages\/92221\/revisions\/92224"}],"wp:attachment":[{"href":"https:\/\/logicaisse.ma\/index.php\/wp-json\/wp\/v2\/media?parent=92221"}],"curies":[{"name":"wp","href":"https:\/\/api.w.org\/{rel}","templated":true}]}}