{"id":78441,"date":"2023-04-07T05:55:56","date_gmt":"2023-04-07T05:55:56","guid":{"rendered":"http:\/\/192.168.0.130:10023\/?page_id=78441"},"modified":"2024-01-07T01:45:16","modified_gmt":"2024-01-07T00:45:16","slug":"contact","status":"publish","type":"page","link":"https:\/\/logicaisse.ma\/index.php\/contact\/","title":{"rendered":"Contact"},"content":{"rendered":"\t\t<div data-elementor-type=\"wp-page\" data-elementor-id=\"78441\" class=\"elementor elementor-78441\">\n\t\t\t\t\t\t<section class=\"default no-position elementor-section elementor-top-section elementor-element elementor-element-f0f4fc7 elementor-section-boxed elementor-section-height-default elementor-section-height-default\" data-id=\"f0f4fc7\" data-element_type=\"section\">\n\t\t\t\t\t\t<div class=\"elementor-container elementor-column-gap-default\">\n\t\t\t\t\t<div class=\"elementor-column elementor-col-50 elementor-top-column elementor-element elementor-element-4bf93db\" data-id=\"4bf93db\" data-element_type=\"column\">\n\t\t\t<div class=\"elementor-widget-wrap elementor-element-populated\">\n\t\t\t\t\t\t<div class=\"elementor-element elementor-element-ed9b646 elementor-widget elementor-widget-rs-heading\" data-id=\"ed9b646\" data-element_type=\"widget\" data-widget_type=\"rs-heading.default\">\n\t\t\t\t<div class=\"elementor-widget-container\">\n\t\t\t\t\t\n        <div class=\"prelements-heading default animate- <br \/>\n<b>Warning<\/b>:  Undefined array key \"align\" in <b>\/home\/u751539064\/domains\/logicaisse.ma\/public_html\/wp-content\/plugins\/rselements\/widgets\/heading\/heading.php<\/b> on line <b>1415<\/b><br \/>\n normal_color  subnormal_color dots_no subnormal_color\">\n        \t<div class=\"title-inner\">      \t\t\n\t            <h2 class=\"title\"><span class=\"watermark\"><\/span>Demandez votre\u200d d\u00e9mo Logicaisse<\/h2>\t\t\t\t\n\t\t\t\t\t        <\/div>\n\t                    \t<div class=\"description\">\n            \t\t            \t\t<p>Logicaisse : La Solution R\u00e9volutionnaire pour Votre Point de Vente et Gestion de Stock<\/p>  \n            \t<\/div>\n        \t        <\/div>\n        \t\t\t\t<\/div>\n\t\t\t\t<\/div>\n\t\t\t\t<section class=\"default no-position elementor-section elementor-inner-section elementor-element elementor-element-96af306 elementor-section-boxed elementor-section-height-default elementor-section-height-default\" data-id=\"96af306\" data-element_type=\"section\" data-settings=\"{&quot;background_background&quot;:&quot;classic&quot;}\">\n\t\t\t\t\t\t<div class=\"elementor-container elementor-column-gap-default\">\n\t\t\t\t\t<div class=\"elementor-column elementor-col-100 elementor-inner-column elementor-element elementor-element-e0843f9\" data-id=\"e0843f9\" data-element_type=\"column\">\n\t\t\t<div class=\"elementor-widget-wrap elementor-element-populated\">\n\t\t\t\t\t\t<div class=\"elementor-element elementor-element-78d83b1 elementor-widget elementor-widget-text-editor\" data-id=\"78d83b1\" data-element_type=\"widget\" data-widget_type=\"text-editor.default\">\n\t\t\t\t<div class=\"elementor-widget-container\">\n\t\t\t\t\t\t\t\t\t<p>\ud83d\uddf9 <strong>Optimisez Votre Gestion de Stock et Vos Ventes, Minimisez Vos Co\u00fbts, et G\u00e9rez Efficacement Votre Commerce avec Logicaisse.<\/strong><\/p><p>\ud83d\uddf9 <strong>B\u00e9n\u00e9ficiez d&rsquo;une d\u00e9monstration personnalis\u00e9e et d\u00e9couvrez comment Logicaisse peut transformer votre gestion commerciale d\u00e8s aujourd&rsquo;hui.<\/strong><\/p><p>\ud83d\uddf9 <strong>Rejoignez les nombreux commer\u00e7ants et \u00e9quipes qui font confiance \u00e0 Logicaisse pour une gestion simplifi\u00e9e et performante de leurs activit\u00e9s.<\/strong><\/p>\t\t\t\t\t\t\t\t<\/div>\n\t\t\t\t<\/div>\n\t\t\t\t\t<\/div>\n\t\t<\/div>\n\t\t\t\t\t<\/div>\n\t\t<\/section>\n\t\t\t\t<section class=\"default no-position elementor-section elementor-inner-section elementor-element elementor-element-7a3c807 elementor-section-boxed elementor-section-height-default elementor-section-height-default\" data-id=\"7a3c807\" data-element_type=\"section\" data-settings=\"{&quot;background_background&quot;:&quot;classic&quot;}\">\n\t\t\t\t\t\t<div class=\"elementor-container elementor-column-gap-default\">\n\t\t\t\t\t<div class=\"elementor-column elementor-col-50 elementor-inner-column elementor-element elementor-element-c0264ee\" data-id=\"c0264ee\" data-element_type=\"column\">\n\t\t\t<div class=\"elementor-widget-wrap elementor-element-populated\">\n\t\t\t\t\t\t<div class=\"elementor-element elementor-element-a5eaedf elementor-widget elementor-widget-rs-heading\" data-id=\"a5eaedf\" data-element_type=\"widget\" data-widget_type=\"rs-heading.default\">\n\t\t\t\t<div class=\"elementor-widget-container\">\n\t\t\t\t\t\n        <div class=\"prelements-heading default animate- <br \/>\n<b>Warning<\/b>:  Undefined array key \"align\" in <b>\/home\/u751539064\/domains\/logicaisse.ma\/public_html\/wp-content\/plugins\/rselements\/widgets\/heading\/heading.php<\/b> on line <b>1415<\/b><br \/>\n normal_color  subnormal_color dots_no subnormal_color\">\n        \t<div class=\"title-inner\">      \t\t\n\t            <h5 class=\"title\"><span class=\"watermark\"><\/span>Maroc<\/h5>\t\t\t\t\n\t\t\t\t\t        <\/div>\n\t                <\/div>\n        \t\t\t\t<\/div>\n\t\t\t\t<\/div>\n\t\t\t\t<div class=\"elementor-element elementor-element-b3c775c elementor-widget elementor-widget-rs-contact-box\" data-id=\"b3c775c\" data-element_type=\"widget\" data-widget_type=\"rs-contact-box.default\">\n\t\t\t\t<div class=\"elementor-widget-container\">\n\t\t\t\t\t\t\t\r\n\r\n\t\t<!-- Style 1 Start -->\r\n\t\t<div class=\"rs-contact-box\">\r\n\r\n\t\t\t\t\t\t<div class=\"address-item boxstyle2\">\r\n\r\n\t\t\t\t\t\t\t            <div class=\"address-icon icon_1 elementor-repeater-item-9322a28\">\r\n\t\t            \t<svg xmlns=\"http:\/\/www.w3.org\/2000\/svg\" viewBox=\"0 0 24 24\"><path d=\"M2 5L9 2L15 5L21.303 2.2987C21.5569 2.18992 21.8508 2.30749 21.9596 2.56131C21.9862 2.62355 22 2.69056 22 2.75827V19L15 22L9 19L2.69696 21.7013C2.44314 21.8101 2.14921 21.6925 2.04043 21.4387C2.01375 21.3765 2 21.3094 2 21.2417V5ZM16 19.3955L20 17.6812V5.03308L16 6.74736V19.3955ZM14 19.2639V6.73607L10 4.73607V17.2639L14 19.2639ZM8 17.2526V4.60451L4 6.31879V18.9669L8 17.2526Z\" fill=\"rgba(82,62,232,1)\"><\/path><\/svg>\t\t            <\/div>\r\n\t\t            \r\n\t\t            <div class=\"address-text\">\r\n\t\t            \t\t\t            \t<div class=\"text\">\r\n\t\t            \t\t\t\t            \t\t <span class=\"label\">Address<\/span>\r\n\t\t            \t\t\t\t            \t\t\t\t            \t\t<span class=\"des\">\r\n\t\t\t\t                CASABLANCA\t\t\t\t            <\/span>\r\n\t\t\t\t            \t\t\t            <\/div>\r\n\t\t\t       \t\t\t\t\t\t\t\t   \r\n\r\n\r\n\t\t            \t\t\t\t\t\t\t   \r\n\r\n\t\t            \t\t\t\t\t\t\t   \r\n\t\t            <\/div>\r\n\t\t\t\t\t<span class=\"des-right-icon\"><\/span>\r\n\t\t        <\/div>\r\n\t\t\t\t\t<\/div>\r\n\r\n\t<!-- Style 1 End -->\t\r\n\t\t\r\n\t\t\t\t\t<\/div>\n\t\t\t\t<\/div>\n\t\t\t\t\t<\/div>\n\t\t<\/div>\n\t\t\t\t<div class=\"elementor-column elementor-col-50 elementor-inner-column elementor-element elementor-element-1c2c418\" data-id=\"1c2c418\" data-element_type=\"column\">\n\t\t\t<div class=\"elementor-widget-wrap elementor-element-populated\">\n\t\t\t\t\t\t<div class=\"elementor-element elementor-element-c196006 rs__phone_lr elementor-widget elementor-widget-rs-contact-box\" data-id=\"c196006\" data-element_type=\"widget\" data-widget_type=\"rs-contact-box.default\">\n\t\t\t\t<div class=\"elementor-widget-container\">\n\t\t\t\t\t\t\t\r\n\r\n\t\t<!-- Style 1 Start -->\r\n\t\t<div class=\"rs-contact-box\">\r\n\r\n\t\t\t\t\t\t<div class=\"address-item boxstyle2\">\r\n\r\n\t\t\t\t\t\t\t            <div class=\"address-icon icon_1 elementor-repeater-item-9322a28\">\r\n\t\t            \t<svg xmlns=\"http:\/\/www.w3.org\/2000\/svg\" width=\"24\" height=\"24\" viewBox=\"0 0 24 24\" fill=\"none\" stroke=\"#523ee8\" stroke-width=\"2\" stroke-linecap=\"round\" stroke-linejoin=\"round\" class=\"feather feather-phone-call\"><path d=\"M15.05 5A5 5 0 0 1 19 8.95M15.05 1A9 9 0 0 1 23 8.94m-1 7.98v3a2 2 0 0 1-2.18 2 19.79 19.79 0 0 1-8.63-3.07 19.5 19.5 0 0 1-6-6 19.79 19.79 0 0 1-3.07-8.67A2 2 0 0 1 4.11 2h3a2 2 0 0 1 2 1.72 12.84 12.84 0 0 0 .7 2.81 2 2 0 0 1-.45 2.11L8.09 9.91a16 16 0 0 0 6 6l1.27-1.27a2 2 0 0 1 2.11-.45 12.84 12.84 0 0 0 2.81.7A2 2 0 0 1 22 16.92z\"><\/path><\/svg>\t\t            <\/div>\r\n\t\t            \r\n\t\t            <div class=\"address-text\">\r\n\t\t            \t\t\t            \t<div class=\"text\">\r\n\t\t            \t\t\t\t            \t\t <span class=\"label\">Tel<\/span>\r\n\t\t            \t\t\t\t            \t\t\t\t            \t\t<span class=\"des\">\r\n\t\t\t\t                +212 660626274\t\t\t\t            <\/span>\r\n\t\t\t\t            \t\t\t            <\/div>\r\n\t\t\t       \t\t\t\t\t\t\t\t   \r\n\r\n\r\n\t\t            \t\t\t\t\t\t\t   \r\n\r\n\t\t            \t\t\t\t\t\t\t   \r\n\t\t            <\/div>\r\n\t\t\t\t\t<span class=\"des-right-icon\"><\/span>\r\n\t\t        <\/div>\r\n\t\t\t\t\t\t\t<div class=\"address-item boxstyle2\">\r\n\r\n\t\t\t\t\t\t\t            <div class=\"address-icon icon_2 elementor-repeater-item-4934d5c\">\r\n\t\t            \t<svg xmlns=\"http:\/\/www.w3.org\/2000\/svg\" viewBox=\"0 0 24 24\"><path d=\"M21 3C21.5523 3 22 3.44772 22 4V20.0066C22 20.5552 21.5447 21 21.0082 21H2.9918C2.44405 21 2 20.5551 2 20.0066V19H20V7.3L12 14.5L2 5.5V4C2 3.44772 2.44772 3 3 3H21ZM8 15V17H0V15H8ZM5 10V12H0V10H5ZM19.5659 5H4.43414L12 11.8093L19.5659 5Z\" fill=\"rgba(82,62,232,1)\"><\/path><\/svg>\t\t            <\/div>\r\n\t\t            \r\n\t\t            <div class=\"address-text\">\r\n\t\t            \t\t\t            \t<div class=\"text\">\r\n\t\t            \t\t\t\t            \t\t <span class=\"label\">Email <\/span>\r\n\t\t            \t\t\t\t            \t\t\t\t            \t\t<span class=\"des\">\r\n\t\t\t\t                info@logicaisse.ma\t\t\t\t            <\/span>\r\n\t\t\t\t            \t\t\t            <\/div>\r\n\t\t\t       \t\t\t\t\t\t\t\t   \r\n\r\n\r\n\t\t            \t\t\t\t\t\t\t   \r\n\r\n\t\t            \t\t\t\t\t\t\t   \r\n\t\t            <\/div>\r\n\t\t\t\t\t<span class=\"des-right-icon\"><\/span>\r\n\t\t        <\/div>\r\n\t\t\t\t\t<\/div>\r\n\r\n\t<!-- Style 1 End -->\t\r\n\t\t\r\n\t\t\t\t\t<\/div>\n\t\t\t\t<\/div>\n\t\t\t\t\t<\/div>\n\t\t<\/div>\n\t\t\t\t\t<\/div>\n\t\t<\/section>\n\t\t\t\t\t<\/div>\n\t\t<\/div>\n\t\t\t\t<div class=\"elementor-column elementor-col-50 elementor-top-column elementor-element elementor-element-44e728f\" data-id=\"44e728f\" data-element_type=\"column\" data-settings=\"{&quot;background_background&quot;:&quot;classic&quot;}\">\n\t\t\t<div class=\"elementor-widget-wrap elementor-element-populated\">\n\t\t\t\t\t\t<div class=\"elementor-element elementor-element-712e216 elementor-widget elementor-widget-rs-heading\" data-id=\"712e216\" data-element_type=\"widget\" data-widget_type=\"rs-heading.default\">\n\t\t\t\t<div class=\"elementor-widget-container\">\n\t\t\t\t\t\n        <div class=\"prelements-heading default animate- <br \/>\n<b>Warning<\/b>:  Undefined array key \"align\" in <b>\/home\/u751539064\/domains\/logicaisse.ma\/public_html\/wp-content\/plugins\/rselements\/widgets\/heading\/heading.php<\/b> on line <b>1415<\/b><br \/>\n normal_color  subnormal_color dots_no subnormal_color\">\n        \t<div class=\"title-inner\">      \t\t\n\t            <h2 class=\"title\"><span class=\"watermark\"><\/span>Parlons du projet.<\/h2>\t\t\t\t\n\t\t\t\t\t        <\/div>\n\t                    \t<div class=\"description\">\n            \t\t            \t\t<p>Transformez vos id\u00e9es en r\u00e9alit\u00e9 avec notre solution POS innovante.<\/p>  \n            \t<\/div>\n        \t        <\/div>\n        \t\t\t\t<\/div>\n\t\t\t\t<\/div>\n\t\t\t\t<div class=\"elementor-element elementor-element-97dc10d elementor-widget elementor-widget-rs-cf7\" data-id=\"97dc10d\" data-element_type=\"widget\" data-widget_type=\"rs-cf7.default\">\n\t\t\t\t<div class=\"elementor-widget-container\">\n\t\t\t\t\t\n<div class=\"wpcf7 no-js\" id=\"wpcf7-f78596-o1\" lang=\"en-US\" dir=\"ltr\" data-wpcf7-id=\"78596\">\n<div class=\"screen-reader-response\"><p role=\"status\" aria-live=\"polite\" aria-atomic=\"true\"><\/p> <ul><\/ul><\/div>\n<form action=\"\/index.php\/wp-json\/wp\/v2\/pages\/78441#wpcf7-f78596-o1\" method=\"post\" class=\"wpcf7-form init\" aria-label=\"Contact form\" novalidate=\"novalidate\" data-status=\"init\">\n<fieldset class=\"hidden-fields-container\"><input type=\"hidden\" name=\"_wpcf7\" value=\"78596\" \/><input type=\"hidden\" name=\"_wpcf7_version\" value=\"6.1\" \/><input type=\"hidden\" name=\"_wpcf7_locale\" value=\"en_US\" \/><input type=\"hidden\" name=\"_wpcf7_unit_tag\" value=\"wpcf7-f78596-o1\" \/><input type=\"hidden\" name=\"_wpcf7_container_post\" value=\"0\" \/><input type=\"hidden\" name=\"_wpcf7_posted_data_hash\" value=\"\" \/>\n<\/fieldset>\n<div class=\"row gutter-20\">\n\t<div class=\"col-md-6\">\n\t\t<p><span class=\"wpcf7-form-control-wrap\" data-name=\"your-name\"><input size=\"40\" maxlength=\"400\" class=\"wpcf7-form-control wpcf7-text wpcf7-validates-as-required\" aria-required=\"true\" aria-invalid=\"false\" placeholder=\"Nom\" value=\"\" type=\"text\" name=\"your-name\" \/><\/span>\n\t\t<\/p>\n\t<\/div>\n\t<div class=\"col-md-6\">\n\t\t<p><span class=\"wpcf7-form-control-wrap\" data-name=\"your-email\"><input size=\"40\" maxlength=\"400\" class=\"wpcf7-form-control wpcf7-email wpcf7-validates-as-required wpcf7-text wpcf7-validates-as-email\" aria-required=\"true\" aria-invalid=\"false\" placeholder=\"Email professionnel\" value=\"\" type=\"email\" name=\"your-email\" \/><\/span>\n\t\t<\/p>\n\t<\/div>\n\t<div class=\"col-md-6\">\n\t\t<p><span class=\"wpcf7-form-control-wrap\" data-name=\"your-topic\"><input size=\"40\" maxlength=\"400\" class=\"wpcf7-form-control wpcf7-text wpcf7-validates-as-required\" aria-required=\"true\" aria-invalid=\"false\" placeholder=\"Votre titre (poste)\" value=\"\" type=\"text\" name=\"your-topic\" \/><\/span>\n\t\t<\/p>\n\t<\/div>\n\t<div class=\"col-md-6\">\n\t\t<p><span class=\"wpcf7-form-control-wrap\" data-name=\"your-phone\"><input size=\"40\" maxlength=\"400\" class=\"wpcf7-form-control wpcf7-text wpcf7-validates-as-required\" aria-required=\"true\" aria-invalid=\"false\" placeholder=\"Num\u00e9ro de t\u00e9l\u00e9phone\" value=\"\" type=\"text\" name=\"your-phone\" \/><\/span>\n\t\t<\/p>\n\t<\/div>\n\t<div class=\"col-md-12\">\n\t\t<p><span class=\"wpcf7-form-control-wrap\" data-name=\"your-message\"><textarea cols=\"40\" rows=\"10\" maxlength=\"2000\" class=\"wpcf7-form-control wpcf7-textarea wpcf7-validates-as-required\" aria-required=\"true\" aria-invalid=\"false\" placeholder=\"Message...\" name=\"your-message\"><\/textarea><\/span>\n\t\t<\/p>\n\t<\/div>\n\t<div class=\"col-md-12\">\n\t\t<div class=\"form-btn-area relate-arrow\">\n\t\t\t<p><span class=\"btn_area\"><input class=\"wpcf7-form-control wpcf7-submit has-spinner\" type=\"submit\" value=\"Envoyer Votre message\" \/><br \/>\n<i class=\"rs-arrrow light\"><\/i><\/span>\n\t\t\t<\/p>\n\t\t<\/div>\n\t<\/div>\n<\/div><div class=\"wpcf7-response-output\" aria-hidden=\"true\"><\/div>\n<\/form>\n<\/div>\n\t\t\t\t<\/div>\n\t\t\t\t<\/div>\n\t\t\t\t\t<\/div>\n\t\t<\/div>\n\t\t\t\t\t<\/div>\n\t\t<\/section>\n\t\t\t\t<\/div>\n\t\t","protected":false},"excerpt":{"rendered":"<p>Demandez votre\u200d d\u00e9mo Logicaisse Logicaisse : La Solution R\u00e9volutionnaire pour Votre Point de Vente et Gestion de Stock \ud83d\uddf9 Optimisez Votre Gestion de Stock et Vos Ventes, Minimisez Vos Co\u00fbts, et G\u00e9rez Efficacement Votre Commerce avec Logicaisse. \ud83d\uddf9 B\u00e9n\u00e9ficiez d&rsquo;une d\u00e9monstration personnalis\u00e9e et d\u00e9couvrez comment Logicaisse peut transformer votre gestion commerciale d\u00e8s aujourd&rsquo;hui. \ud83d\uddf9 Rejoignez&#8230;<\/p>\n","protected":false},"author":1,"featured_media":0,"parent":0,"menu_order":0,"comment_status":"closed","ping_status":"closed","template":"elementor_header_footer","meta":{"_joinchat":[],"footnotes":""},"class_list":["post-78441","page","type-page","status-publish","hentry"],"yoast_head":"<!-- This site is optimized with the Yoast SEO plugin v25.6 - https:\/\/yoast.com\/wordpress\/plugins\/seo\/ -->\n<title>Contact - Logicaisse<\/title>\n<meta name=\"robots\" content=\"index, follow, max-snippet:-1, max-image-preview:large, max-video-preview:-1\" \/>\n<link rel=\"canonical\" href=\"https:\/\/logicaisse.ma\/index.php\/contact\/\" \/>\n<meta property=\"og:locale\" content=\"fr_FR\" \/>\n<meta property=\"og:type\" content=\"article\" \/>\n<meta property=\"og:title\" content=\"Contact - Logicaisse\" \/>\n<meta property=\"og:description\" content=\"Demandez votre\u200d d\u00e9mo Logicaisse Logicaisse : La Solution R\u00e9volutionnaire pour Votre Point de Vente et Gestion de Stock \ud83d\uddf9 Optimisez Votre Gestion de Stock et Vos Ventes, Minimisez Vos Co\u00fbts, et G\u00e9rez Efficacement Votre Commerce avec Logicaisse. \ud83d\uddf9 B\u00e9n\u00e9ficiez d&rsquo;une d\u00e9monstration personnalis\u00e9e et d\u00e9couvrez comment Logicaisse peut transformer votre gestion commerciale d\u00e8s aujourd&rsquo;hui. \ud83d\uddf9 Rejoignez...\" \/>\n<meta property=\"og:url\" content=\"https:\/\/logicaisse.ma\/index.php\/contact\/\" \/>\n<meta property=\"og:site_name\" content=\"Logicaisse\" \/>\n<meta property=\"article:publisher\" content=\"https:\/\/web.facebook.com\/logicaisse\/\" \/>\n<meta property=\"article:modified_time\" content=\"2024-01-07T00:45:16+00:00\" \/>\n<meta property=\"og:image\" content=\"https:\/\/logicaisse.ma\/wp-content\/uploads\/2023\/04\/logilogo-3.png\" \/>\n\t<meta property=\"og:image:width\" content=\"1022\" \/>\n\t<meta property=\"og:image:height\" content=\"305\" \/>\n\t<meta property=\"og:image:type\" content=\"image\/png\" \/>\n<meta name=\"twitter:card\" content=\"summary_large_image\" \/>\n<meta name=\"twitter:label1\" content=\"Dur\u00e9e de lecture estim\u00e9e\" \/>\n\t<meta name=\"twitter:data1\" content=\"1 minute\" \/>\n<script type=\"application\/ld+json\" class=\"yoast-schema-graph\">{\"@context\":\"https:\/\/schema.org\",\"@graph\":[{\"@type\":\"WebPage\",\"@id\":\"https:\/\/logicaisse.ma\/index.php\/contact\/\",\"url\":\"https:\/\/logicaisse.ma\/index.php\/contact\/\",\"name\":\"Contact - Logicaisse\",\"isPartOf\":{\"@id\":\"https:\/\/logicaisse.ma\/#website\"},\"datePublished\":\"2023-04-07T05:55:56+00:00\",\"dateModified\":\"2024-01-07T00:45:16+00:00\",\"breadcrumb\":{\"@id\":\"https:\/\/logicaisse.ma\/index.php\/contact\/#breadcrumb\"},\"inLanguage\":\"fr-FR\",\"potentialAction\":[{\"@type\":\"ReadAction\",\"target\":[\"https:\/\/logicaisse.ma\/index.php\/contact\/\"]}]},{\"@type\":\"BreadcrumbList\",\"@id\":\"https:\/\/logicaisse.ma\/index.php\/contact\/#breadcrumb\",\"itemListElement\":[{\"@type\":\"ListItem\",\"position\":1,\"name\":\"Accueil\",\"item\":\"https:\/\/logicaisse.ma\/\"},{\"@type\":\"ListItem\",\"position\":2,\"name\":\"Contact\"}]},{\"@type\":\"WebSite\",\"@id\":\"https:\/\/logicaisse.ma\/#website\",\"url\":\"https:\/\/logicaisse.ma\/\",\"name\":\"Logicaisse\",\"description\":\"Logiciel de Caisse et Gestion de Stock au Maroc\",\"publisher\":{\"@id\":\"https:\/\/logicaisse.ma\/#organization\"},\"alternateName\":\"Logicaisse Maroc\",\"potentialAction\":[{\"@type\":\"SearchAction\",\"target\":{\"@type\":\"EntryPoint\",\"urlTemplate\":\"https:\/\/logicaisse.ma\/?s={search_term_string}\"},\"query-input\":{\"@type\":\"PropertyValueSpecification\",\"valueRequired\":true,\"valueName\":\"search_term_string\"}}],\"inLanguage\":\"fr-FR\"},{\"@type\":\"Organization\",\"@id\":\"https:\/\/logicaisse.ma\/#organization\",\"name\":\"Logicaisse.ma\",\"alternateName\":\"LOGICAISSE\",\"url\":\"https:\/\/logicaisse.ma\/\",\"logo\":{\"@type\":\"ImageObject\",\"inLanguage\":\"fr-FR\",\"@id\":\"https:\/\/logicaisse.ma\/#\/schema\/logo\/image\/\",\"url\":\"https:\/\/logicaisse.ma\/wp-content\/uploads\/2023\/04\/logilogo-3.png\",\"contentUrl\":\"https:\/\/logicaisse.ma\/wp-content\/uploads\/2023\/04\/logilogo-3.png\",\"width\":1022,\"height\":305,\"caption\":\"Logicaisse.ma\"},\"image\":{\"@id\":\"https:\/\/logicaisse.ma\/#\/schema\/logo\/image\/\"},\"sameAs\":[\"https:\/\/web.facebook.com\/logicaisse\/\"]}]}<\/script>\n<!-- \/ Yoast SEO plugin. -->","yoast_head_json":{"title":"Contact - Logicaisse","robots":{"index":"index","follow":"follow","max-snippet":"max-snippet:-1","max-image-preview":"max-image-preview:large","max-video-preview":"max-video-preview:-1"},"canonical":"https:\/\/logicaisse.ma\/index.php\/contact\/","og_locale":"fr_FR","og_type":"article","og_title":"Contact - Logicaisse","og_description":"Demandez votre\u200d d\u00e9mo Logicaisse Logicaisse : La Solution R\u00e9volutionnaire pour Votre Point de Vente et Gestion de Stock \ud83d\uddf9 Optimisez Votre Gestion de Stock et Vos Ventes, Minimisez Vos Co\u00fbts, et G\u00e9rez Efficacement Votre Commerce avec Logicaisse. \ud83d\uddf9 B\u00e9n\u00e9ficiez d&rsquo;une d\u00e9monstration personnalis\u00e9e et d\u00e9couvrez comment Logicaisse peut transformer votre gestion commerciale d\u00e8s aujourd&rsquo;hui. \ud83d\uddf9 Rejoignez...","og_url":"https:\/\/logicaisse.ma\/index.php\/contact\/","og_site_name":"Logicaisse","article_publisher":"https:\/\/web.facebook.com\/logicaisse\/","article_modified_time":"2024-01-07T00:45:16+00:00","og_image":[{"width":1022,"height":305,"url":"https:\/\/logicaisse.ma\/wp-content\/uploads\/2023\/04\/logilogo-3.png","type":"image\/png"}],"twitter_card":"summary_large_image","twitter_misc":{"Dur\u00e9e de lecture estim\u00e9e":"1 minute"},"schema":{"@context":"https:\/\/schema.org","@graph":[{"@type":"WebPage","@id":"https:\/\/logicaisse.ma\/index.php\/contact\/","url":"https:\/\/logicaisse.ma\/index.php\/contact\/","name":"Contact - Logicaisse","isPartOf":{"@id":"https:\/\/logicaisse.ma\/#website"},"datePublished":"2023-04-07T05:55:56+00:00","dateModified":"2024-01-07T00:45:16+00:00","breadcrumb":{"@id":"https:\/\/logicaisse.ma\/index.php\/contact\/#breadcrumb"},"inLanguage":"fr-FR","potentialAction":[{"@type":"ReadAction","target":["https:\/\/logicaisse.ma\/index.php\/contact\/"]}]},{"@type":"BreadcrumbList","@id":"https:\/\/logicaisse.ma\/index.php\/contact\/#breadcrumb","itemListElement":[{"@type":"ListItem","position":1,"name":"Accueil","item":"https:\/\/logicaisse.ma\/"},{"@type":"ListItem","position":2,"name":"Contact"}]},{"@type":"WebSite","@id":"https:\/\/logicaisse.ma\/#website","url":"https:\/\/logicaisse.ma\/","name":"Logicaisse","description":"Logiciel de Caisse et Gestion de Stock au Maroc","publisher":{"@id":"https:\/\/logicaisse.ma\/#organization"},"alternateName":"Logicaisse Maroc","potentialAction":[{"@type":"SearchAction","target":{"@type":"EntryPoint","urlTemplate":"https:\/\/logicaisse.ma\/?s={search_term_string}"},"query-input":{"@type":"PropertyValueSpecification","valueRequired":true,"valueName":"search_term_string"}}],"inLanguage":"fr-FR"},{"@type":"Organization","@id":"https:\/\/logicaisse.ma\/#organization","name":"Logicaisse.ma","alternateName":"LOGICAISSE","url":"https:\/\/logicaisse.ma\/","logo":{"@type":"ImageObject","inLanguage":"fr-FR","@id":"https:\/\/logicaisse.ma\/#\/schema\/logo\/image\/","url":"https:\/\/logicaisse.ma\/wp-content\/uploads\/2023\/04\/logilogo-3.png","contentUrl":"https:\/\/logicaisse.ma\/wp-content\/uploads\/2023\/04\/logilogo-3.png","width":1022,"height":305,"caption":"Logicaisse.ma"},"image":{"@id":"https:\/\/logicaisse.ma\/#\/schema\/logo\/image\/"},"sameAs":["https:\/\/web.facebook.com\/logicaisse\/"]}]}},"_links":{"self":[{"href":"https:\/\/logicaisse.ma\/index.php\/wp-json\/wp\/v2\/pages\/78441","targetHints":{"allow":["GET"]}}],"collection":[{"href":"https:\/\/logicaisse.ma\/index.php\/wp-json\/wp\/v2\/pages"}],"about":[{"href":"https:\/\/logicaisse.ma\/index.php\/wp-json\/wp\/v2\/types\/page"}],"author":[{"embeddable":true,"href":"https:\/\/logicaisse.ma\/index.php\/wp-json\/wp\/v2\/users\/1"}],"replies":[{"embeddable":true,"href":"https:\/\/logicaisse.ma\/index.php\/wp-json\/wp\/v2\/comments?post=78441"}],"version-history":[{"count":21,"href":"https:\/\/logicaisse.ma\/index.php\/wp-json\/wp\/v2\/pages\/78441\/revisions"}],"predecessor-version":[{"id":92574,"href":"https:\/\/logicaisse.ma\/index.php\/wp-json\/wp\/v2\/pages\/78441\/revisions\/92574"}],"wp:attachment":[{"href":"https:\/\/logicaisse.ma\/index.php\/wp-json\/wp\/v2\/media?parent=78441"}],"curies":[{"name":"wp","href":"https:\/\/api.w.org\/{rel}","templated":true}]}}